{"id":3,"date":"2022-03-14T10:09:56","date_gmt":"2022-03-14T13:09:56","guid":{"rendered":"http:\/\/loja.sedac-ma.com.br\/?page_id=3"},"modified":"2024-01-30T01:19:19","modified_gmt":"2024-01-30T04:19:19","slug":"politica-de-privacidade","status":"publish","type":"page","link":"https:\/\/loja.sedac-ma.com.br\/index.php\/politica-de-privacidade\/","title":{"rendered":"Pol\u00edtica de privacidade"},"content":{"rendered":"[vc_row][vc_column][vc_column_text]\n\n<p>A Loja pertence \u00e0 SEDAC &#8211; Servi\u00e7o de Evangeliza\u00e7\u00e3o e Discipulado de Crian\u00e7as e Pr\u00e9-adolescentes, que por sua vez \u00e9 um \u00f3rg\u00e3o da CEADEMA &#8211; Conven\u00e7\u00e3o Estadual das Assembleias de Deus no Maranh\u00e3o.\u00a0<\/p>\n\n\n<p>Ao acessar o nosso site, voc\u00ea concorda em cumprir e se sujeitar a estes termos e condi\u00e7\u00f5es, bem como \u00e0s leis e regulamentos aplic\u00e1veis. Caso n\u00e3o concorde com algum destes termos, voc\u00ea n\u00e3o est\u00e1 autorizado a usar ou acessar este site.<\/p>\n<p>A Loja SEDAC se responsabiliza pela qualidade e pela seguran\u00e7a dos produtos de produ\u00e7\u00e3o pr\u00f3pria, e oferece garantia contra defeitos de fabrica\u00e7\u00e3o por um per\u00edodo de 90 dias ap\u00f3s o recebimento. Caso o cliente identifique algum defeito no produto, deve entrar em contato com o nosso servi\u00e7o de atendimento ao cliente para solicitar a troca ou o reparo do produto, sem custo adicional. A garantia n\u00e3o cobre danos causados por mau uso, desgaste natural ou interven\u00e7\u00e3o de terceiros.<\/p>\n<p>A Loja SEDAC se reserva o direito de recusar ou cancelar qualquer pedido que apresente ind\u00edcios de fraude, falsifica\u00e7\u00e3o, m\u00e1-f\u00e9 ou viola\u00e7\u00e3o destes termos e condi\u00e7\u00f5es. A Loja SEDAC tamb\u00e9m se reserva o direito de suspender ou encerrar o acesso ao site de qualquer usu\u00e1rio que descumpra estes termos e condi\u00e7\u00f5es ou que pratique atos il\u00edcitos ou imorais.<\/p>\n<p>Estes termos e condi\u00e7\u00f5es s\u00e3o regidos pelas leis da Rep\u00fablica Federativa do Brasil. Qualquer disputa ou controv\u00e9rsia relacionada a estes termos e condi\u00e7\u00f5es ser\u00e1 submetida \u00e0 jurisdi\u00e7\u00e3o dos tribunais competentes.<\/p>\n<p>Em caso de d\u00favidas, sugest\u00f5es ou reclama\u00e7\u00f5es, entre em contato com o nosso servi\u00e7o de atendimento ao cliente pelo e-mail\u00a0<a href=\"http:\/\/sedacevangeliza%C3%A7%C3%A3o@gmail.com\/\" target=\"_blank\" rel=\"nofollow noopener\">sedacevangeliza\u00e7\u00e3o@gmail.com<\/a>\u00a0com o assunto do e-mail: Loja SEDAC reclama\u00e7\u00e3o, Loja SEDAC Atendimento e outros ou pelo telefone (98) 98126-0839. Estamos localizados na Av. Santos Dumont, 20 B \u2013 Anil<br \/>S\u00e3o Lu\u00eds \u2013 Maranh\u00e3o \u2013 Brasil CEP: 65046-660.<br \/>Estamos \u00e0 disposi\u00e7\u00e3o para atend\u00ea-lo da melhor forma poss\u00edvel.<\/p>\n<p>Atenciosamente,<\/p>\n<p>Equipe Loja SEDAC<\/p>\n[\/vc_column_text][\/vc_column][\/vc_row]\n","protected":false},"excerpt":{"rendered":"<p>[vc_row][vc_column][vc_column_text] A Loja pertence \u00e0 SEDAC &#8211; Servi\u00e7o de Evangeliza\u00e7\u00e3o e Discipulado de Crian\u00e7as e Pr\u00e9-adolescentes, que por sua vez \u00e9 um \u00f3rg\u00e3o da CEADEMA &#8211; Conven\u00e7\u00e3o Estadual das Assembleias de Deus no Maranh\u00e3o.\u00a0 Ao acessar o nosso site, voc\u00ea concorda em cumprir e se sujeitar a estes termos e condi\u00e7\u00f5es, bem como \u00e0s leis [&hellip;]<\/p>\n","protected":false},"author":1,"featured_media":0,"parent":0,"menu_order":0,"comment_status":"closed","ping_status":"open","template":"","meta":{"_monsterinsights_skip_tracking":false,"_monsterinsights_sitenote_active":false,"_monsterinsights_sitenote_note":"","_monsterinsights_sitenote_category":0,"footnotes":""},"class_list":["post-3","page","type-page","status-publish","hentry"],"aioseo_notices":[],"jetpack_sharing_enabled":true,"_links":{"self":[{"href":"https:\/\/loja.sedac-ma.com.br\/index.php\/wp-json\/wp\/v2\/pages\/3","targetHints":{"allow":["GET"]}}],"collection":[{"href":"https:\/\/loja.sedac-ma.com.br\/index.php\/wp-json\/wp\/v2\/pages"}],"about":[{"href":"https:\/\/loja.sedac-ma.com.br\/index.php\/wp-json\/wp\/v2\/types\/page"}],"author":[{"embeddable":true,"href":"https:\/\/loja.sedac-ma.com.br\/index.php\/wp-json\/wp\/v2\/users\/1"}],"replies":[{"embeddable":true,"href":"https:\/\/loja.sedac-ma.com.br\/index.php\/wp-json\/wp\/v2\/comments?post=3"}],"version-history":[{"count":1,"href":"https:\/\/loja.sedac-ma.com.br\/index.php\/wp-json\/wp\/v2\/pages\/3\/revisions"}],"predecessor-version":[{"id":5518,"href":"https:\/\/loja.sedac-ma.com.br\/index.php\/wp-json\/wp\/v2\/pages\/3\/revisions\/5518"}],"wp:attachment":[{"href":"https:\/\/loja.sedac-ma.com.br\/index.php\/wp-json\/wp\/v2\/media?parent=3"}],"curies":[{"name":"wp","href":"https:\/\/api.w.org\/{rel}","templated":true}]}}