{"id":5698,"date":"2019-10-03T07:59:25","date_gmt":"2019-10-03T10:59:25","guid":{"rendered":"https:\/\/loja.sedac-ma.com.br\/index.php\/about-us\/"},"modified":"2025-01-06T00:22:29","modified_gmt":"2025-01-06T03:22:29","slug":"sobre","status":"publish","type":"page","link":"https:\/\/loja.sedac-ma.com.br\/index.php\/sobre\/","title":{"rendered":"Sobre"},"content":{"rendered":"\t\t<div data-elementor-type=\"wp-page\" data-elementor-id=\"5698\" class=\"elementor elementor-5698\">\n\t\t\t\t\t\t<section class=\"elementor-section elementor-top-section elementor-element elementor-element-2fc2f7b elementor-section-content-middle elementor-reverse-mobile elementor-section-boxed elementor-section-height-default elementor-section-height-default\" data-id=\"2fc2f7b\" data-element_type=\"section\">\n\t\t\t\t\t\t<div class=\"elementor-container elementor-column-gap-default\">\n\t\t\t\t\t<div class=\"aux-parallax-section elementor-column elementor-col-100 elementor-top-column elementor-element elementor-element-09cb278\" data-id=\"09cb278\" data-element_type=\"column\">\n\t\t\t<div class=\"elementor-widget-wrap elementor-element-populated\">\n\t\t\t\t\t\t<div class=\"elementor-element elementor-element-5ffebb1 aux-appear-watch-animation aux-fade-in-up elementor-widget__width-initial elementor-widget elementor-widget-aux_modern_heading\" data-id=\"5ffebb1\" data-element_type=\"widget\" data-widget_type=\"aux_modern_heading.default\">\n\t\t\t\t<div class=\"elementor-widget-container\">\n\t\t\t\t\t<section class=\"aux-widget-modern-heading\">\n            <div class=\"aux-widget-inner\"><h2 class=\"aux-modern-heading-primary\"><\/h2><h3 class=\"aux-modern-heading-secondary\"><span class=\"aux-head-before\">Sobre o Sedac<\/span><\/h3><div class=\"aux-modern-heading-description\"><p><span class=\"CSS1Compat\">O Servi\u00e7o<\/span>\u00a0de Evangeliza\u00e7\u00e3o e Discipulado de Pr\u00e9-Adolescentes e Crian\u00e7as \u2013 SEDAC, \u00e9 um \u00f3rg\u00e3o executivo da Conven\u00e7\u00e3o Estadual das Igrejas Assembleias de Deus no Maranh\u00e3o \u2013 CEADEMA, criada para apoiar a igreja no que se refere a projetos e metodologias espec\u00edficas que possam resultar na salva\u00e7\u00e3o e no crescimento espiritual de Crian\u00e7as e Pr\u00e9-Adolescentes.<\/p><\/div><\/div>\n        <\/section>\t\t\t\t<\/div>\n\t\t\t\t<\/div>\n\t\t\t\t<div class=\"elementor-element elementor-element-98a493c aux-appear-watch-animation aux-fade-in-up elementor-widget elementor-widget-aux_button\" data-id=\"98a493c\" data-element_type=\"widget\" data-widget_type=\"aux_button.default\">\n\t\t\t\t<div class=\"elementor-widget-container\">\n\t\t\t\t\t<a  href=\"https:\/\/wa.me\/559881260839\" target=\"_self\"   class=\"aux-button aux-medium aux-carmine-pink aux-curve aux-none aux-uppercase\" ><span class=\"aux-overlay\"><\/span><span class=\"aux-text\">Fale conosco<\/span><\/a>\t\t\t\t<\/div>\n\t\t\t\t<\/div>\n\t\t\t\t\t<\/div>\n\t\t<\/div>\n\t\t\t\t\t<\/div>\n\t\t<\/section>\n\t\t\t\t<\/div>\n\t\t","protected":false},"excerpt":{"rendered":"<p>Sobre o Sedac O Servi\u00e7o\u00a0de Evangeliza\u00e7\u00e3o e Discipulado de Pr\u00e9-Adolescentes e Crian\u00e7as \u2013 SEDAC, \u00e9 um \u00f3rg\u00e3o executivo da Conven\u00e7\u00e3o Estadual das Igrejas Assembleias de Deus no Maranh\u00e3o \u2013 CEADEMA, criada para apoiar a igreja no que se refere a projetos e metodologias espec\u00edficas que possam resultar na salva\u00e7\u00e3o e no crescimento espiritual de Crian\u00e7as [&hellip;]<\/p>\n","protected":false},"author":3,"featured_media":0,"parent":0,"menu_order":0,"comment_status":"closed","ping_status":"closed","template":"templates\/page-builder-content.php","meta":{"_monsterinsights_skip_tracking":false,"_monsterinsights_sitenote_active":false,"_monsterinsights_sitenote_note":"","_monsterinsights_sitenote_category":0,"footnotes":""},"class_list":["post-5698","page","type-page","status-publish","hentry"],"aioseo_notices":[],"jetpack_sharing_enabled":true,"_links":{"self":[{"href":"https:\/\/loja.sedac-ma.com.br\/index.php\/wp-json\/wp\/v2\/pages\/5698","targetHints":{"allow":["GET"]}}],"collection":[{"href":"https:\/\/loja.sedac-ma.com.br\/index.php\/wp-json\/wp\/v2\/pages"}],"about":[{"href":"https:\/\/loja.sedac-ma.com.br\/index.php\/wp-json\/wp\/v2\/types\/page"}],"author":[{"embeddable":true,"href":"https:\/\/loja.sedac-ma.com.br\/index.php\/wp-json\/wp\/v2\/users\/3"}],"replies":[{"embeddable":true,"href":"https:\/\/loja.sedac-ma.com.br\/index.php\/wp-json\/wp\/v2\/comments?post=5698"}],"version-history":[{"count":13,"href":"https:\/\/loja.sedac-ma.com.br\/index.php\/wp-json\/wp\/v2\/pages\/5698\/revisions"}],"predecessor-version":[{"id":7276,"href":"https:\/\/loja.sedac-ma.com.br\/index.php\/wp-json\/wp\/v2\/pages\/5698\/revisions\/7276"}],"wp:attachment":[{"href":"https:\/\/loja.sedac-ma.com.br\/index.php\/wp-json\/wp\/v2\/media?parent=5698"}],"curies":[{"name":"wp","href":"https:\/\/api.w.org\/{rel}","templated":true}]}}