{"id":104,"date":"2022-03-28T11:07:00","date_gmt":"2022-03-28T14:07:00","guid":{"rendered":"https:\/\/loja.sedac-ma.com.br\/?post_type=product&#038;p=104"},"modified":"2024-01-15T14:01:48","modified_gmt":"2024-01-15T17:01:48","slug":"cd-para-download-completo-ebf-2021-viva-o-rei","status":"publish","type":"product","link":"https:\/\/loja.sedac-ma.com.br\/index.php\/produto\/cd-para-download-completo-ebf-2021-viva-o-rei\/","title":{"rendered":"CD para Download (Completo) &#8211; Viva O Rei!"},"content":{"rendered":"<div data-role=\"link\"><\/div>\n<div data-role=\"link\">Este CD cont\u00e9m 10 m\u00fasicas in\u00e9ditas de composi\u00e7\u00e3o da Mission\u00e1ria Suely Lima Chaves, este CD faz parte do Projeto EBF &#8211; Escola B\u00edblica de F\u00e9rias \u201cViva o Rei!\u201d, cujo Objetivo \u00e9 ganhar vidas para Cristo por meio da evangeliza\u00e7\u00e3o de meninos e meninas durante as f\u00e9rias escolares.<br \/>\nO CD que agora colocamos a sua disposi\u00e7\u00e3o \u00e9 o resultado do trabalho de discipulado e mentoria realizado no \u00e2mbito das Assembleias de Deus no estado do Maranh\u00e3o. Participa\u00e7\u00e3o especial: Pequenos Disc\u00edpulos 2020-2021.<\/div>\n<div data-role=\"link\"><\/div>\n<div class=\"field choice\" data-role=\"link\"><label class=\"label\" for=\"links_203\">1- ALIAN\u00c7A<\/label><\/div>\n<div class=\"field choice\" data-role=\"link\"><label class=\"label\" for=\"links_204\">2- BANDEIRA DO REI<\/label><\/div>\n<div class=\"field choice\" data-role=\"link\"><label class=\"label\" for=\"links_205\">3- BEM VINDOS<\/label><\/div>\n<div class=\"field choice\" data-role=\"link\"><label class=\"label\" for=\"links_206\">4- JESUS \u00c9 O REI, O REI ETERNO<\/label><\/div>\n<div class=\"field choice\" data-role=\"link\"><label class=\"label\" for=\"links_207\">5- PAI NOSSO<\/label><\/div>\n<div class=\"field choice\" data-role=\"link\"><label class=\"label\" for=\"links_208\">6- PALAVRA DO REI<\/label><\/div>\n<div class=\"field choice\" data-role=\"link\"><label class=\"label\" for=\"links_209\">7- SOY MISIONERO<\/label><\/div>\n<div class=\"field choice\" data-role=\"link\"><label class=\"label\" for=\"links_210\">8- VEM O REI DOS REIS TE CHAMA<\/label><\/div>\n<div class=\"field choice\" data-role=\"link\"><label class=\"label\" for=\"links_211\">9- VIVA O REI &#8211; OFICIAL<\/label><\/div>\n<div class=\"field choice\" data-role=\"link\"><label class=\"label\" for=\"links_212\">10- VIVA O REI, JESUS \u00c9 REI<\/label><\/div>\n","protected":false},"excerpt":{"rendered":"<p><strong>CD para Download (Completo) &#8211; Viva O Rei!<\/strong><\/p>\n<p>M\u00fasicas in\u00e9ditas para download.<br \/>\nArquivo totalmente digital.<br \/>\nAutor: Suely Lima<\/p>\n","protected":false},"featured_media":105,"comment_status":"open","ping_status":"closed","template":"","meta":{"_monsterinsights_skip_tracking":false,"_monsterinsights_sitenote_active":false,"_monsterinsights_sitenote_note":"","_monsterinsights_sitenote_category":0},"product_brand":[],"product_cat":[19,25],"product_tag":[],"class_list":{"0":"post-104","1":"product","2":"type-product","3":"status-publish","4":"has-post-thumbnail","6":"product_cat-ebf","7":"product_cat-musicas","9":"first","10":"instock","11":"downloadable","12":"taxable","13":"shipping-taxable","14":"purchasable","15":"product-type-simple"},"aioseo_notices":[],"jetpack_sharing_enabled":true,"_links":{"self":[{"href":"https:\/\/loja.sedac-ma.com.br\/index.php\/wp-json\/wp\/v2\/product\/104","targetHints":{"allow":["GET"]}}],"collection":[{"href":"https:\/\/loja.sedac-ma.com.br\/index.php\/wp-json\/wp\/v2\/product"}],"about":[{"href":"https:\/\/loja.sedac-ma.com.br\/index.php\/wp-json\/wp\/v2\/types\/product"}],"replies":[{"embeddable":true,"href":"https:\/\/loja.sedac-ma.com.br\/index.php\/wp-json\/wp\/v2\/comments?post=104"}],"version-history":[{"count":0,"href":"https:\/\/loja.sedac-ma.com.br\/index.php\/wp-json\/wp\/v2\/product\/104\/revisions"}],"wp:featuredmedia":[{"embeddable":true,"href":"https:\/\/loja.sedac-ma.com.br\/index.php\/wp-json\/wp\/v2\/media\/105"}],"wp:attachment":[{"href":"https:\/\/loja.sedac-ma.com.br\/index.php\/wp-json\/wp\/v2\/media?parent=104"}],"wp:term":[{"taxonomy":"product_brand","embeddable":true,"href":"https:\/\/loja.sedac-ma.com.br\/index.php\/wp-json\/wp\/v2\/product_brand?post=104"},{"taxonomy":"product_cat","embeddable":true,"href":"https:\/\/loja.sedac-ma.com.br\/index.php\/wp-json\/wp\/v2\/product_cat?post=104"},{"taxonomy":"product_tag","embeddable":true,"href":"https:\/\/loja.sedac-ma.com.br\/index.php\/wp-json\/wp\/v2\/product_tag?post=104"}],"curies":[{"name":"wp","href":"https:\/\/api.w.org\/{rel}","templated":true}]}}