{"id":146,"date":"2022-03-28T19:09:58","date_gmt":"2022-03-28T22:09:58","guid":{"rendered":"https:\/\/loja.sedac-ma.com.br\/?post_type=product&#038;p=146"},"modified":"2025-08-12T14:48:34","modified_gmt":"2025-08-12T17:48:34","slug":"cd-para-download-completo-jesus-me-faz-feliz-2","status":"publish","type":"product","link":"https:\/\/loja.sedac-ma.com.br\/index.php\/produto\/cd-para-download-completo-jesus-me-faz-feliz-2\/","title":{"rendered":"CD F\u00edsico (Completo) &#8211; Jesus me Faz Feliz"},"content":{"rendered":"<p>Este CD cont\u00e9m 13 m\u00fasicas in\u00e9ditas de composi\u00e7\u00e3o da Mission\u00e1ria Suely Lima Chaves, este CD faz parte do EBF &#8211; Escola B\u00edblica de F\u00e9rias \u201cJesus me Faz Feliz\u201d. A Felicidade \u00e9 o tema central desse trabalhoa felicidade de ser salvo, a felicidade de ter o nome escrito no livro da vida, a felicidade de servir na casa de Deus, a felicidade de sentir Sua presen\u00e7a, a felicidade que somente Jesus pode dar. Jesus trouxe felicidade para Levi, para Jairo e para Maria de Bet\u00e2nia. Mas como ele continua o mesmo, tamb\u00e9m pode trazer felicidade para todo aquele que se aproxima dEle com cora\u00e7\u00e3o humilde.<br \/>\nO CD acompanha livros com as letras das m\u00fasicas. O CD que agora colocamos a sua disposi\u00e7\u00e3o \u00e9 o resultado do trabalho de discipulado e mentoria realizado no \u00e2mbito das Assembleias de Deus no estado do Maranh\u00e3o. As crian\u00e7as que participaram de sua grava\u00e7\u00e3o, foram selecionadas a partir do concurso Musical \u201cPequenos Disc\u00edpulos\u201d.<br \/>\nM\u00fasicas deste CD:<br \/>\n1 \u2013 Vem pra EBF<br \/>\n2 \u2013 Gin\u00e1stica da Alegria<br \/>\n3 \u2013 B\u00edblia, tesouro<br \/>\n4 \u2013 Sauda\u00e7\u00e3o<br \/>\n5 \u2013 Jesus me faz feliz<br \/>\n6 \u2013 De tudo dono<br \/>\n7- Vou correr at\u00e9 Jesus<br \/>\n8 \u2013 Grato cora\u00e7\u00e3o<br \/>\n9 \u2013 Me ouve<br \/>\n10 \u2013 Bom \u00e9 ouvir a tua voz<br \/>\n11 \u2013 Nas m\u00e3os do bom Cristo<br \/>\n12 \u2013 Jesus, meu amigo<br \/>\n13 \u2013 Soldado diferente<\/p>\n","protected":false},"excerpt":{"rendered":"<p><strong>CD EBF (2017) \u2013 Jesus me faz Feliz + Caderno com letras das m\u00fasicas + Play Back.<\/strong><\/p>\n<p>Acabamento: Brochura<br \/>\nAutor: Suely Lima<br \/>\nIdioma: Portugu\u00eas<br \/>\nAno de Edi\u00e7\u00e3o: 2017<\/p>\n","protected":false},"featured_media":83,"comment_status":"open","ping_status":"closed","template":"","meta":{"_monsterinsights_skip_tracking":false,"_monsterinsights_sitenote_active":false,"_monsterinsights_sitenote_note":"","_monsterinsights_sitenote_category":0},"product_brand":[],"product_cat":[19,25],"product_tag":[],"class_list":{"0":"post-146","1":"product","2":"type-product","3":"status-publish","4":"has-post-thumbnail","6":"product_cat-ebf","7":"product_cat-musicas","9":"first","10":"onbackorder","11":"taxable","12":"shipping-taxable","13":"purchasable","14":"product-type-simple"},"aioseo_notices":[],"jetpack_sharing_enabled":true,"_links":{"self":[{"href":"https:\/\/loja.sedac-ma.com.br\/index.php\/wp-json\/wp\/v2\/product\/146","targetHints":{"allow":["GET"]}}],"collection":[{"href":"https:\/\/loja.sedac-ma.com.br\/index.php\/wp-json\/wp\/v2\/product"}],"about":[{"href":"https:\/\/loja.sedac-ma.com.br\/index.php\/wp-json\/wp\/v2\/types\/product"}],"replies":[{"embeddable":true,"href":"https:\/\/loja.sedac-ma.com.br\/index.php\/wp-json\/wp\/v2\/comments?post=146"}],"version-history":[{"count":0,"href":"https:\/\/loja.sedac-ma.com.br\/index.php\/wp-json\/wp\/v2\/product\/146\/revisions"}],"wp:featuredmedia":[{"embeddable":true,"href":"https:\/\/loja.sedac-ma.com.br\/index.php\/wp-json\/wp\/v2\/media\/83"}],"wp:attachment":[{"href":"https:\/\/loja.sedac-ma.com.br\/index.php\/wp-json\/wp\/v2\/media?parent=146"}],"wp:term":[{"taxonomy":"product_brand","embeddable":true,"href":"https:\/\/loja.sedac-ma.com.br\/index.php\/wp-json\/wp\/v2\/product_brand?post=146"},{"taxonomy":"product_cat","embeddable":true,"href":"https:\/\/loja.sedac-ma.com.br\/index.php\/wp-json\/wp\/v2\/product_cat?post=146"},{"taxonomy":"product_tag","embeddable":true,"href":"https:\/\/loja.sedac-ma.com.br\/index.php\/wp-json\/wp\/v2\/product_tag?post=146"}],"curies":[{"name":"wp","href":"https:\/\/api.w.org\/{rel}","templated":true}]}}