{"id":182,"date":"2022-03-28T14:40:31","date_gmt":"2022-03-28T17:40:31","guid":{"rendered":"https:\/\/loja.sedac-ma.com.br\/?post_type=product&#038;p=182"},"modified":"2025-05-28T13:06:57","modified_gmt":"2025-05-28T16:06:57","slug":"folheto-estas-con-miedo-100-pecas","status":"publish","type":"product","link":"https:\/\/loja.sedac-ma.com.br\/index.php\/produto\/folheto-estas-con-miedo-100-pecas\/","title":{"rendered":"Folheto Espanhol \u00bfEst\u00e1s Con Miedo? &#8211; 100 unidades"},"content":{"rendered":"<p><strong>Folheto Espanhol \u00bfEst\u00e1s Con Miedo?.<\/strong><\/p>\n<p>Folheto Evangel\u00edstico Infantojuvenil: Espanhol \u00bfEst\u00e1s Con Miedo?<br \/>\nUm excelente material para a evangeliza\u00e7\u00e3o de crian\u00e7as e pr\u00e9-adolescente.<\/p>\n<p>Um material que n\u00e3o pode faltar na evangeliza\u00e7\u00e3o dos\u00a0 pequeninos!<\/p>\n<p>Conhe\u00e7a todos os nossos folhetos!<\/p>\n","protected":false},"excerpt":{"rendered":"<p><strong>Folheto Espanhol \u00bfEst\u00e1s Con Miedo?<\/strong><\/p>\n<p>Quantidade: 100 unidades.<br \/>\nCor: Preto.<br \/>\nT\u00edtulo do folheto: \u00bfEst\u00e1s Con Miedo?<br \/>\nTamanho: 21cm x 15cm.<\/p>\n","protected":false},"featured_media":183,"comment_status":"open","ping_status":"closed","template":"","meta":{"_monsterinsights_skip_tracking":false,"_monsterinsights_sitenote_active":false,"_monsterinsights_sitenote_note":"","_monsterinsights_sitenote_category":0},"product_brand":[],"product_cat":[20],"product_tag":[],"class_list":{"0":"post-182","1":"product","2":"type-product","3":"status-publish","4":"has-post-thumbnail","6":"product_cat-evangelizacao","8":"first","9":"onbackorder","10":"featured","11":"taxable","12":"shipping-taxable","13":"purchasable","14":"product-type-simple"},"aioseo_notices":[],"jetpack_sharing_enabled":true,"_links":{"self":[{"href":"https:\/\/loja.sedac-ma.com.br\/index.php\/wp-json\/wp\/v2\/product\/182","targetHints":{"allow":["GET"]}}],"collection":[{"href":"https:\/\/loja.sedac-ma.com.br\/index.php\/wp-json\/wp\/v2\/product"}],"about":[{"href":"https:\/\/loja.sedac-ma.com.br\/index.php\/wp-json\/wp\/v2\/types\/product"}],"replies":[{"embeddable":true,"href":"https:\/\/loja.sedac-ma.com.br\/index.php\/wp-json\/wp\/v2\/comments?post=182"}],"version-history":[{"count":1,"href":"https:\/\/loja.sedac-ma.com.br\/index.php\/wp-json\/wp\/v2\/product\/182\/revisions"}],"predecessor-version":[{"id":6186,"href":"https:\/\/loja.sedac-ma.com.br\/index.php\/wp-json\/wp\/v2\/product\/182\/revisions\/6186"}],"wp:featuredmedia":[{"embeddable":true,"href":"https:\/\/loja.sedac-ma.com.br\/index.php\/wp-json\/wp\/v2\/media\/183"}],"wp:attachment":[{"href":"https:\/\/loja.sedac-ma.com.br\/index.php\/wp-json\/wp\/v2\/media?parent=182"}],"wp:term":[{"taxonomy":"product_brand","embeddable":true,"href":"https:\/\/loja.sedac-ma.com.br\/index.php\/wp-json\/wp\/v2\/product_brand?post=182"},{"taxonomy":"product_cat","embeddable":true,"href":"https:\/\/loja.sedac-ma.com.br\/index.php\/wp-json\/wp\/v2\/product_cat?post=182"},{"taxonomy":"product_tag","embeddable":true,"href":"https:\/\/loja.sedac-ma.com.br\/index.php\/wp-json\/wp\/v2\/product_tag?post=182"}],"curies":[{"name":"wp","href":"https:\/\/api.w.org\/{rel}","templated":true}]}}