{"id":185,"date":"2022-03-28T14:52:55","date_gmt":"2022-03-28T17:52:55","guid":{"rendered":"https:\/\/loja.sedac-ma.com.br\/?post_type=product&#038;p=185"},"modified":"2024-02-19T14:12:33","modified_gmt":"2024-02-19T17:12:33","slug":"folheto-eu-descobri-a-verdade-100-unidades","status":"publish","type":"product","link":"https:\/\/loja.sedac-ma.com.br\/index.php\/produto\/folheto-eu-descobri-a-verdade-100-unidades\/","title":{"rendered":"Folheto Eu Descobri a Verdade &#8211; 100 unidades"},"content":{"rendered":"<p><strong>Folheto Eu Descobri a Verdade.<\/strong><\/p>\n<p>Folheto Evangel\u00edstico Infantojuvenil: Eu Descobri a Verdade.<br \/>\nUm excelente material para a evangeliza\u00e7\u00e3o de crian\u00e7as e pr\u00e9-adolescente.<\/p>\n<p>Um material que n\u00e3o pode faltar na evangeliza\u00e7\u00e3o dos\u00a0 pequeninos!<\/p>\n<p>Conhe\u00e7a todos os nossos folhetos!<\/p>\n","protected":false},"excerpt":{"rendered":"<p><strong>Folheto Eu Descobri a Verdade.<\/strong><\/p>\n<p>Quantidade: 100 unidades.<br \/>\nT\u00edtulo do folheto: Eu Descobri a Verdade.<\/p>\n","protected":false},"featured_media":186,"comment_status":"open","ping_status":"closed","template":"","meta":{"_monsterinsights_skip_tracking":false,"_monsterinsights_sitenote_active":false,"_monsterinsights_sitenote_note":"","_monsterinsights_sitenote_category":0},"product_brand":[],"product_cat":[20],"product_tag":[],"class_list":{"0":"post-185","1":"product","2":"type-product","3":"status-publish","4":"has-post-thumbnail","6":"product_cat-evangelizacao","8":"first","9":"onbackorder","10":"taxable","11":"shipping-taxable","12":"purchasable","13":"product-type-simple"},"aioseo_notices":[],"jetpack_sharing_enabled":true,"_links":{"self":[{"href":"https:\/\/loja.sedac-ma.com.br\/index.php\/wp-json\/wp\/v2\/product\/185","targetHints":{"allow":["GET"]}}],"collection":[{"href":"https:\/\/loja.sedac-ma.com.br\/index.php\/wp-json\/wp\/v2\/product"}],"about":[{"href":"https:\/\/loja.sedac-ma.com.br\/index.php\/wp-json\/wp\/v2\/types\/product"}],"replies":[{"embeddable":true,"href":"https:\/\/loja.sedac-ma.com.br\/index.php\/wp-json\/wp\/v2\/comments?post=185"}],"version-history":[{"count":1,"href":"https:\/\/loja.sedac-ma.com.br\/index.php\/wp-json\/wp\/v2\/product\/185\/revisions"}],"predecessor-version":[{"id":6188,"href":"https:\/\/loja.sedac-ma.com.br\/index.php\/wp-json\/wp\/v2\/product\/185\/revisions\/6188"}],"wp:featuredmedia":[{"embeddable":true,"href":"https:\/\/loja.sedac-ma.com.br\/index.php\/wp-json\/wp\/v2\/media\/186"}],"wp:attachment":[{"href":"https:\/\/loja.sedac-ma.com.br\/index.php\/wp-json\/wp\/v2\/media?parent=185"}],"wp:term":[{"taxonomy":"product_brand","embeddable":true,"href":"https:\/\/loja.sedac-ma.com.br\/index.php\/wp-json\/wp\/v2\/product_brand?post=185"},{"taxonomy":"product_cat","embeddable":true,"href":"https:\/\/loja.sedac-ma.com.br\/index.php\/wp-json\/wp\/v2\/product_cat?post=185"},{"taxonomy":"product_tag","embeddable":true,"href":"https:\/\/loja.sedac-ma.com.br\/index.php\/wp-json\/wp\/v2\/product_tag?post=185"}],"curies":[{"name":"wp","href":"https:\/\/api.w.org\/{rel}","templated":true}]}}