{"id":189,"date":"2022-03-28T15:09:51","date_gmt":"2022-03-28T18:09:51","guid":{"rendered":"https:\/\/loja.sedac-ma.com.br\/?post_type=product&#038;p=189"},"modified":"2024-02-19T14:01:44","modified_gmt":"2024-02-19T17:01:44","slug":"folheto-procurando-um-bom-amigo-100-unidades","status":"publish","type":"product","link":"https:\/\/loja.sedac-ma.com.br\/index.php\/produto\/folheto-procurando-um-bom-amigo-100-unidades\/","title":{"rendered":"Folheto Procurando um Bom Amigo &#8211; 100 Unidades"},"content":{"rendered":"<p><strong>Folheto Procurando um Bom Amigo.<\/strong><\/p>\n<p>Folheto Evangel\u00edstico Infantojuvenil: Procurando um Bom Amigo.<br \/>\nUm excelente material para a evangeliza\u00e7\u00e3o de crian\u00e7as e pr\u00e9-adolescente.<\/p>\n<p>Um material que n\u00e3o pode faltar na evangeliza\u00e7\u00e3o dos\u00a0 pequeninos!<\/p>\n<p>Conhe\u00e7a todos os nossos folhetos!<\/p>\n","protected":false},"excerpt":{"rendered":"<p><strong>Folheto Um Presente para Deus.<\/strong><\/p>\n<p>Quantidade: 100 unidades.<br \/>\nCor: Azul.<br \/>\nT\u00edtulo do folheto: Um presenta para Deus.<br \/>\nTamanho: 21cm x 15cm.<\/p>\n","protected":false},"featured_media":191,"comment_status":"open","ping_status":"closed","template":"","meta":{"_monsterinsights_skip_tracking":false,"_monsterinsights_sitenote_active":false,"_monsterinsights_sitenote_note":"","_monsterinsights_sitenote_category":0},"product_brand":[],"product_cat":[20],"product_tag":[],"class_list":{"0":"post-189","1":"product","2":"type-product","3":"status-publish","4":"has-post-thumbnail","6":"product_cat-evangelizacao","8":"first","9":"onbackorder","10":"taxable","11":"shipping-taxable","12":"purchasable","13":"product-type-simple"},"aioseo_notices":[],"jetpack_sharing_enabled":true,"_links":{"self":[{"href":"https:\/\/loja.sedac-ma.com.br\/index.php\/wp-json\/wp\/v2\/product\/189","targetHints":{"allow":["GET"]}}],"collection":[{"href":"https:\/\/loja.sedac-ma.com.br\/index.php\/wp-json\/wp\/v2\/product"}],"about":[{"href":"https:\/\/loja.sedac-ma.com.br\/index.php\/wp-json\/wp\/v2\/types\/product"}],"replies":[{"embeddable":true,"href":"https:\/\/loja.sedac-ma.com.br\/index.php\/wp-json\/wp\/v2\/comments?post=189"}],"version-history":[{"count":1,"href":"https:\/\/loja.sedac-ma.com.br\/index.php\/wp-json\/wp\/v2\/product\/189\/revisions"}],"predecessor-version":[{"id":6187,"href":"https:\/\/loja.sedac-ma.com.br\/index.php\/wp-json\/wp\/v2\/product\/189\/revisions\/6187"}],"wp:featuredmedia":[{"embeddable":true,"href":"https:\/\/loja.sedac-ma.com.br\/index.php\/wp-json\/wp\/v2\/media\/191"}],"wp:attachment":[{"href":"https:\/\/loja.sedac-ma.com.br\/index.php\/wp-json\/wp\/v2\/media?parent=189"}],"wp:term":[{"taxonomy":"product_brand","embeddable":true,"href":"https:\/\/loja.sedac-ma.com.br\/index.php\/wp-json\/wp\/v2\/product_brand?post=189"},{"taxonomy":"product_cat","embeddable":true,"href":"https:\/\/loja.sedac-ma.com.br\/index.php\/wp-json\/wp\/v2\/product_cat?post=189"},{"taxonomy":"product_tag","embeddable":true,"href":"https:\/\/loja.sedac-ma.com.br\/index.php\/wp-json\/wp\/v2\/product_tag?post=189"}],"curies":[{"name":"wp","href":"https:\/\/api.w.org\/{rel}","templated":true}]}}