{"id":217,"date":"2022-03-28T19:20:23","date_gmt":"2022-03-28T22:20:23","guid":{"rendered":"https:\/\/loja.sedac-ma.com.br\/?post_type=product&#038;p=217"},"modified":"2025-08-12T14:59:30","modified_gmt":"2025-08-12T17:59:30","slug":"sou-salvo-e-agora-subsidio-do-discipulador","status":"publish","type":"product","link":"https:\/\/loja.sedac-ma.com.br\/index.php\/produto\/sou-salvo-e-agora-subsidio-do-discipulador\/","title":{"rendered":"Sou Salvo e Agora? &#8211; Subs\u00eddio do Discipulador"},"content":{"rendered":"<p>Sou Salvo e Agora?<\/p>\n<p>N\u00f3s fomos chamados a fazer disc\u00edpulos. Portanto, nossa miss\u00e3o vai al\u00e9m da prega\u00e7\u00e3o do evangelho &#8211; ela \u00e9 tamb\u00e9m o cuidado com os novos crentes, sua inser\u00e7\u00e3o no seio da fam\u00edlia de Deus e seu treinamento!<br \/>\nO Discipulado \u00e9 a ferramenta dada por Jesus para o fortalecimento e o crescimento de Sua igreja.<br \/>\nEste \u00e9 um curso de discipulado, portanto, seu foco n\u00e3o \u00e9 ministra\u00e7\u00e3o atrav\u00e9s de hist\u00f3rias b\u00edblicas e sim do ensino dirigido.<br \/>\nEste \u00e9 o subs\u00eddio do professor onde voc\u00ea encontrar\u00e1 os planos de aulas das 12 li\u00e7\u00f5es do discipulado Sou Salvo e Agora?<br \/>\nAo adquirir esse material voc\u00ea ir\u00e1 receber tamb\u00e9m todos os moldes de todas as 12 li\u00e7\u00f5es, por e-mail,\u00a0 para reprodu\u00e7\u00e3o dos recursos referente \u00e0s mesmas.<\/p>\n<p>Um excelente material para o Discipulado Infantojuvenil!<\/p>\n<p>Este livro cont\u00e9m doze (12) li\u00e7\u00f5es b\u00edblicas que ajudar\u00e1 voc\u00ea a caminha com Deus. Ao final da leitura deste livro voc\u00ea se sentir\u00e1 mais seguro de sua f\u00e9, pronto para viver uma nova vida e compartilhar o evangelho de Cristo com seus colegas e sua fam\u00edlia.<br \/>\nOs temas das li\u00e7\u00f5es s\u00e3o:<br \/>\nLi\u00e7\u00e3o 01: Agora voc\u00ea tem uma nova via!<br \/>\nLi\u00e7\u00e3o 02: Agora voc\u00ea \u00e9 filho(a) de Deus!<br \/>\nLi\u00e7\u00e3o 03: Agora voc\u00ea \u00e9 diferente!<br \/>\nLi\u00e7\u00e3o 04: Agora voc\u00ea pode falar com Deus diretamente atrav\u00e9s da Ora\u00e7\u00e3o!<br \/>\nLi\u00e7\u00e3o 05: Agora voc\u00ea tem o mapa do caminho &#8211; a B\u00edblia!<br \/>\nLi\u00e7\u00e3o 06: Agora voc\u00ea precisa obedecer aos mandamentos de Deus!<br \/>\nLi\u00e7\u00e3o 07: Agora voc\u00ea tem uma nova fam\u00edlia \u2013 a Igreja!<br \/>\nLi\u00e7\u00e3o 08: Agora voc\u00ea pode Crescer!<br \/>\nLi\u00e7\u00e3o 09: Agora voc\u00ea pode adorar a Deus!<br \/>\nLi\u00e7\u00e3o 10: Agora voc\u00ea pode Adorar a Deus com seus dons!<br \/>\nLi\u00e7\u00e3o 11: Agora deixe que todos vejam Deus em voc\u00ea!<br \/>\nLi\u00e7\u00e3o 12: Agora voc\u00ea precisa permanecer firme!<\/p>\n","protected":false},"excerpt":{"rendered":"<p><strong>Livro Subs\u00eddio do Discipulador <\/strong><\/p>\n<p>P\u00e1ginas: 12<\/p>\n<p>Acabamento: Brochura<\/p>\n<p>Autor: Suely Lima<\/p>\n<p>Idioma: Portugu\u00eas<\/p>\n<p>Ano de Edi\u00e7\u00e3o: 2015<\/p>\n","protected":false},"featured_media":213,"comment_status":"open","ping_status":"closed","template":"","meta":{"_monsterinsights_skip_tracking":false,"_monsterinsights_sitenote_active":false,"_monsterinsights_sitenote_note":"","_monsterinsights_sitenote_category":0},"product_brand":[],"product_cat":[21],"product_tag":[],"class_list":{"0":"post-217","1":"product","2":"type-product","3":"status-publish","4":"has-post-thumbnail","6":"product_cat-discipulado","8":"first","9":"onbackorder","10":"taxable","11":"shipping-taxable","12":"purchasable","13":"product-type-simple"},"aioseo_notices":[],"jetpack_sharing_enabled":true,"_links":{"self":[{"href":"https:\/\/loja.sedac-ma.com.br\/index.php\/wp-json\/wp\/v2\/product\/217","targetHints":{"allow":["GET"]}}],"collection":[{"href":"https:\/\/loja.sedac-ma.com.br\/index.php\/wp-json\/wp\/v2\/product"}],"about":[{"href":"https:\/\/loja.sedac-ma.com.br\/index.php\/wp-json\/wp\/v2\/types\/product"}],"replies":[{"embeddable":true,"href":"https:\/\/loja.sedac-ma.com.br\/index.php\/wp-json\/wp\/v2\/comments?post=217"}],"version-history":[{"count":2,"href":"https:\/\/loja.sedac-ma.com.br\/index.php\/wp-json\/wp\/v2\/product\/217\/revisions"}],"predecessor-version":[{"id":7399,"href":"https:\/\/loja.sedac-ma.com.br\/index.php\/wp-json\/wp\/v2\/product\/217\/revisions\/7399"}],"wp:featuredmedia":[{"embeddable":true,"href":"https:\/\/loja.sedac-ma.com.br\/index.php\/wp-json\/wp\/v2\/media\/213"}],"wp:attachment":[{"href":"https:\/\/loja.sedac-ma.com.br\/index.php\/wp-json\/wp\/v2\/media?parent=217"}],"wp:term":[{"taxonomy":"product_brand","embeddable":true,"href":"https:\/\/loja.sedac-ma.com.br\/index.php\/wp-json\/wp\/v2\/product_brand?post=217"},{"taxonomy":"product_cat","embeddable":true,"href":"https:\/\/loja.sedac-ma.com.br\/index.php\/wp-json\/wp\/v2\/product_cat?post=217"},{"taxonomy":"product_tag","embeddable":true,"href":"https:\/\/loja.sedac-ma.com.br\/index.php\/wp-json\/wp\/v2\/product_tag?post=217"}],"curies":[{"name":"wp","href":"https:\/\/api.w.org\/{rel}","templated":true}]}}