{"id":220,"date":"2022-03-28T22:50:22","date_gmt":"2022-03-29T01:50:22","guid":{"rendered":"https:\/\/loja.sedac-ma.com.br\/?post_type=product&#038;p=220"},"modified":"2024-02-20T00:11:43","modified_gmt":"2024-02-20T03:11:43","slug":"kit-guardo-no-coracao","status":"publish","type":"product","link":"https:\/\/loja.sedac-ma.com.br\/index.php\/produto\/kit-guardo-no-coracao\/","title":{"rendered":"Kit Guardo no Cora\u00e7\u00e3o"},"content":{"rendered":"<p><strong>Kit Guardo no Cora\u00e7\u00e3o.<\/strong><\/p>\n<p>Tudo o que sabemos sobre Deus e Seu plano de salva\u00e7\u00e3o chegou at\u00e9 n\u00f3s atrav\u00e9s da B\u00edblia. Por isso, ela \u00e9 muito mais do um livro &#8211; \u00e9 o livro perfeito! O livro para toda a humanidade! Assim memorizar a palavra de Deus n\u00e3o \u00e9 uma op\u00e7\u00e3o para n\u00f3s, crentes em Cristo, \u00e9 uma mandamento &#8211; uma necessidade.<br \/>\nO Kit possui 27 devocionais com 27 vers\u00edculos, inclusive musicalizados, cujo o objetivo \u00e9 ajudar a nova gera\u00e7\u00e3o de crentes em Cristo a memorizar vers\u00edculos b\u00edblicos.<\/p>\n<p>Materiais do Kit:<br \/>\n1 Devocional do Aluno<br \/>\n1 Devocional do Professor<br \/>\n10 Planos de Leitura<\/p>\n","protected":false},"excerpt":{"rendered":"<p><strong>Kit Guardo no Cora\u00e7\u00e3o.<\/strong><\/p>\n<p>Materiais do Kit:<br \/>\n1 Devocional do Aluno<br \/>\n1 Devocional do Professor<br \/>\n10 Planos de Leitura<\/p>\n","protected":false},"featured_media":6196,"comment_status":"open","ping_status":"closed","template":"","meta":{"_monsterinsights_skip_tracking":false,"_monsterinsights_sitenote_active":false,"_monsterinsights_sitenote_note":"","_monsterinsights_sitenote_category":0},"product_brand":[],"product_cat":[21,20],"product_tag":[],"class_list":{"0":"post-220","1":"product","2":"type-product","3":"status-publish","4":"has-post-thumbnail","6":"product_cat-discipulado","7":"product_cat-evangelizacao","9":"first","10":"onbackorder","11":"taxable","12":"shipping-taxable","13":"purchasable","14":"product-type-simple"},"aioseo_notices":[],"jetpack_sharing_enabled":true,"_links":{"self":[{"href":"https:\/\/loja.sedac-ma.com.br\/index.php\/wp-json\/wp\/v2\/product\/220","targetHints":{"allow":["GET"]}}],"collection":[{"href":"https:\/\/loja.sedac-ma.com.br\/index.php\/wp-json\/wp\/v2\/product"}],"about":[{"href":"https:\/\/loja.sedac-ma.com.br\/index.php\/wp-json\/wp\/v2\/types\/product"}],"replies":[{"embeddable":true,"href":"https:\/\/loja.sedac-ma.com.br\/index.php\/wp-json\/wp\/v2\/comments?post=220"}],"version-history":[{"count":3,"href":"https:\/\/loja.sedac-ma.com.br\/index.php\/wp-json\/wp\/v2\/product\/220\/revisions"}],"predecessor-version":[{"id":6203,"href":"https:\/\/loja.sedac-ma.com.br\/index.php\/wp-json\/wp\/v2\/product\/220\/revisions\/6203"}],"wp:featuredmedia":[{"embeddable":true,"href":"https:\/\/loja.sedac-ma.com.br\/index.php\/wp-json\/wp\/v2\/media\/6196"}],"wp:attachment":[{"href":"https:\/\/loja.sedac-ma.com.br\/index.php\/wp-json\/wp\/v2\/media?parent=220"}],"wp:term":[{"taxonomy":"product_brand","embeddable":true,"href":"https:\/\/loja.sedac-ma.com.br\/index.php\/wp-json\/wp\/v2\/product_brand?post=220"},{"taxonomy":"product_cat","embeddable":true,"href":"https:\/\/loja.sedac-ma.com.br\/index.php\/wp-json\/wp\/v2\/product_cat?post=220"},{"taxonomy":"product_tag","embeddable":true,"href":"https:\/\/loja.sedac-ma.com.br\/index.php\/wp-json\/wp\/v2\/product_tag?post=220"}],"curies":[{"name":"wp","href":"https:\/\/api.w.org\/{rel}","templated":true}]}}