{"id":231,"date":"2022-03-28T23:13:36","date_gmt":"2022-03-29T02:13:36","guid":{"rendered":"https:\/\/loja.sedac-ma.com.br\/?post_type=product&#038;p=231"},"modified":"2025-08-27T21:26:04","modified_gmt":"2025-08-28T00:26:04","slug":"cd-emyrypar-zezuz","status":"publish","type":"product","link":"https:\/\/loja.sedac-ma.com.br\/index.php\/produto\/cd-emyrypar-zezuz\/","title":{"rendered":"CD F\u00edsico &#8211; Emyrypar Zezuz"},"content":{"rendered":"<p>Este CD cont\u00e9m 07 m\u00fasicas in\u00e9ditas de composi\u00e7\u00e3o da Mission\u00e1ria Suely Lima Chaves, este CD faz parte do projeto PEMUIGO KAR \u2013 fazendo disc\u00edpulos em todas as tribos. O CD que agora colocamos a Sua disposi\u00e7\u00e3o \u00e9 o resultado do trabalho de discipulado e mentoria realizado no \u00e2mbito das Assembleias de Deus no estado do Maranh\u00e3o.<br \/>\nM\u00fasicas deste CD:<br \/>\n1 \u2013 Upaw Zemue\u00b4haw<br \/>\n2 \u2013 Zekaiw herehe<br \/>\n3 \u2013 Tupan unhapukaz Kury<br \/>\n4 \u2013 Heinu<br \/>\n5 \u2013 Katu Emyrypar<br \/>\n6 \u2013 Ikatu Amono tari<br \/>\n7- Ne Ze\u00b4eg<\/p>\n","protected":false},"excerpt":{"rendered":"<p><strong>CD F\u00edsico &#8211; Emyrypar Zezuz.<\/strong><\/p>\n<p>Acabamento: Brochura<br \/>\nAutor: Suely Lima<\/p>\n","protected":false},"featured_media":232,"comment_status":"open","ping_status":"closed","template":"","meta":{"_monsterinsights_skip_tracking":false,"_monsterinsights_sitenote_active":false,"_monsterinsights_sitenote_note":"","_monsterinsights_sitenote_category":0},"product_brand":[],"product_cat":[25],"product_tag":[],"class_list":{"0":"post-231","1":"product","2":"type-product","3":"status-publish","4":"has-post-thumbnail","6":"product_cat-musicas","8":"first","9":"onbackorder","10":"taxable","11":"shipping-taxable","12":"purchasable","13":"product-type-simple"},"aioseo_notices":[],"jetpack_sharing_enabled":true,"_links":{"self":[{"href":"https:\/\/loja.sedac-ma.com.br\/index.php\/wp-json\/wp\/v2\/product\/231","targetHints":{"allow":["GET"]}}],"collection":[{"href":"https:\/\/loja.sedac-ma.com.br\/index.php\/wp-json\/wp\/v2\/product"}],"about":[{"href":"https:\/\/loja.sedac-ma.com.br\/index.php\/wp-json\/wp\/v2\/types\/product"}],"replies":[{"embeddable":true,"href":"https:\/\/loja.sedac-ma.com.br\/index.php\/wp-json\/wp\/v2\/comments?post=231"}],"version-history":[{"count":0,"href":"https:\/\/loja.sedac-ma.com.br\/index.php\/wp-json\/wp\/v2\/product\/231\/revisions"}],"wp:featuredmedia":[{"embeddable":true,"href":"https:\/\/loja.sedac-ma.com.br\/index.php\/wp-json\/wp\/v2\/media\/232"}],"wp:attachment":[{"href":"https:\/\/loja.sedac-ma.com.br\/index.php\/wp-json\/wp\/v2\/media?parent=231"}],"wp:term":[{"taxonomy":"product_brand","embeddable":true,"href":"https:\/\/loja.sedac-ma.com.br\/index.php\/wp-json\/wp\/v2\/product_brand?post=231"},{"taxonomy":"product_cat","embeddable":true,"href":"https:\/\/loja.sedac-ma.com.br\/index.php\/wp-json\/wp\/v2\/product_cat?post=231"},{"taxonomy":"product_tag","embeddable":true,"href":"https:\/\/loja.sedac-ma.com.br\/index.php\/wp-json\/wp\/v2\/product_tag?post=231"}],"curies":[{"name":"wp","href":"https:\/\/api.w.org\/{rel}","templated":true}]}}