{"id":233,"date":"2022-03-28T23:16:23","date_gmt":"2022-03-29T02:16:23","guid":{"rendered":"https:\/\/loja.sedac-ma.com.br\/?post_type=product&#038;p=233"},"modified":"2025-08-27T21:27:03","modified_gmt":"2025-08-28T00:27:03","slug":"cd-fisico-pequenos-discipulos-1-crer-permanecer-frutificar","status":"publish","type":"product","link":"https:\/\/loja.sedac-ma.com.br\/index.php\/produto\/cd-fisico-pequenos-discipulos-1-crer-permanecer-frutificar\/","title":{"rendered":"CD F\u00edsico &#8211; Pequenos Disc\u00edpulos 1 &#8211; Crer, Permanecer, Frutificar"},"content":{"rendered":"<p>Este CD cont\u00e9m 09 m\u00fasicas in\u00e9ditas de composi\u00e7\u00e3o da Mission\u00e1ria Suely Lima Chaves. O CD que agora colocamos a Sua disposi\u00e7\u00e3o \u00e9 o resultado do trabalho de discipulado e mentoria realizado no \u00e2mbito das Assembleias de Deus no estado do Maranh\u00e3o. As crian\u00e7as que participaram de sua grava\u00e7\u00e3o, foram selecionadas a partir do concurso Musical \u201cPequenos Disc\u00edpulos. O CD Acompanha livreto com as letras das m\u00fasicas.<br \/>\nM\u00fasicas deste CD:<br \/>\n1 \u2013 Crer, permanecer, frutificar<br \/>\n2 \u2013 Esse \u00e9 meu Deus<br \/>\n3 \u2013 B\u00edblia, o livro santo<br \/>\n4 \u2013 Jesus \u00e9 o nome<br \/>\n5 \u2013 Do barro fui criado<br \/>\n6 \u2013 Em Cristo eu sou salvo<br \/>\n7 &#8211; Pequeno Disc\u00edpulo<br \/>\n8 \u2013 Orar \u00e9 falar com Deus<br \/>\n9 \u2013 Bem-vindo ao lar<\/p>\n","protected":false},"excerpt":{"rendered":"<p><strong>CD CRER, PERMANECER, FRUTIFICAR Vol.01 + Caderno com letra das m\u00fasicas + PlayBack.<\/strong><\/p>\n<p>P\u00e1ginas: 20<br \/>\nAcabamento: Brochura<br \/>\nAutor: Suely Lima<br \/>\nIdioma: Portugu\u00eas<br \/>\nAno de Edi\u00e7\u00e3o: 2016<\/p>\n","protected":false},"featured_media":234,"comment_status":"open","ping_status":"closed","template":"","meta":{"_monsterinsights_skip_tracking":false,"_monsterinsights_sitenote_active":false,"_monsterinsights_sitenote_note":"","_monsterinsights_sitenote_category":0},"product_brand":[],"product_cat":[25],"product_tag":[],"class_list":{"0":"post-233","1":"product","2":"type-product","3":"status-publish","4":"has-post-thumbnail","6":"product_cat-musicas","8":"first","9":"onbackorder","10":"taxable","11":"shipping-taxable","12":"purchasable","13":"product-type-simple"},"aioseo_notices":[],"jetpack_sharing_enabled":true,"_links":{"self":[{"href":"https:\/\/loja.sedac-ma.com.br\/index.php\/wp-json\/wp\/v2\/product\/233","targetHints":{"allow":["GET"]}}],"collection":[{"href":"https:\/\/loja.sedac-ma.com.br\/index.php\/wp-json\/wp\/v2\/product"}],"about":[{"href":"https:\/\/loja.sedac-ma.com.br\/index.php\/wp-json\/wp\/v2\/types\/product"}],"replies":[{"embeddable":true,"href":"https:\/\/loja.sedac-ma.com.br\/index.php\/wp-json\/wp\/v2\/comments?post=233"}],"version-history":[{"count":0,"href":"https:\/\/loja.sedac-ma.com.br\/index.php\/wp-json\/wp\/v2\/product\/233\/revisions"}],"wp:featuredmedia":[{"embeddable":true,"href":"https:\/\/loja.sedac-ma.com.br\/index.php\/wp-json\/wp\/v2\/media\/234"}],"wp:attachment":[{"href":"https:\/\/loja.sedac-ma.com.br\/index.php\/wp-json\/wp\/v2\/media?parent=233"}],"wp:term":[{"taxonomy":"product_brand","embeddable":true,"href":"https:\/\/loja.sedac-ma.com.br\/index.php\/wp-json\/wp\/v2\/product_brand?post=233"},{"taxonomy":"product_cat","embeddable":true,"href":"https:\/\/loja.sedac-ma.com.br\/index.php\/wp-json\/wp\/v2\/product_cat?post=233"},{"taxonomy":"product_tag","embeddable":true,"href":"https:\/\/loja.sedac-ma.com.br\/index.php\/wp-json\/wp\/v2\/product_tag?post=233"}],"curies":[{"name":"wp","href":"https:\/\/api.w.org\/{rel}","templated":true}]}}