{"id":254,"date":"2022-03-29T00:05:25","date_gmt":"2022-03-29T03:05:25","guid":{"rendered":"https:\/\/loja.sedac-ma.com.br\/?post_type=product&#038;p=254"},"modified":"2024-07-23T20:47:25","modified_gmt":"2024-07-23T23:47:25","slug":"cd-para-download-completo-na-casa-do-senhor","status":"publish","type":"product","link":"https:\/\/loja.sedac-ma.com.br\/index.php\/produto\/cd-para-download-completo-na-casa-do-senhor\/","title":{"rendered":"CD para Download (Completo) &#8211; Na Casa do Senhor"},"content":{"rendered":"<p>Este CD cont\u00e9m 13 m\u00fasicas in\u00e9ditas de composi\u00e7\u00e3o da Mission\u00e1ria Suely Lima Chaves, este CD faz parte do Projeto Pequenos Disc\u00edpulos e \u00e9 uma estrat\u00e9gia de discipulado da SEDAC e seus objetivos s\u00e3o ensinar as doutrinas b\u00e1sicas da f\u00e9 crist\u00e3 e mentorear Pr\u00e9 Adolescentes e Crian\u00e7as, apoiando o desenvolvimento de seus talentos NA CASA DO SENHOR.<br \/>\nO CD acompanha um livro com as letras de todas as m\u00fasicas.<br \/>\nO CD que agora colocamos a sua disposi\u00e7\u00e3o \u00e9 o resultado do trabalho de discipulado e mentoria realizado no \u00e2mbito das Assembleias de Deus no estado do Maranh\u00e3o. As crian\u00e7as que participaram de sua grava\u00e7\u00e3o, foram selecionadas a partir do I Concurso Musical Pequenos Disc\u00edpulos.<\/p>\n<p>M\u00fasicas in\u00e9ditas para download.<br \/>\n<strong>Arquivo totalmente digital.<\/strong><\/p>\n<p>M\u00fasicas deste CD:<br \/>\n1 \u2013 Hoje \u00e9 o dia<br \/>\n2 \u2013 Na Casa do Senhor<br \/>\n3 \u2013 Deus me Chamar<br \/>\n4 \u2013 Melhor Oferta<br \/>\n5 \u2013 Tua Palavra<br \/>\n6 \u2013 Sempre Responde<br \/>\n7 &#8211; F\u00e9<br \/>\n8 \u2013 Cuida de Mim<br \/>\n9 \u2013 Obedecer<br \/>\n10 \u2013 Vou Contar a Todos<br \/>\n11 \u2013 Tudo que Aprendi Aqui<br \/>\n12 \u2013 Adeus Coleguinha<br \/>\n13 \u2013 Crer, Permanecer, Frutificar<\/p>\n","protected":false},"excerpt":{"rendered":"<p><strong>CD NA CASA DO SENHOR + Play Back.<\/strong><\/p>\n<p>M\u00fasicas in\u00e9ditas para download.<br \/>\n<strong>Arquivo totalmente digital.<\/strong><\/p>\n<p>Autor: Suely Lima<br \/>\nIdioma: Portugu\u00eas<br \/>\nAno de Edi\u00e7\u00e3o: 2018<\/p>\n","protected":false},"featured_media":238,"comment_status":"open","ping_status":"closed","template":"","meta":{"_monsterinsights_skip_tracking":false,"_monsterinsights_sitenote_active":false,"_monsterinsights_sitenote_note":"","_monsterinsights_sitenote_category":0},"product_brand":[],"product_cat":[25],"product_tag":[],"class_list":{"0":"post-254","1":"product","2":"type-product","3":"status-publish","4":"has-post-thumbnail","6":"product_cat-musicas","8":"first","9":"instock","10":"downloadable","11":"virtual","12":"taxable","13":"purchasable","14":"product-type-simple"},"aioseo_notices":[],"jetpack_sharing_enabled":true,"_links":{"self":[{"href":"https:\/\/loja.sedac-ma.com.br\/index.php\/wp-json\/wp\/v2\/product\/254","targetHints":{"allow":["GET"]}}],"collection":[{"href":"https:\/\/loja.sedac-ma.com.br\/index.php\/wp-json\/wp\/v2\/product"}],"about":[{"href":"https:\/\/loja.sedac-ma.com.br\/index.php\/wp-json\/wp\/v2\/types\/product"}],"replies":[{"embeddable":true,"href":"https:\/\/loja.sedac-ma.com.br\/index.php\/wp-json\/wp\/v2\/comments?post=254"}],"version-history":[{"count":1,"href":"https:\/\/loja.sedac-ma.com.br\/index.php\/wp-json\/wp\/v2\/product\/254\/revisions"}],"predecessor-version":[{"id":6746,"href":"https:\/\/loja.sedac-ma.com.br\/index.php\/wp-json\/wp\/v2\/product\/254\/revisions\/6746"}],"wp:featuredmedia":[{"embeddable":true,"href":"https:\/\/loja.sedac-ma.com.br\/index.php\/wp-json\/wp\/v2\/media\/238"}],"wp:attachment":[{"href":"https:\/\/loja.sedac-ma.com.br\/index.php\/wp-json\/wp\/v2\/media?parent=254"}],"wp:term":[{"taxonomy":"product_brand","embeddable":true,"href":"https:\/\/loja.sedac-ma.com.br\/index.php\/wp-json\/wp\/v2\/product_brand?post=254"},{"taxonomy":"product_cat","embeddable":true,"href":"https:\/\/loja.sedac-ma.com.br\/index.php\/wp-json\/wp\/v2\/product_cat?post=254"},{"taxonomy":"product_tag","embeddable":true,"href":"https:\/\/loja.sedac-ma.com.br\/index.php\/wp-json\/wp\/v2\/product_tag?post=254"}],"curies":[{"name":"wp","href":"https:\/\/api.w.org\/{rel}","templated":true}]}}