{"id":333,"date":"2022-03-29T23:14:02","date_gmt":"2022-03-30T02:14:02","guid":{"rendered":"https:\/\/loja.sedac-ma.com.br\/?post_type=product&#038;p=333"},"modified":"2025-08-28T14:32:25","modified_gmt":"2025-08-28T17:32:25","slug":"cd-para-download-completo-aprendendo-com-as-historias-que-jesus-contou","status":"publish","type":"product","link":"https:\/\/loja.sedac-ma.com.br\/index.php\/produto\/cd-para-download-completo-aprendendo-com-as-historias-que-jesus-contou\/","title":{"rendered":"CD para Download (Completo) &#8211; Aprendendo com as Hist\u00f3rias que Jesus Contou"},"content":{"rendered":"<p>Este CD cont\u00e9m 08 m\u00fasicas in\u00e9ditas de composi\u00e7\u00e3o da Mission\u00e1ria Suely Lima Chaves, este CD faz parte do PROJETO EBF -Escola B\u00edblica de F\u00e9rias. O CD que agora colocamos a Sua disposi\u00e7\u00e3o \u00e9 o resultado do trabalho de discipulado e mentoria realizado no \u00e2mbito das Assembleias de Deus no estado do Maranh\u00e3o. As crian\u00e7as que participaram de sua grava\u00e7\u00e3o, foram selecionadas a partir do concurso Musical \u201cPequenos Disc\u00edpulos\u201d.<\/p>\n<p>M\u00fasicas in\u00e9ditas para download.<br \/>\nArquivo totalmente digital.<\/p>\n<p>M\u00fasicas deste CD:<br \/>\n1 \u2013 Estou Aprendendo<br \/>\n2 \u2013 Voc\u00ea que veio aprender<br \/>\n3 \u2013 Eu amo minha B\u00edblia<br \/>\n4 \u2013 Vamos orar<br \/>\n5 \u2013 Falando vou<br \/>\n6 \u2013 Um passo fora do cural<br \/>\n7 &#8211; Boa terra<br \/>\n8 \u2013 Nos bra\u00e7os do pai<\/p>\n","protected":false},"excerpt":{"rendered":"<p><strong>CD EBF (2016) &#8211; Aprendendo com as Hist\u00f3rias que Jesus contou + PlayBack.<\/strong><\/p>\n<p>M\u00fasicas in\u00e9ditas para download.<br \/>\nArquivo totalmente digital.<\/p>\n<p>Acabamento: Brochura<br \/>\nAutor: Suely Lima<br \/>\nIdioma: Portugu\u00eas<br \/>\nAno de Edi\u00e7\u00e3o: 2016<\/p>\n<p>&nbsp;<\/p>\n","protected":false},"featured_media":236,"comment_status":"open","ping_status":"closed","template":"","meta":{"_monsterinsights_skip_tracking":false,"_monsterinsights_sitenote_active":false,"_monsterinsights_sitenote_note":"","_monsterinsights_sitenote_category":0},"product_brand":[],"product_cat":[19,25],"product_tag":[],"class_list":{"0":"post-333","1":"product","2":"type-product","3":"status-publish","4":"has-post-thumbnail","6":"product_cat-ebf","7":"product_cat-musicas","9":"first","10":"onbackorder","11":"featured","12":"downloadable","13":"virtual","14":"taxable","15":"purchasable","16":"product-type-simple"},"aioseo_notices":[],"jetpack_sharing_enabled":true,"_links":{"self":[{"href":"https:\/\/loja.sedac-ma.com.br\/index.php\/wp-json\/wp\/v2\/product\/333","targetHints":{"allow":["GET"]}}],"collection":[{"href":"https:\/\/loja.sedac-ma.com.br\/index.php\/wp-json\/wp\/v2\/product"}],"about":[{"href":"https:\/\/loja.sedac-ma.com.br\/index.php\/wp-json\/wp\/v2\/types\/product"}],"replies":[{"embeddable":true,"href":"https:\/\/loja.sedac-ma.com.br\/index.php\/wp-json\/wp\/v2\/comments?post=333"}],"version-history":[{"count":0,"href":"https:\/\/loja.sedac-ma.com.br\/index.php\/wp-json\/wp\/v2\/product\/333\/revisions"}],"wp:featuredmedia":[{"embeddable":true,"href":"https:\/\/loja.sedac-ma.com.br\/index.php\/wp-json\/wp\/v2\/media\/236"}],"wp:attachment":[{"href":"https:\/\/loja.sedac-ma.com.br\/index.php\/wp-json\/wp\/v2\/media?parent=333"}],"wp:term":[{"taxonomy":"product_brand","embeddable":true,"href":"https:\/\/loja.sedac-ma.com.br\/index.php\/wp-json\/wp\/v2\/product_brand?post=333"},{"taxonomy":"product_cat","embeddable":true,"href":"https:\/\/loja.sedac-ma.com.br\/index.php\/wp-json\/wp\/v2\/product_cat?post=333"},{"taxonomy":"product_tag","embeddable":true,"href":"https:\/\/loja.sedac-ma.com.br\/index.php\/wp-json\/wp\/v2\/product_tag?post=333"}],"curies":[{"name":"wp","href":"https:\/\/api.w.org\/{rel}","templated":true}]}}