{"id":357,"date":"2022-03-29T23:41:37","date_gmt":"2022-03-30T02:41:37","guid":{"rendered":"https:\/\/loja.sedac-ma.com.br\/?post_type=product&#038;p=357"},"modified":"2025-05-26T00:07:27","modified_gmt":"2025-05-26T03:07:27","slug":"kit-2-clube-investigadores-vol-01","status":"publish","type":"product","link":"https:\/\/loja.sedac-ma.com.br\/index.php\/produto\/kit-2-clube-investigadores-vol-01\/","title":{"rendered":"Kit 2 &#8211; Clube Investigadores &#8211; Vol. 01"},"content":{"rendered":"<p>Acabamento: Brochura<br \/>\nAutor: Suely Lima<br \/>\nIdioma: Portugu\u00eas<br \/>\nAno de Edi\u00e7\u00e3o: 2011<\/p>\n<p>A revista Clube Investigadores \u00e9 um material Cristoc\u00eantrico e totalmente baseado na Palavra de Deus. Esta \u00e9 uma revista e evangelismo e discipulado infanto-juvenil, levando crian\u00e7as e pr\u00e9adolescentes \u00e0 f\u00e9, fortalecendo-as no seu caminhar com Cristo. Esta revista tamb\u00e9m pode ser aplicada a qualquer faixa et\u00e1ria. Voc\u00ea tamb\u00e9m ter\u00e1 acesso aos moldes dos recursos de cada aula acessando nossa plataforma: ead.sedac-ma.com.br, se inscreva gratuitamente no curso Clube da B\u00edblia \u2013 Investigadores e tenha acesso aos moldes, m\u00fasicas e tudo que preparamos com muito carinho para voc\u00ea.<br \/>\nA revista cont\u00e9m 12 li\u00e7\u00f5es:<br \/>\n1- Como \u00e9 Deus?<br \/>\n2- Como \u00e9 Deus?<br \/>\n3- De onde viemos?<br \/>\n4- Quem \u00e9 nosso inimigo?<br \/>\n5- Que \u00e9 o salvador prometido?<br \/>\n6- Jesus est\u00e1 vivo hoje?<br \/>\n7- Quatro perguntas sobre o pecado<br \/>\n8- Eu posso ser um filho de Deus!<br \/>\n9- Jesus voltar\u00e1!<br \/>\n10- Quatro coisas que Deus quer eu saiba<br \/>\n11- Uma nova pessoa em Cristo<br \/>\n12- O maior presente de Deus<\/p>\n","protected":false},"excerpt":{"rendered":"<p><strong>Revistas do Aluno + Guia do Professor + Guia de Treinamento + Certificados.<\/strong><\/p>\n<p><strong>Material gratuito mediante envio de cadastro\u00a0da turma.<\/strong><\/p>\n<p>Fale com a SEDAC.<br \/>\nSEDAC contato: (98) 9 9965\u20138262<\/p>\n","protected":false},"featured_media":1545,"comment_status":"open","ping_status":"closed","template":"","meta":{"_monsterinsights_skip_tracking":false,"_monsterinsights_sitenote_active":false,"_monsterinsights_sitenote_note":"","_monsterinsights_sitenote_category":0},"product_brand":[],"product_cat":[26,20],"product_tag":[],"class_list":{"0":"post-357","1":"product","2":"type-product","3":"status-publish","4":"has-post-thumbnail","6":"product_cat-clube-dos-investigadores","7":"product_cat-evangelizacao","9":"first","10":"onbackorder","11":"taxable","12":"shipping-taxable","13":"purchasable","14":"product-type-simple"},"aioseo_notices":[],"jetpack_sharing_enabled":true,"_links":{"self":[{"href":"https:\/\/loja.sedac-ma.com.br\/index.php\/wp-json\/wp\/v2\/product\/357","targetHints":{"allow":["GET"]}}],"collection":[{"href":"https:\/\/loja.sedac-ma.com.br\/index.php\/wp-json\/wp\/v2\/product"}],"about":[{"href":"https:\/\/loja.sedac-ma.com.br\/index.php\/wp-json\/wp\/v2\/types\/product"}],"replies":[{"embeddable":true,"href":"https:\/\/loja.sedac-ma.com.br\/index.php\/wp-json\/wp\/v2\/comments?post=357"}],"version-history":[{"count":1,"href":"https:\/\/loja.sedac-ma.com.br\/index.php\/wp-json\/wp\/v2\/product\/357\/revisions"}],"predecessor-version":[{"id":5545,"href":"https:\/\/loja.sedac-ma.com.br\/index.php\/wp-json\/wp\/v2\/product\/357\/revisions\/5545"}],"wp:featuredmedia":[{"embeddable":true,"href":"https:\/\/loja.sedac-ma.com.br\/index.php\/wp-json\/wp\/v2\/media\/1545"}],"wp:attachment":[{"href":"https:\/\/loja.sedac-ma.com.br\/index.php\/wp-json\/wp\/v2\/media?parent=357"}],"wp:term":[{"taxonomy":"product_brand","embeddable":true,"href":"https:\/\/loja.sedac-ma.com.br\/index.php\/wp-json\/wp\/v2\/product_brand?post=357"},{"taxonomy":"product_cat","embeddable":true,"href":"https:\/\/loja.sedac-ma.com.br\/index.php\/wp-json\/wp\/v2\/product_cat?post=357"},{"taxonomy":"product_tag","embeddable":true,"href":"https:\/\/loja.sedac-ma.com.br\/index.php\/wp-json\/wp\/v2\/product_tag?post=357"}],"curies":[{"name":"wp","href":"https:\/\/api.w.org\/{rel}","templated":true}]}}