{"id":358,"date":"2022-03-29T23:45:51","date_gmt":"2022-03-30T02:45:51","guid":{"rendered":"https:\/\/loja.sedac-ma.com.br\/?post_type=product&#038;p=358"},"modified":"2024-01-17T14:28:48","modified_gmt":"2024-01-17T17:28:48","slug":"revista-clube-investigadores-vol-02","status":"publish","type":"product","link":"https:\/\/loja.sedac-ma.com.br\/index.php\/produto\/revista-clube-investigadores-vol-02\/","title":{"rendered":"Revista Clube Investigadores &#8211; Vol. 02"},"content":{"rendered":"<p>A revista Clube Investigadores \u00e9 um material Cristoc\u00eantrico e totalmente baseado na Palavra de Deus. Esta \u00e9 uma revista e evangelismo e discipulado infanto-juvenil, levando crian\u00e7as e pr\u00e9adolescentes \u00e0 f\u00e9, fortalecendo-as no seu caminhar com Cristo. Esta revista tamb\u00e9m pode ser aplicada a qualquer faixa et\u00e1ria. Voc\u00ea tamb\u00e9m ter\u00e1 acesso aos moldes dos recursos de cada aula acessando nossa plataforma: ead.sedac-ma.com.br, se inscreva gratuitamente no curso Clube da B\u00edblia \u2013 Investigadores e tenha acesso aos moldes, m\u00fasicas e tudo que preparamos com muito carinho para voc\u00ea.<br \/>\nA revista cont\u00e9m 12 li\u00e7\u00f5es:<br \/>\n1- Jesus Cristo \u00e9 Deus.<br \/>\n2- Jesus Cristo \u00e9 \u201cSenhor de Tudo\u201d!<br \/>\n3- Deus \u00e9 para Mim!<br \/>\n4- Estou na Fam\u00edlia de Deus.<br \/>\n5- Estou em Cristo.<br \/>\n6- Cristo Vive em Mim!<br \/>\n7- Meu Inimigo \u201co Mundo\u201d.<br \/>\n8- Meu Inimigo \u201cMeu Ego\u201d.<br \/>\n9- Meu Inimigo SATAN\u00c1S.<br \/>\n10- Deus quer me Usar!<br \/>\n11- Voc\u00ea Pode Ser um Ganhador de Almas<br \/>\n12- Jesus me AMA!<\/p>\n","protected":false},"excerpt":{"rendered":"<p><strong>Material gratuito mediante envio do Relat\u00f3rio de conclus\u00e3o do Volume 01.<\/strong>\u00a0<strong>Fale com a SEDAC.<\/strong><br \/>\nSEDAC contato:(98) 9 9965\u20138262<br \/>\ne-mail SEDAC:store@sedac-ma.com.br<\/p>\n","protected":false},"featured_media":359,"comment_status":"open","ping_status":"closed","template":"","meta":{"_monsterinsights_skip_tracking":false,"_monsterinsights_sitenote_active":false,"_monsterinsights_sitenote_note":"","_monsterinsights_sitenote_category":0},"product_brand":[],"product_cat":[26],"product_tag":[],"class_list":{"0":"post-358","1":"product","2":"type-product","3":"status-publish","4":"has-post-thumbnail","6":"product_cat-clube-dos-investigadores","7":"product_shipping_class-leve","9":"first","10":"onbackorder","11":"product-type-simple"},"aioseo_notices":[],"jetpack_sharing_enabled":true,"_links":{"self":[{"href":"https:\/\/loja.sedac-ma.com.br\/index.php\/wp-json\/wp\/v2\/product\/358","targetHints":{"allow":["GET"]}}],"collection":[{"href":"https:\/\/loja.sedac-ma.com.br\/index.php\/wp-json\/wp\/v2\/product"}],"about":[{"href":"https:\/\/loja.sedac-ma.com.br\/index.php\/wp-json\/wp\/v2\/types\/product"}],"replies":[{"embeddable":true,"href":"https:\/\/loja.sedac-ma.com.br\/index.php\/wp-json\/wp\/v2\/comments?post=358"}],"version-history":[{"count":1,"href":"https:\/\/loja.sedac-ma.com.br\/index.php\/wp-json\/wp\/v2\/product\/358\/revisions"}],"predecessor-version":[{"id":1619,"href":"https:\/\/loja.sedac-ma.com.br\/index.php\/wp-json\/wp\/v2\/product\/358\/revisions\/1619"}],"wp:featuredmedia":[{"embeddable":true,"href":"https:\/\/loja.sedac-ma.com.br\/index.php\/wp-json\/wp\/v2\/media\/359"}],"wp:attachment":[{"href":"https:\/\/loja.sedac-ma.com.br\/index.php\/wp-json\/wp\/v2\/media?parent=358"}],"wp:term":[{"taxonomy":"product_brand","embeddable":true,"href":"https:\/\/loja.sedac-ma.com.br\/index.php\/wp-json\/wp\/v2\/product_brand?post=358"},{"taxonomy":"product_cat","embeddable":true,"href":"https:\/\/loja.sedac-ma.com.br\/index.php\/wp-json\/wp\/v2\/product_cat?post=358"},{"taxonomy":"product_tag","embeddable":true,"href":"https:\/\/loja.sedac-ma.com.br\/index.php\/wp-json\/wp\/v2\/product_tag?post=358"}],"curies":[{"name":"wp","href":"https:\/\/api.w.org\/{rel}","templated":true}]}}