{"id":440,"date":"2022-03-30T00:57:31","date_gmt":"2022-03-30T03:57:31","guid":{"rendered":"https:\/\/loja.sedac-ma.com.br\/?post_type=product&#038;p=440"},"modified":"2023-10-09T14:37:23","modified_gmt":"2023-10-09T17:37:23","slug":"cartao-boas-vindas-pre-adolescentes","status":"publish","type":"product","link":"https:\/\/loja.sedac-ma.com.br\/index.php\/produto\/cartao-boas-vindas-pre-adolescentes\/","title":{"rendered":"Cart\u00e3o Boas Vindas para Pr\u00e9-Adolescentes(10 unidades)"},"content":{"rendered":"<p>Cart\u00e3o Boas Vindas para Pr\u00e9-Adolescentes.<br \/>\nIdeal para a recep\u00e7\u00e3o e acolhimento de crian\u00e7as e pr\u00e9-adolescentes que aceitam a Jesus com seu Salvador.<br \/>\nUm excelente material, que todo departamento infantil precisar ter!<\/p>\n","protected":false},"excerpt":{"rendered":"<p>Cart\u00e3o Boas Vindas para Pr\u00e9-Adolescentes.<\/p>\n<p>Ideal para a recep\u00e7\u00e3o e acolhimento de crian\u00e7as e pr\u00e9-adolescentes que aceitam a Jesus com seu Salvador.<\/p>\n<p>Quantidade: 10 unidades.<br \/>\nAcabamento: Papel couch\u00ea.<br \/>\nAutor: Suely Lima<\/p>\n","protected":false},"featured_media":1511,"comment_status":"open","ping_status":"closed","template":"","meta":{"_monsterinsights_skip_tracking":false,"_monsterinsights_sitenote_active":false,"_monsterinsights_sitenote_note":"","_monsterinsights_sitenote_category":0},"product_brand":[],"product_cat":[21],"product_tag":[],"class_list":{"0":"post-440","1":"product","2":"type-product","3":"status-publish","4":"has-post-thumbnail","6":"product_cat-discipulado","8":"first","9":"instock","10":"taxable","11":"shipping-taxable","12":"purchasable","13":"product-type-simple"},"aioseo_notices":[],"jetpack_sharing_enabled":true,"_links":{"self":[{"href":"https:\/\/loja.sedac-ma.com.br\/index.php\/wp-json\/wp\/v2\/product\/440","targetHints":{"allow":["GET"]}}],"collection":[{"href":"https:\/\/loja.sedac-ma.com.br\/index.php\/wp-json\/wp\/v2\/product"}],"about":[{"href":"https:\/\/loja.sedac-ma.com.br\/index.php\/wp-json\/wp\/v2\/types\/product"}],"replies":[{"embeddable":true,"href":"https:\/\/loja.sedac-ma.com.br\/index.php\/wp-json\/wp\/v2\/comments?post=440"}],"version-history":[{"count":0,"href":"https:\/\/loja.sedac-ma.com.br\/index.php\/wp-json\/wp\/v2\/product\/440\/revisions"}],"wp:featuredmedia":[{"embeddable":true,"href":"https:\/\/loja.sedac-ma.com.br\/index.php\/wp-json\/wp\/v2\/media\/1511"}],"wp:attachment":[{"href":"https:\/\/loja.sedac-ma.com.br\/index.php\/wp-json\/wp\/v2\/media?parent=440"}],"wp:term":[{"taxonomy":"product_brand","embeddable":true,"href":"https:\/\/loja.sedac-ma.com.br\/index.php\/wp-json\/wp\/v2\/product_brand?post=440"},{"taxonomy":"product_cat","embeddable":true,"href":"https:\/\/loja.sedac-ma.com.br\/index.php\/wp-json\/wp\/v2\/product_cat?post=440"},{"taxonomy":"product_tag","embeddable":true,"href":"https:\/\/loja.sedac-ma.com.br\/index.php\/wp-json\/wp\/v2\/product_tag?post=440"}],"curies":[{"name":"wp","href":"https:\/\/api.w.org\/{rel}","templated":true}]}}