{"id":443,"date":"2022-03-30T00:59:02","date_gmt":"2022-03-30T03:59:02","guid":{"rendered":"https:\/\/loja.sedac-ma.com.br\/?post_type=product&#038;p=443"},"modified":"2025-08-27T21:41:41","modified_gmt":"2025-08-28T00:41:41","slug":"cartao-boas-vindas-em-libras","status":"publish","type":"product","link":"https:\/\/loja.sedac-ma.com.br\/index.php\/produto\/cartao-boas-vindas-em-libras\/","title":{"rendered":"Cart\u00e3o Jesus Ama Voc\u00ea em Libras(10 unidades)"},"content":{"rendered":"<p>Cart\u00e3o Jesus Ama Voc\u00ea em Libras.<\/p>\n<p>Ideal para a Evangeliza\u00e7\u00e3o Inclusiva de crian\u00e7as e pr\u00e9-adolescentes.<\/p>\n<p>No verso temos os cinco vers\u00edculos com o Plano da Salva\u00e7\u00e3o.<\/p>\n<p>Um excelente material que n\u00e3o pode faltar no departamento Infantojuvenil!<\/p>\n","protected":false},"excerpt":{"rendered":"<p>Cart\u00e3o Jesus Ama Voc\u00ea em Libras.<\/p>\n<p>Ideal para a Evangeliza\u00e7\u00e3o Inclusiva de crian\u00e7as.<\/p>\n<p>Quantidade: 10 unidades.<\/p>\n<p>Acabamento: Papel couch\u00ea.<\/p>\n<p>Autor: Suely Lima<\/p>\n","protected":false},"featured_media":1517,"comment_status":"open","ping_status":"closed","template":"","meta":{"_monsterinsights_skip_tracking":false,"_monsterinsights_sitenote_active":false,"_monsterinsights_sitenote_note":"","_monsterinsights_sitenote_category":0},"product_brand":[],"product_cat":[21],"product_tag":[],"class_list":{"0":"post-443","1":"product","2":"type-product","3":"status-publish","4":"has-post-thumbnail","6":"product_cat-discipulado","8":"first","9":"onbackorder","10":"taxable","11":"shipping-taxable","12":"purchasable","13":"product-type-simple"},"aioseo_notices":[],"jetpack_sharing_enabled":true,"_links":{"self":[{"href":"https:\/\/loja.sedac-ma.com.br\/index.php\/wp-json\/wp\/v2\/product\/443","targetHints":{"allow":["GET"]}}],"collection":[{"href":"https:\/\/loja.sedac-ma.com.br\/index.php\/wp-json\/wp\/v2\/product"}],"about":[{"href":"https:\/\/loja.sedac-ma.com.br\/index.php\/wp-json\/wp\/v2\/types\/product"}],"replies":[{"embeddable":true,"href":"https:\/\/loja.sedac-ma.com.br\/index.php\/wp-json\/wp\/v2\/comments?post=443"}],"version-history":[{"count":0,"href":"https:\/\/loja.sedac-ma.com.br\/index.php\/wp-json\/wp\/v2\/product\/443\/revisions"}],"wp:featuredmedia":[{"embeddable":true,"href":"https:\/\/loja.sedac-ma.com.br\/index.php\/wp-json\/wp\/v2\/media\/1517"}],"wp:attachment":[{"href":"https:\/\/loja.sedac-ma.com.br\/index.php\/wp-json\/wp\/v2\/media?parent=443"}],"wp:term":[{"taxonomy":"product_brand","embeddable":true,"href":"https:\/\/loja.sedac-ma.com.br\/index.php\/wp-json\/wp\/v2\/product_brand?post=443"},{"taxonomy":"product_cat","embeddable":true,"href":"https:\/\/loja.sedac-ma.com.br\/index.php\/wp-json\/wp\/v2\/product_cat?post=443"},{"taxonomy":"product_tag","embeddable":true,"href":"https:\/\/loja.sedac-ma.com.br\/index.php\/wp-json\/wp\/v2\/product_tag?post=443"}],"curies":[{"name":"wp","href":"https:\/\/api.w.org\/{rel}","templated":true}]}}