{"id":445,"date":"2022-03-30T01:00:17","date_gmt":"2022-03-30T04:00:17","guid":{"rendered":"https:\/\/loja.sedac-ma.com.br\/?post_type=product&#038;p=445"},"modified":"2025-05-05T23:00:11","modified_gmt":"2025-05-06T02:00:11","slug":"cartao-boas-vindas-para-meninas","status":"publish","type":"product","link":"https:\/\/loja.sedac-ma.com.br\/index.php\/produto\/cartao-boas-vindas-para-meninas\/","title":{"rendered":"Cart\u00e3o Boas Vindas para Meninas(10 unidades)"},"content":{"rendered":"<p>Cart\u00e3o Boas Vindas para Meninas.<\/p>\n<p>Ideal para a recep\u00e7\u00e3o e acolhimento de crian\u00e7as que aceitam a Jesus com seu Salvador.<br \/>\nUm excelente material, que todo departamento infantil precisar ter!<\/p>\n<p>&nbsp;<\/p>\n","protected":false},"excerpt":{"rendered":"<p>Cart\u00e3o Boas Vindas para Meninas.<\/p>\n<p>Ideal para a recep\u00e7\u00e3o e acolhimento de crian\u00e7as que aceitam a Jesus com seu Salvador.<\/p>\n<p>Quantidade: 10 unidades.<br \/>\nAcabamento: Papel couch\u00ea.<br \/>\nAutor: Suely Lima<\/p>\n<p>&nbsp;<\/p>\n","protected":false},"featured_media":446,"comment_status":"open","ping_status":"closed","template":"","meta":{"_monsterinsights_skip_tracking":false,"_monsterinsights_sitenote_active":false,"_monsterinsights_sitenote_note":"","_monsterinsights_sitenote_category":0},"product_brand":[],"product_cat":[21],"product_tag":[],"class_list":{"0":"post-445","1":"product","2":"type-product","3":"status-publish","4":"has-post-thumbnail","6":"product_cat-discipulado","8":"first","9":"instock","10":"taxable","11":"shipping-taxable","12":"purchasable","13":"product-type-simple"},"aioseo_notices":[],"jetpack_sharing_enabled":true,"_links":{"self":[{"href":"https:\/\/loja.sedac-ma.com.br\/index.php\/wp-json\/wp\/v2\/product\/445","targetHints":{"allow":["GET"]}}],"collection":[{"href":"https:\/\/loja.sedac-ma.com.br\/index.php\/wp-json\/wp\/v2\/product"}],"about":[{"href":"https:\/\/loja.sedac-ma.com.br\/index.php\/wp-json\/wp\/v2\/types\/product"}],"replies":[{"embeddable":true,"href":"https:\/\/loja.sedac-ma.com.br\/index.php\/wp-json\/wp\/v2\/comments?post=445"}],"version-history":[{"count":0,"href":"https:\/\/loja.sedac-ma.com.br\/index.php\/wp-json\/wp\/v2\/product\/445\/revisions"}],"wp:featuredmedia":[{"embeddable":true,"href":"https:\/\/loja.sedac-ma.com.br\/index.php\/wp-json\/wp\/v2\/media\/446"}],"wp:attachment":[{"href":"https:\/\/loja.sedac-ma.com.br\/index.php\/wp-json\/wp\/v2\/media?parent=445"}],"wp:term":[{"taxonomy":"product_brand","embeddable":true,"href":"https:\/\/loja.sedac-ma.com.br\/index.php\/wp-json\/wp\/v2\/product_brand?post=445"},{"taxonomy":"product_cat","embeddable":true,"href":"https:\/\/loja.sedac-ma.com.br\/index.php\/wp-json\/wp\/v2\/product_cat?post=445"},{"taxonomy":"product_tag","embeddable":true,"href":"https:\/\/loja.sedac-ma.com.br\/index.php\/wp-json\/wp\/v2\/product_tag?post=445"}],"curies":[{"name":"wp","href":"https:\/\/api.w.org\/{rel}","templated":true}]}}