{"id":6191,"date":"2024-02-19T17:11:01","date_gmt":"2024-02-19T20:11:01","guid":{"rendered":"https:\/\/loja.sedac-ma.com.br\/?post_type=product&#038;p=6191"},"modified":"2025-08-27T21:32:48","modified_gmt":"2025-08-28T00:32:48","slug":"kit-guardo-no-coracao-para-turmas-com-10-alunos","status":"publish","type":"product","link":"https:\/\/loja.sedac-ma.com.br\/index.php\/produto\/kit-guardo-no-coracao-para-turmas-com-10-alunos\/","title":{"rendered":"Kit Guardo no Cora\u00e7\u00e3o para turmas com 10 alunos"},"content":{"rendered":"<p>Kit Guardo no Cora\u00e7\u00e3o:<\/p>\n<p>Tudo o que sabemos sobre Deus e Seu plano de salva\u00e7\u00e3o chegou at\u00e9 n\u00f3s atrav\u00e9s da B\u00edblia. Por isso, ela \u00e9 muito mais do um livro &#8211; \u00e9 o livro perfeito! O livro para toda a humanidade! Assim memorizar a palavra de Deus n\u00e3o \u00e9 uma op\u00e7\u00e3o para n\u00f3s, crentes em Cristo, \u00e9 uma mandamento &#8211; uma necessidade.<br \/>\nO Kit possui 27 devocionais com 27 vers\u00edculos, inclusive musicalizados, cujo o objetivo \u00e9 ajudar a nova gera\u00e7\u00e3o de crentes em Cristo a memorizar vers\u00edculos b\u00edblicos.<\/p>\n<p>Materiais do Kit:<br \/>\n10 Devocionais do Aluno<br \/>\n1 Devocional do Professor<br \/>\n10 Planos de leitura<\/p>\n","protected":false},"excerpt":{"rendered":"<p>Neste Kit temos 10 livros para turma com 10 crian\u00e7as + o plano de leitura.<\/p>\n<p>&nbsp;<\/p>\n","protected":false},"featured_media":6194,"comment_status":"open","ping_status":"closed","template":"","meta":{"_monsterinsights_skip_tracking":false,"_monsterinsights_sitenote_active":false,"_monsterinsights_sitenote_note":"","_monsterinsights_sitenote_category":0},"product_brand":[],"product_cat":[21,20],"product_tag":[],"class_list":{"0":"post-6191","1":"product","2":"type-product","3":"status-publish","4":"has-post-thumbnail","6":"product_cat-discipulado","7":"product_cat-evangelizacao","9":"first","10":"onbackorder","11":"sale","12":"taxable","13":"shipping-taxable","14":"purchasable","15":"product-type-simple"},"aioseo_notices":[],"jetpack_sharing_enabled":true,"_links":{"self":[{"href":"https:\/\/loja.sedac-ma.com.br\/index.php\/wp-json\/wp\/v2\/product\/6191","targetHints":{"allow":["GET"]}}],"collection":[{"href":"https:\/\/loja.sedac-ma.com.br\/index.php\/wp-json\/wp\/v2\/product"}],"about":[{"href":"https:\/\/loja.sedac-ma.com.br\/index.php\/wp-json\/wp\/v2\/types\/product"}],"replies":[{"embeddable":true,"href":"https:\/\/loja.sedac-ma.com.br\/index.php\/wp-json\/wp\/v2\/comments?post=6191"}],"version-history":[{"count":3,"href":"https:\/\/loja.sedac-ma.com.br\/index.php\/wp-json\/wp\/v2\/product\/6191\/revisions"}],"predecessor-version":[{"id":6195,"href":"https:\/\/loja.sedac-ma.com.br\/index.php\/wp-json\/wp\/v2\/product\/6191\/revisions\/6195"}],"wp:featuredmedia":[{"embeddable":true,"href":"https:\/\/loja.sedac-ma.com.br\/index.php\/wp-json\/wp\/v2\/media\/6194"}],"wp:attachment":[{"href":"https:\/\/loja.sedac-ma.com.br\/index.php\/wp-json\/wp\/v2\/media?parent=6191"}],"wp:term":[{"taxonomy":"product_brand","embeddable":true,"href":"https:\/\/loja.sedac-ma.com.br\/index.php\/wp-json\/wp\/v2\/product_brand?post=6191"},{"taxonomy":"product_cat","embeddable":true,"href":"https:\/\/loja.sedac-ma.com.br\/index.php\/wp-json\/wp\/v2\/product_cat?post=6191"},{"taxonomy":"product_tag","embeddable":true,"href":"https:\/\/loja.sedac-ma.com.br\/index.php\/wp-json\/wp\/v2\/product_tag?post=6191"}],"curies":[{"name":"wp","href":"https:\/\/api.w.org\/{rel}","templated":true}]}}