{"id":631,"date":"2022-09-30T02:17:48","date_gmt":"2022-09-30T05:17:48","guid":{"rendered":"https:\/\/loja.sedac-ma.com.br\/?post_type=product&#038;p=631"},"modified":"2025-08-27T21:32:21","modified_gmt":"2025-08-28T00:32:21","slug":"kit-ebf-moises-uma-vida-sob-o-impacto-do-poder","status":"publish","type":"product","link":"https:\/\/loja.sedac-ma.com.br\/index.php\/produto\/kit-ebf-moises-uma-vida-sob-o-impacto-do-poder\/","title":{"rendered":"Kit EBF &#8211; Mois\u00e9s uma Vida Sob o Impacto do Poder!"},"content":{"rendered":"<p><strong>Kit EBF &#8211; Mois\u00e9s uma Vida Sob o Impacto do Poder!<\/strong><\/p>\n<p>A EBF \u00e9 uma grande estrat\u00e9gia de evangeliza\u00e7\u00e3o, assim como \u00e9 uma grande oportunidade para capacitar e envolver novos componentes \u00e0 equipe de volunt\u00e1rios para o departamento infantojuvenil.<\/p>\n<p>A EBF grande \u00e9 uma estrat\u00e9gia de evangeliza\u00e7\u00e3o porque:<br \/>\na. Alcan\u00e7a crian\u00e7as da vizinhan\u00e7a da Igreja, que possivelmente n\u00e3o iriam \u00e0 Igreja em outros eventos;<br \/>\nb. Evangeliza\u00e7\u00e3o de forma sistem\u00e1tica;<br \/>\nc. Atrai a simpatia da comunidade;<br \/>\nd. Chefa \u00e0s fam\u00edlia das crian\u00e7as para que tamb\u00e9m ou\u00e7am o evangelho;<br \/>\ne. Dar oportunidade de trabalho no servi\u00e7o do mestre em v\u00e1rias \u00e1reas;<br \/>\nf. Qualifica novos professores;<br \/>\ng. Integra diversos segmentos \u00e0 obra mission\u00e1ria;<br \/>\nh. Integra as crian\u00e7as e pr\u00e9-adolescentes na obra de Deus.<\/p>\n<p>Nesta EBF as crian\u00e7as e pr\u00e9-adolescentes aprender\u00e3o 04 hist\u00f3rias b\u00edblicas, baseadas na vida de Mois\u00e9s, que impactar\u00e3o suas vidas:<br \/>\n&#8211; Promessa e Liberdade.<br \/>\n&#8211; Treinamento em Obedi\u00eancia.<br \/>\n&#8211; Soberania e Liberdade.<br \/>\n&#8211; Alian\u00e7a e Adora\u00e7\u00e3o.<\/p>\n<p>Esperamos que esta EBF mova seu cora\u00e7\u00e3o, professor, de toda a sua equipe e das crian\u00e7as e pr\u00e9-adolescentes que ser\u00e3o alcan\u00e7ados pela mesma.<br \/>\nDeus continue vos aben\u00e7oando!<\/p>\n","protected":false},"excerpt":{"rendered":"<p><strong>Kit EBF &#8211; Mois\u00e9s uma Vida Sob o Impacto do Poder!<\/strong><\/p>\n<p>Autor: Suely Lima<br \/>\nIdioma: Portugu\u00eas<br \/>\nEdi\u00e7\u00e3o: 2022<\/p>\n<p>Material F\u00edsico do Kit:<br \/>\n01- Livro Diretor do Professor, 60 p\u00e1ginas\/20cmx31cm\/155g.<br \/>\n01-Livro da Hist\u00f3ria Mission\u00e1ria: Estevam \u00c2ngelo de Souza &#8211; Os passos de um servo feliz\/90 p\u00e1ginas\/22cmx16cm.<br \/>\n05 Cartazes Gigantes com os Louvores Oficiais 46cmx64cm.<br \/>\n05 Cartazes Gigantes com os Vers\u00edculos Oficiais 46cmx64cm.<br \/>\n20 Cartazes das Hist\u00f3rias B\u00edblicas(s\u00e3o 04 hist\u00f3rias b\u00edblicas cada uma com 05 visuais) 46cmx64cm.<br \/>\n12 Visuais da Hist\u00f3ria Mission\u00e1ria 42,50cmx30,5cm\/253g.<br \/>\nAcesso a todos as M\u00fasicas In\u00e9ditas e Playbacks, Moldes, Hist\u00f3ria do Ber\u00e7\u00e1rio e Materiais Imprim\u00edveis, atrav\u00e9s da Plataforma: academiademestrescristaos.com.br.<\/p>\n","protected":false},"featured_media":1554,"comment_status":"open","ping_status":"closed","template":"","meta":{"_monsterinsights_skip_tracking":false,"_monsterinsights_sitenote_active":false,"_monsterinsights_sitenote_note":"","_monsterinsights_sitenote_category":0},"product_brand":[],"product_cat":[19,20],"product_tag":[],"class_list":{"0":"post-631","1":"product","2":"type-product","3":"status-publish","4":"has-post-thumbnail","6":"product_cat-ebf","7":"product_cat-evangelizacao","9":"first","10":"onbackorder","11":"taxable","12":"shipping-taxable","13":"purchasable","14":"product-type-simple"},"aioseo_notices":[],"jetpack_sharing_enabled":true,"_links":{"self":[{"href":"https:\/\/loja.sedac-ma.com.br\/index.php\/wp-json\/wp\/v2\/product\/631","targetHints":{"allow":["GET"]}}],"collection":[{"href":"https:\/\/loja.sedac-ma.com.br\/index.php\/wp-json\/wp\/v2\/product"}],"about":[{"href":"https:\/\/loja.sedac-ma.com.br\/index.php\/wp-json\/wp\/v2\/types\/product"}],"replies":[{"embeddable":true,"href":"https:\/\/loja.sedac-ma.com.br\/index.php\/wp-json\/wp\/v2\/comments?post=631"}],"version-history":[{"count":0,"href":"https:\/\/loja.sedac-ma.com.br\/index.php\/wp-json\/wp\/v2\/product\/631\/revisions"}],"wp:featuredmedia":[{"embeddable":true,"href":"https:\/\/loja.sedac-ma.com.br\/index.php\/wp-json\/wp\/v2\/media\/1554"}],"wp:attachment":[{"href":"https:\/\/loja.sedac-ma.com.br\/index.php\/wp-json\/wp\/v2\/media?parent=631"}],"wp:term":[{"taxonomy":"product_brand","embeddable":true,"href":"https:\/\/loja.sedac-ma.com.br\/index.php\/wp-json\/wp\/v2\/product_brand?post=631"},{"taxonomy":"product_cat","embeddable":true,"href":"https:\/\/loja.sedac-ma.com.br\/index.php\/wp-json\/wp\/v2\/product_cat?post=631"},{"taxonomy":"product_tag","embeddable":true,"href":"https:\/\/loja.sedac-ma.com.br\/index.php\/wp-json\/wp\/v2\/product_tag?post=631"}],"curies":[{"name":"wp","href":"https:\/\/api.w.org\/{rel}","templated":true}]}}