{"id":632,"date":"2022-09-30T02:45:52","date_gmt":"2022-09-30T05:45:52","guid":{"rendered":"https:\/\/loja.sedac-ma.com.br\/?post_type=product&#038;p=632"},"modified":"2025-08-27T21:37:32","modified_gmt":"2025-08-28T00:37:32","slug":"kit-ebf-jesus-me-faz-feliz","status":"publish","type":"product","link":"https:\/\/loja.sedac-ma.com.br\/index.php\/produto\/kit-ebf-jesus-me-faz-feliz\/","title":{"rendered":"Kit EBF \u2013 Jesus me faz Feliz!"},"content":{"rendered":"<p>A EBF \u00e9 uma grande estrat\u00e9gia de evangeliza\u00e7\u00e3o, assim como \u00e9 uma grande oportunidade para capacitar e envolver novos componentes \u00e0 equipe de volunt\u00e1rios para o departamento infantojuvenil.<\/p>\n<p>A EBF grande \u00e9 uma estrat\u00e9gia de evangeliza\u00e7\u00e3o porque:<br \/>\na. Alcan\u00e7a crian\u00e7as da vizinhan\u00e7a da Igreja, que possivelmente n\u00e3o iriam \u00e0 Igreja em outros eventos;<br \/>\nb. Evangeliza\u00e7\u00e3o de forma sistem\u00e1tica;<br \/>\nc. Atrai a simpatia da comunidade;<br \/>\nd. Chefa \u00e0s fam\u00edlia das crian\u00e7as para que tamb\u00e9m ou\u00e7am o evangelho;<br \/>\ne. Dar oportunidade de trabalho no servi\u00e7o do mestre em v\u00e1rias \u00e1reas;<br \/>\nf. Qualifica novos professores;<br \/>\ng. Integra diversos segmentos \u00e0 obra mission\u00e1ria;<br \/>\nh. Integra as crian\u00e7as e pr\u00e9-adolescentes na obra de Deus.<\/p>\n<p>Nesta EBF as crian\u00e7as e pr\u00e9-adolescentes aprender\u00e3o 03 hist\u00f3rias b\u00edblicas, que impactar\u00e3o suas vidas e eles aprender\u00e3o sobre a verdadeira felicidade:<br \/>\n&#8211; Mateus &#8211; felicidade \u00e9 ser aceito na fam\u00edlia de Deus.<br \/>\n&#8211; Jairo &#8211; felicidade \u00e9 ser atendido por Jesus.<br \/>\n&#8211; Maria de Bet\u00e2nia &#8211; felicidade \u00e9 ouvir a Palavra de Deus.<\/p>\n<p>Esperamos que esta EBF mova seu cora\u00e7\u00e3o, professor, de toda a sua equipe e das crian\u00e7as e pr\u00e9-adolescentes que ser\u00e3o alcan\u00e7ados pela mesma.<br \/>\nDeus continue vos aben\u00e7oando!<\/p>\n","protected":false},"excerpt":{"rendered":"<p><strong>Kit EBF \u2013 Jesus me faz Feliz!<\/strong><\/p>\n<p>Autor: Suely Lima<br \/>\nIdioma: Portugu\u00eas<br \/>\nEdi\u00e7\u00e3o: 2017<\/p>\n<p>Materiais do Kit:<br \/>\n1- Livro Diretor do Professor 48 p\u00e1ginas\/22cmx30.8cm\/240g.<br \/>\n1 &#8211; Hist\u00f3ria Mission\u00e1ria:\u00a0 \u2013 Jo\u00e3o Jonas, Soldado Diferente(a hist\u00f3ria est\u00e1 dentro do livro diretor do professor).<br \/>\n1- CD de Recursos 15g<br \/>\n1- CD de M\u00fasicas 15g<br \/>\n3 Visuais grandes com os Louvores das hist\u00f3rias b\u00edblicas\/46cmx32cm\/192g.<br \/>\n3 Visuais grandes com os vrs\u00edculos das hist\u00f3rias b\u00edblicas\/46cmx33cm\/192g.<br \/>\n16 Visuais Gigantes das Hist\u00f3rias B\u00edblicas 64cmx46cm\/1.010kg .<br \/>\n12- Visuais Grandes da Hist\u00f3ria Mission\u00e1ria 46cmx32cm\/384g.<\/p>\n","protected":false},"featured_media":617,"comment_status":"open","ping_status":"closed","template":"","meta":{"_monsterinsights_skip_tracking":false,"_monsterinsights_sitenote_active":false,"_monsterinsights_sitenote_note":"","_monsterinsights_sitenote_category":0},"product_brand":[],"product_cat":[19,20],"product_tag":[],"class_list":{"0":"post-632","1":"product","2":"type-product","3":"status-publish","4":"has-post-thumbnail","6":"product_cat-ebf","7":"product_cat-evangelizacao","9":"first","10":"onbackorder","11":"sale","12":"taxable","13":"shipping-taxable","14":"purchasable","15":"product-type-simple"},"aioseo_notices":[],"jetpack_sharing_enabled":true,"_links":{"self":[{"href":"https:\/\/loja.sedac-ma.com.br\/index.php\/wp-json\/wp\/v2\/product\/632","targetHints":{"allow":["GET"]}}],"collection":[{"href":"https:\/\/loja.sedac-ma.com.br\/index.php\/wp-json\/wp\/v2\/product"}],"about":[{"href":"https:\/\/loja.sedac-ma.com.br\/index.php\/wp-json\/wp\/v2\/types\/product"}],"replies":[{"embeddable":true,"href":"https:\/\/loja.sedac-ma.com.br\/index.php\/wp-json\/wp\/v2\/comments?post=632"}],"version-history":[{"count":0,"href":"https:\/\/loja.sedac-ma.com.br\/index.php\/wp-json\/wp\/v2\/product\/632\/revisions"}],"wp:featuredmedia":[{"embeddable":true,"href":"https:\/\/loja.sedac-ma.com.br\/index.php\/wp-json\/wp\/v2\/media\/617"}],"wp:attachment":[{"href":"https:\/\/loja.sedac-ma.com.br\/index.php\/wp-json\/wp\/v2\/media?parent=632"}],"wp:term":[{"taxonomy":"product_brand","embeddable":true,"href":"https:\/\/loja.sedac-ma.com.br\/index.php\/wp-json\/wp\/v2\/product_brand?post=632"},{"taxonomy":"product_cat","embeddable":true,"href":"https:\/\/loja.sedac-ma.com.br\/index.php\/wp-json\/wp\/v2\/product_cat?post=632"},{"taxonomy":"product_tag","embeddable":true,"href":"https:\/\/loja.sedac-ma.com.br\/index.php\/wp-json\/wp\/v2\/product_tag?post=632"}],"curies":[{"name":"wp","href":"https:\/\/api.w.org\/{rel}","templated":true}]}}