{"id":633,"date":"2022-09-30T03:00:05","date_gmt":"2022-09-30T06:00:05","guid":{"rendered":"https:\/\/loja.sedac-ma.com.br\/?post_type=product&#038;p=633"},"modified":"2025-08-12T14:59:55","modified_gmt":"2025-08-12T17:59:55","slug":"kit-ebf-aprendendo-com-as-historias-que-jesus-contou","status":"publish","type":"product","link":"https:\/\/loja.sedac-ma.com.br\/index.php\/produto\/kit-ebf-aprendendo-com-as-historias-que-jesus-contou\/","title":{"rendered":"Kit EBF &#8211; Aprendendo com as Hist\u00f3rias que Jesus Contou"},"content":{"rendered":"<p>A EBF \u00e9 uma grande estrat\u00e9gia de evangeliza\u00e7\u00e3o, assim como \u00e9 uma grande oportunidade para capacitar e envolver novos componentes \u00e0 equipe de volunt\u00e1rios para o departamento infantojuvenil.<\/p>\n<p>A EBF grande \u00e9 uma estrat\u00e9gia de evangeliza\u00e7\u00e3o porque:<br \/>\na. Alcan\u00e7a crian\u00e7as da vizinhan\u00e7a da Igreja, que possivelmente n\u00e3o iriam \u00e0 Igreja em outros eventos;<br \/>\nb. Evangeliza\u00e7\u00e3o de forma sistem\u00e1tica;<br \/>\nc. Atrai a simpatia da comunidade;<br \/>\nd. Chefa \u00e0s fam\u00edlia das crian\u00e7as para que tamb\u00e9m ou\u00e7am o evangelho;<br \/>\ne. Dar oportunidade de trabalho no servi\u00e7o do mestre em v\u00e1rias \u00e1reas;<br \/>\nf. Qualifica novos professores;<br \/>\ng. Integra diversos segmentos \u00e0 obra mission\u00e1ria;<br \/>\nh. Integra as crian\u00e7as e pr\u00e9-adolescentes na obra de Deus.<\/p>\n<p>Nesta EBF as crian\u00e7as e pr\u00e9-adolescentes aprender\u00e3o 03 Par\u00e1bolas que Jesus contou, que impactar\u00e3o suas vidas:<br \/>\n&#8211; A Ovelha Perdida.<br \/>\n&#8211; O Semeador.<br \/>\n&#8211; O Filho Pr\u00f3digo.<\/p>\n<p>Esperamos que esta EBF mova seu cora\u00e7\u00e3o, professor, de toda a sua equipe e das crian\u00e7as e pr\u00e9-adolescentes que ser\u00e3o alcan\u00e7ados pela mesma.<\/p>\n<p>Deus continue vos aben\u00e7oando!<\/p>\n<p>&nbsp;<\/p>\n","protected":false},"excerpt":{"rendered":"<p><strong>Kit EBF &#8211; Aprendendo com as Hist\u00f3rias que Jesus Contou.<\/strong><\/p>\n<p>Autor: Suely Lima<br \/>\nIdioma: Portugu\u00eas<br \/>\nEdi\u00e7\u00e3o: 2016<\/p>\n<p>Materiais do Kit:<br \/>\n01 Livro Diretor do Professor 22cm X 30cm\/64 p\u00e1ginas\/206g.<br \/>\n01 Hist\u00f3ria Mission\u00e1ria: Willian Carey \u2013 O Sapateiro Mission\u00e1rio(a hist\u00f3ria se encontra dentro do livro diretor do professor).<br \/>\n12 Visuais Grandes da Hist\u00f3ria Mission\u00e1ria 30cm x 47cm\/691g.<br \/>\n01 CD com M\u00fasicas In\u00e9ditas e Playbacks + apresenta\u00e7\u00f5es em powerpoint com os\u00a0 modelos e moldes imprim\u00edveis\/13,5cm x 13,5cm\/35g.<br \/>\n03 Visuais Gigantes com os Louvores das Hist\u00f3rias B\u00edblicas 47cm x 62cm\/239g.<br \/>\n03 Visuais Gigantes com os Vers\u00edculos das Hist\u00f3rias B\u00edblicas 47cm x 62cm\/239g.<br \/>\n15 Visuais Gigantes das Hist\u00f3rias B\u00edblicas(cada hist\u00f3ria b\u00edblica possui 05 visuais) 47cm x 62cm\/1.193Kg.<\/p>\n","protected":false},"featured_media":615,"comment_status":"open","ping_status":"closed","template":"","meta":{"_monsterinsights_skip_tracking":false,"_monsterinsights_sitenote_active":false,"_monsterinsights_sitenote_note":"","_monsterinsights_sitenote_category":0},"product_brand":[],"product_cat":[19,20],"product_tag":[],"class_list":{"0":"post-633","1":"product","2":"type-product","3":"status-publish","4":"has-post-thumbnail","6":"product_cat-ebf","7":"product_cat-evangelizacao","9":"first","10":"onbackorder","11":"sale","12":"taxable","13":"shipping-taxable","14":"purchasable","15":"product-type-simple"},"aioseo_notices":[],"jetpack_sharing_enabled":true,"_links":{"self":[{"href":"https:\/\/loja.sedac-ma.com.br\/index.php\/wp-json\/wp\/v2\/product\/633","targetHints":{"allow":["GET"]}}],"collection":[{"href":"https:\/\/loja.sedac-ma.com.br\/index.php\/wp-json\/wp\/v2\/product"}],"about":[{"href":"https:\/\/loja.sedac-ma.com.br\/index.php\/wp-json\/wp\/v2\/types\/product"}],"replies":[{"embeddable":true,"href":"https:\/\/loja.sedac-ma.com.br\/index.php\/wp-json\/wp\/v2\/comments?post=633"}],"version-history":[{"count":0,"href":"https:\/\/loja.sedac-ma.com.br\/index.php\/wp-json\/wp\/v2\/product\/633\/revisions"}],"wp:featuredmedia":[{"embeddable":true,"href":"https:\/\/loja.sedac-ma.com.br\/index.php\/wp-json\/wp\/v2\/media\/615"}],"wp:attachment":[{"href":"https:\/\/loja.sedac-ma.com.br\/index.php\/wp-json\/wp\/v2\/media?parent=633"}],"wp:term":[{"taxonomy":"product_brand","embeddable":true,"href":"https:\/\/loja.sedac-ma.com.br\/index.php\/wp-json\/wp\/v2\/product_brand?post=633"},{"taxonomy":"product_cat","embeddable":true,"href":"https:\/\/loja.sedac-ma.com.br\/index.php\/wp-json\/wp\/v2\/product_cat?post=633"},{"taxonomy":"product_tag","embeddable":true,"href":"https:\/\/loja.sedac-ma.com.br\/index.php\/wp-json\/wp\/v2\/product_tag?post=633"}],"curies":[{"name":"wp","href":"https:\/\/api.w.org\/{rel}","templated":true}]}}