{"id":6675,"date":"2024-04-18T06:26:14","date_gmt":"2024-04-18T09:26:14","guid":{"rendered":"https:\/\/loja.sedac-ma.com.br\/?post_type=product&#038;p=6675"},"modified":"2024-04-26T17:37:04","modified_gmt":"2024-04-26T20:37:04","slug":"kit-ebf-a-origem","status":"publish","type":"product","link":"https:\/\/loja.sedac-ma.com.br\/index.php\/produto\/kit-ebf-a-origem\/","title":{"rendered":"Kit EBF A Origem"},"content":{"rendered":"<p>Kit EBF<\/p>\n<p>Adquirindo seu Kit, voc\u00ea ter\u00e1 acesso al\u00e9m dos visuais, Guia do Professor, acesso \u00e0 nossa plataforma academia de mestres crist\u00e3os onde disponibilizaremos diversas aulas sobre como trabalhar a EBF em sua igreja.<\/p>\n<p>Acompanhe nossas redes sociais e canal do youtube e fique por dentro de todas as novidades sobre a EBF A Origem.<\/p>\n<p>\u00d3tima EBF a todos!<\/p>\n","protected":false},"excerpt":{"rendered":"<p>Kit EBF A Origem<\/p>\n<p>Recursos visuais e did\u00e1ticos para sua EBF.<\/p>\n<p>Aten\u00e7\u00e3o!<\/p>\n<p>PARA ADQUIRIR O KIT EBF \u00c9 NECESS\u00c1RIO O ENVIO DO CADASTRO DA EBF, PARA QUE ENTRE EM NOSSOS REGISTROS.<\/p>\n<p>BAIXE AGORA MESMO O FORMUL\u00c1RIO, PREENCHA E NOS ENVIE VIA WHATAPP DA NOSSA LOJA :<\/p>\n<p>LINK DO FORMUL\u00c1RIO:<\/p>\n<p><a href=\"https:\/\/drive.google.com\/file\/d\/1MO-q9gzuI980BLzgezdkymUa8ljOrLmh\/view?usp=sharing\">https:\/\/drive.google.com\/file\/d\/1MO-q9gzuI980BLzgezdkymUa8ljOrLmh\/view?usp=sharing<\/a><\/p>\n<p>&nbsp;<\/p>\n","protected":false},"featured_media":6676,"comment_status":"open","ping_status":"closed","template":"","meta":{"_monsterinsights_skip_tracking":false,"_monsterinsights_sitenote_active":false,"_monsterinsights_sitenote_note":"","_monsterinsights_sitenote_category":0},"product_brand":[],"product_cat":[19],"product_tag":[290,289],"class_list":{"0":"post-6675","1":"product","2":"type-product","3":"status-publish","4":"has-post-thumbnail","6":"product_cat-ebf","7":"product_tag-a-origem","8":"product_tag-ebf","10":"first","11":"instock","12":"taxable","13":"shipping-taxable","14":"purchasable","15":"product-type-simple"},"aioseo_notices":[],"jetpack_sharing_enabled":true,"_links":{"self":[{"href":"https:\/\/loja.sedac-ma.com.br\/index.php\/wp-json\/wp\/v2\/product\/6675","targetHints":{"allow":["GET"]}}],"collection":[{"href":"https:\/\/loja.sedac-ma.com.br\/index.php\/wp-json\/wp\/v2\/product"}],"about":[{"href":"https:\/\/loja.sedac-ma.com.br\/index.php\/wp-json\/wp\/v2\/types\/product"}],"replies":[{"embeddable":true,"href":"https:\/\/loja.sedac-ma.com.br\/index.php\/wp-json\/wp\/v2\/comments?post=6675"}],"version-history":[{"count":5,"href":"https:\/\/loja.sedac-ma.com.br\/index.php\/wp-json\/wp\/v2\/product\/6675\/revisions"}],"predecessor-version":[{"id":6693,"href":"https:\/\/loja.sedac-ma.com.br\/index.php\/wp-json\/wp\/v2\/product\/6675\/revisions\/6693"}],"wp:featuredmedia":[{"embeddable":true,"href":"https:\/\/loja.sedac-ma.com.br\/index.php\/wp-json\/wp\/v2\/media\/6676"}],"wp:attachment":[{"href":"https:\/\/loja.sedac-ma.com.br\/index.php\/wp-json\/wp\/v2\/media?parent=6675"}],"wp:term":[{"taxonomy":"product_brand","embeddable":true,"href":"https:\/\/loja.sedac-ma.com.br\/index.php\/wp-json\/wp\/v2\/product_brand?post=6675"},{"taxonomy":"product_cat","embeddable":true,"href":"https:\/\/loja.sedac-ma.com.br\/index.php\/wp-json\/wp\/v2\/product_cat?post=6675"},{"taxonomy":"product_tag","embeddable":true,"href":"https:\/\/loja.sedac-ma.com.br\/index.php\/wp-json\/wp\/v2\/product_tag?post=6675"}],"curies":[{"name":"wp","href":"https:\/\/api.w.org\/{rel}","templated":true}]}}