{"id":6889,"date":"2024-08-08T09:32:25","date_gmt":"2024-08-08T12:32:25","guid":{"rendered":"https:\/\/loja.sedac-ma.com.br\/?post_type=product&#038;p=6889"},"modified":"2024-08-08T14:47:59","modified_gmt":"2024-08-08T17:47:59","slug":"as-maravilhas-da-criacao","status":"publish","type":"product","link":"https:\/\/loja.sedac-ma.com.br\/index.php\/produto\/as-maravilhas-da-criacao\/","title":{"rendered":"As Maravilhas da Cria\u00e7\u00e3o"},"content":{"rendered":"<p>Que mundo maravilhoso Deus fez! Voc\u00ea vai adorar esses 100 devocionais que incluem vers\u00edculos b\u00edblicos, ora\u00e7\u00f5es, atividades divertidas, e fotos incr\u00edveis,<span class=\"read-more\">\u00a0al\u00e9m da se\u00e7\u00e3o EXPLORE A MARAVILHA, que apresenta fatos cient\u00edficos alucinantes e edificantes da f\u00e9 sobre estes t\u00f3picos:<br \/>\n\u2022 ANIMAIS &#8211; Desde p\u00e1ssaros guias de mel at\u00e9 cobras voadoras e narvais.<br \/>\n\u2022 ESPA\u00c7O &#8211; De buracos negros a luas vulc\u00e2nicas e explos\u00f5es de raios gama.<br \/>\n\u2022 PESSOAS &#8211; Desde o por que ficamos com fome at\u00e9 como nossos pensamentos afetam nossos corpos para maneiras pelas quais podemos conversar sem palavras.<br \/>\n\u2022 TERRA &#8211; De rios de arco-\u00edris a lava azul e geleiras fluidas.<br \/>\nE muito, muito mais!<\/span><\/p>\n<p>Vale a pena conhecer e adquirir.<\/p>\n<p>&nbsp;<\/p>\n<h3>Sobre o Autor<\/h3>\n<ul>\n<li>Nome do Autor<\/li>\n<li>LOUIE GIGLIO \u00e9 o pastor da Passion City Church e o vision\u00e1rio original do Movimento Passion. Desde 1997, o Passion re\u00fane jovens em idade universit\u00e1ria em eventos nos Estados Unidos e em todo o mundo. Giglio tamb\u00e9m \u00e9 autor dos livros Indescrit\u00edvel e Golias Deve Cair. NICOLA ANDER SON \u00e9 ilustradora e designer gr\u00e1fica e produz suas ilustra\u00e7\u00f5es em seu est\u00fadio caseiro, o AndoTwin Studio, em Manchester, Reino Unido.<\/li>\n<\/ul>\n","protected":false},"excerpt":{"rendered":"<p>Ao mergulhar nesses 100 devocionais inspiradores, voc\u00ea ficar\u00e1 surpreso com o qu\u00e3o maravilhosa a cria\u00e7\u00e3o de Deus realmente \u00e9!<\/p>\n","protected":false},"featured_media":6893,"comment_status":"open","ping_status":"closed","template":"","meta":{"_monsterinsights_skip_tracking":false,"_monsterinsights_sitenote_active":false,"_monsterinsights_sitenote_note":"","_monsterinsights_sitenote_category":0},"product_brand":[],"product_cat":[22],"product_tag":[292,293,291],"class_list":{"0":"post-6889","1":"product","2":"type-product","3":"status-publish","4":"has-post-thumbnail","6":"product_cat-livros","7":"product_tag-criacao","8":"product_tag-infantil","9":"product_tag-livro","11":"first","12":"instock","13":"taxable","14":"shipping-taxable","15":"purchasable","16":"product-type-simple"},"aioseo_notices":[],"jetpack_sharing_enabled":true,"_links":{"self":[{"href":"https:\/\/loja.sedac-ma.com.br\/index.php\/wp-json\/wp\/v2\/product\/6889","targetHints":{"allow":["GET"]}}],"collection":[{"href":"https:\/\/loja.sedac-ma.com.br\/index.php\/wp-json\/wp\/v2\/product"}],"about":[{"href":"https:\/\/loja.sedac-ma.com.br\/index.php\/wp-json\/wp\/v2\/types\/product"}],"replies":[{"embeddable":true,"href":"https:\/\/loja.sedac-ma.com.br\/index.php\/wp-json\/wp\/v2\/comments?post=6889"}],"version-history":[{"count":3,"href":"https:\/\/loja.sedac-ma.com.br\/index.php\/wp-json\/wp\/v2\/product\/6889\/revisions"}],"predecessor-version":[{"id":6894,"href":"https:\/\/loja.sedac-ma.com.br\/index.php\/wp-json\/wp\/v2\/product\/6889\/revisions\/6894"}],"wp:featuredmedia":[{"embeddable":true,"href":"https:\/\/loja.sedac-ma.com.br\/index.php\/wp-json\/wp\/v2\/media\/6893"}],"wp:attachment":[{"href":"https:\/\/loja.sedac-ma.com.br\/index.php\/wp-json\/wp\/v2\/media?parent=6889"}],"wp:term":[{"taxonomy":"product_brand","embeddable":true,"href":"https:\/\/loja.sedac-ma.com.br\/index.php\/wp-json\/wp\/v2\/product_brand?post=6889"},{"taxonomy":"product_cat","embeddable":true,"href":"https:\/\/loja.sedac-ma.com.br\/index.php\/wp-json\/wp\/v2\/product_cat?post=6889"},{"taxonomy":"product_tag","embeddable":true,"href":"https:\/\/loja.sedac-ma.com.br\/index.php\/wp-json\/wp\/v2\/product_tag?post=6889"}],"curies":[{"name":"wp","href":"https:\/\/api.w.org\/{rel}","templated":true}]}}