{"id":6895,"date":"2024-08-08T09:46:05","date_gmt":"2024-08-08T12:46:05","guid":{"rendered":"https:\/\/loja.sedac-ma.com.br\/?post_type=product&#038;p=6895"},"modified":"2025-08-27T21:38:10","modified_gmt":"2025-08-28T00:38:10","slug":"indescritivel","status":"publish","type":"product","link":"https:\/\/loja.sedac-ma.com.br\/index.php\/produto\/indescritivel\/","title":{"rendered":"Indescrit\u00edvel"},"content":{"rendered":"<p>Indescrit\u00edvel apresenta a majestade da Cria\u00e7\u00e3o com as descobertas cient\u00edficas, fotografias e ilustra\u00e7\u00f5es originais. Estes 100 devocionais estimulam nosso espanto diante da cria\u00e7\u00e3o de Deus examinando:- O espa\u00e7o, as gal\u00e1xias, os planetas e estrelas;- A Terra, a geologia, os oceanos e o clima;- Os animais desde as pombas at\u00e9 os dinossauros;- Nossa mente, corpo e imagina\u00e7\u00e3o.Um livro lindamente ilustrado que ajudar\u00e1 as crian\u00e7as a descobrirem a incr\u00edvel cria\u00e7\u00e3o de nosso Deus indescrit\u00edvel.<\/p>\n","protected":false},"excerpt":{"rendered":"<p>100 devocionais Ilustrados.<\/p>\n<p>Indescrit\u00edvel apresenta a majestade da Cria\u00e7\u00e3o com as descobertas cient\u00edficas.<\/p>\n<p>&nbsp;<\/p>\n","protected":false},"featured_media":6899,"comment_status":"open","ping_status":"closed","template":"","meta":{"_monsterinsights_skip_tracking":false,"_monsterinsights_sitenote_active":false,"_monsterinsights_sitenote_note":"","_monsterinsights_sitenote_category":0},"product_brand":[],"product_cat":[22],"product_tag":[],"class_list":{"0":"post-6895","1":"product","2":"type-product","3":"status-publish","4":"has-post-thumbnail","6":"product_cat-livros","8":"first","9":"outofstock","10":"taxable","11":"shipping-taxable","12":"purchasable","13":"product-type-simple"},"aioseo_notices":[],"jetpack_sharing_enabled":true,"_links":{"self":[{"href":"https:\/\/loja.sedac-ma.com.br\/index.php\/wp-json\/wp\/v2\/product\/6895","targetHints":{"allow":["GET"]}}],"collection":[{"href":"https:\/\/loja.sedac-ma.com.br\/index.php\/wp-json\/wp\/v2\/product"}],"about":[{"href":"https:\/\/loja.sedac-ma.com.br\/index.php\/wp-json\/wp\/v2\/types\/product"}],"replies":[{"embeddable":true,"href":"https:\/\/loja.sedac-ma.com.br\/index.php\/wp-json\/wp\/v2\/comments?post=6895"}],"version-history":[{"count":1,"href":"https:\/\/loja.sedac-ma.com.br\/index.php\/wp-json\/wp\/v2\/product\/6895\/revisions"}],"predecessor-version":[{"id":6898,"href":"https:\/\/loja.sedac-ma.com.br\/index.php\/wp-json\/wp\/v2\/product\/6895\/revisions\/6898"}],"wp:featuredmedia":[{"embeddable":true,"href":"https:\/\/loja.sedac-ma.com.br\/index.php\/wp-json\/wp\/v2\/media\/6899"}],"wp:attachment":[{"href":"https:\/\/loja.sedac-ma.com.br\/index.php\/wp-json\/wp\/v2\/media?parent=6895"}],"wp:term":[{"taxonomy":"product_brand","embeddable":true,"href":"https:\/\/loja.sedac-ma.com.br\/index.php\/wp-json\/wp\/v2\/product_brand?post=6895"},{"taxonomy":"product_cat","embeddable":true,"href":"https:\/\/loja.sedac-ma.com.br\/index.php\/wp-json\/wp\/v2\/product_cat?post=6895"},{"taxonomy":"product_tag","embeddable":true,"href":"https:\/\/loja.sedac-ma.com.br\/index.php\/wp-json\/wp\/v2\/product_tag?post=6895"}],"curies":[{"name":"wp","href":"https:\/\/api.w.org\/{rel}","templated":true}]}}