{"id":6977,"date":"2024-08-09T11:28:03","date_gmt":"2024-08-09T14:28:03","guid":{"rendered":"https:\/\/loja.sedac-ma.com.br\/?post_type=product&#038;p=6977"},"modified":"2025-03-05T16:35:25","modified_gmt":"2025-03-05T19:35:25","slug":"livro-dons-espirituais-e-ministeriais","status":"publish","type":"product","link":"https:\/\/loja.sedac-ma.com.br\/index.php\/produto\/livro-dons-espirituais-e-ministeriais\/","title":{"rendered":"Livro Dons Espirituais e Ministeriais"},"content":{"rendered":"<p>Escrito por Elinaldo Renovato de Lima, o\u00a0objetivo desta obra \u00e9 adentrar um pouco na ess\u00eancia das manifesta\u00e7\u00f5es espirituais, indispens\u00e1veis para que haja dinamismo na vida da Igreja e dos seus<span class=\"read-more\">\u00a0membros em geral. Esta obra aborda assuntos essenciais para o crescimento espiritual e \u00e9 uma pe\u00e7a fundamental para a vida de um crist\u00e3o. Seu objetivo \u00e9 trazer um crescimento espiritual e intelectual, atrav\u00e9s da ess\u00eancia das manifesta\u00e7\u00f5es espirituais.<\/span><\/p>\n","protected":false},"excerpt":{"rendered":"<p>Esta obra aborda assuntos essenciais para o crescimento espiritual e \u00e9 uma pe\u00e7a fundamental para a vida de um crist\u00e3o.<\/p>\n","protected":false},"featured_media":6978,"comment_status":"open","ping_status":"closed","template":"","meta":{"_monsterinsights_skip_tracking":false,"_monsterinsights_sitenote_active":false,"_monsterinsights_sitenote_note":"","_monsterinsights_sitenote_category":0},"product_brand":[],"product_cat":[22],"product_tag":[296,294,295],"class_list":{"0":"post-6977","1":"product","2":"type-product","3":"status-publish","4":"has-post-thumbnail","6":"product_cat-livros","7":"product_tag-cpad","8":"product_tag-dons-espirituais","9":"product_tag-livros","11":"first","12":"outofstock","13":"sale","14":"taxable","15":"shipping-taxable","16":"purchasable","17":"product-type-simple"},"aioseo_notices":[],"jetpack_sharing_enabled":true,"_links":{"self":[{"href":"https:\/\/loja.sedac-ma.com.br\/index.php\/wp-json\/wp\/v2\/product\/6977","targetHints":{"allow":["GET"]}}],"collection":[{"href":"https:\/\/loja.sedac-ma.com.br\/index.php\/wp-json\/wp\/v2\/product"}],"about":[{"href":"https:\/\/loja.sedac-ma.com.br\/index.php\/wp-json\/wp\/v2\/types\/product"}],"replies":[{"embeddable":true,"href":"https:\/\/loja.sedac-ma.com.br\/index.php\/wp-json\/wp\/v2\/comments?post=6977"}],"version-history":[{"count":1,"href":"https:\/\/loja.sedac-ma.com.br\/index.php\/wp-json\/wp\/v2\/product\/6977\/revisions"}],"predecessor-version":[{"id":6979,"href":"https:\/\/loja.sedac-ma.com.br\/index.php\/wp-json\/wp\/v2\/product\/6977\/revisions\/6979"}],"wp:featuredmedia":[{"embeddable":true,"href":"https:\/\/loja.sedac-ma.com.br\/index.php\/wp-json\/wp\/v2\/media\/6978"}],"wp:attachment":[{"href":"https:\/\/loja.sedac-ma.com.br\/index.php\/wp-json\/wp\/v2\/media?parent=6977"}],"wp:term":[{"taxonomy":"product_brand","embeddable":true,"href":"https:\/\/loja.sedac-ma.com.br\/index.php\/wp-json\/wp\/v2\/product_brand?post=6977"},{"taxonomy":"product_cat","embeddable":true,"href":"https:\/\/loja.sedac-ma.com.br\/index.php\/wp-json\/wp\/v2\/product_cat?post=6977"},{"taxonomy":"product_tag","embeddable":true,"href":"https:\/\/loja.sedac-ma.com.br\/index.php\/wp-json\/wp\/v2\/product_tag?post=6977"}],"curies":[{"name":"wp","href":"https:\/\/api.w.org\/{rel}","templated":true}]}}