{"id":6982,"date":"2024-08-09T11:50:16","date_gmt":"2024-08-09T14:50:16","guid":{"rendered":"https:\/\/loja.sedac-ma.com.br\/?post_type=product&#038;p=6982"},"modified":"2024-08-09T11:56:49","modified_gmt":"2024-08-09T14:56:49","slug":"livro-jo-licoes-de-deus-no-sofrimento-pr-rayfran-batista","status":"publish","type":"product","link":"https:\/\/loja.sedac-ma.com.br\/index.php\/produto\/livro-jo-licoes-de-deus-no-sofrimento-pr-rayfran-batista\/","title":{"rendered":"Livro J\u00f3 &#8211; Li\u00e7\u00f5es de Deus no sofrimento &#8211; Pr. Rayfran Batista"},"content":{"rendered":"<p>O livro nos proporciona uma reflex\u00e3o em torno do assunto principal do livro que \u00e9 o sofrimento do justo e assim, despertar um maior interesse pela pesquisa b\u00edblico-teol\u00f3gica do tema em apre\u00e7o. Outro objetivo da presente obra \u00e9 oferecer de modo simples e objetivo, uma porposta embasada nas b\u00edblia\u00a0 sagrada e principalmente no livro de J\u00f3, \u00e0quelas pessoas que, diante de grandes sofrimentos e circust\u00e2ncias adversas, precisam de um alento, uma luz, uma palavra orientadora, ou mesmo uma palavra de conforto, esperan\u00e7a e f\u00e9 para poderem continuar firmes na caminhada da vida, andando em paz com Deus, com seus semelhantes e consigo mesmas.<\/p>\n","protected":false},"excerpt":{"rendered":"<p>O livro nos proporciona uma reflex\u00e3o em torno do assunto principal do livro que \u00e9 o sofrimento do justo e assim, despertar um maior interesse pela pesquisa b\u00edblico-teol\u00f3gica do tema em apre\u00e7o<\/p>\n","protected":false},"featured_media":6983,"comment_status":"open","ping_status":"closed","template":"","meta":{"_monsterinsights_skip_tracking":false,"_monsterinsights_sitenote_active":false,"_monsterinsights_sitenote_note":"","_monsterinsights_sitenote_category":0},"product_brand":[],"product_cat":[22],"product_tag":[297,291],"class_list":{"0":"post-6982","1":"product","2":"type-product","3":"status-publish","4":"has-post-thumbnail","6":"product_cat-livros","7":"product_tag-jo","8":"product_tag-livro","10":"first","11":"instock","12":"taxable","13":"shipping-taxable","14":"purchasable","15":"product-type-simple"},"aioseo_notices":[],"jetpack_sharing_enabled":true,"_links":{"self":[{"href":"https:\/\/loja.sedac-ma.com.br\/index.php\/wp-json\/wp\/v2\/product\/6982","targetHints":{"allow":["GET"]}}],"collection":[{"href":"https:\/\/loja.sedac-ma.com.br\/index.php\/wp-json\/wp\/v2\/product"}],"about":[{"href":"https:\/\/loja.sedac-ma.com.br\/index.php\/wp-json\/wp\/v2\/types\/product"}],"replies":[{"embeddable":true,"href":"https:\/\/loja.sedac-ma.com.br\/index.php\/wp-json\/wp\/v2\/comments?post=6982"}],"version-history":[{"count":1,"href":"https:\/\/loja.sedac-ma.com.br\/index.php\/wp-json\/wp\/v2\/product\/6982\/revisions"}],"predecessor-version":[{"id":6984,"href":"https:\/\/loja.sedac-ma.com.br\/index.php\/wp-json\/wp\/v2\/product\/6982\/revisions\/6984"}],"wp:featuredmedia":[{"embeddable":true,"href":"https:\/\/loja.sedac-ma.com.br\/index.php\/wp-json\/wp\/v2\/media\/6983"}],"wp:attachment":[{"href":"https:\/\/loja.sedac-ma.com.br\/index.php\/wp-json\/wp\/v2\/media?parent=6982"}],"wp:term":[{"taxonomy":"product_brand","embeddable":true,"href":"https:\/\/loja.sedac-ma.com.br\/index.php\/wp-json\/wp\/v2\/product_brand?post=6982"},{"taxonomy":"product_cat","embeddable":true,"href":"https:\/\/loja.sedac-ma.com.br\/index.php\/wp-json\/wp\/v2\/product_cat?post=6982"},{"taxonomy":"product_tag","embeddable":true,"href":"https:\/\/loja.sedac-ma.com.br\/index.php\/wp-json\/wp\/v2\/product_tag?post=6982"}],"curies":[{"name":"wp","href":"https:\/\/api.w.org\/{rel}","templated":true}]}}