{"id":7205,"date":"2024-11-05T15:35:55","date_gmt":"2024-11-05T18:35:55","guid":{"rendered":"https:\/\/loja.sedac-ma.com.br\/?post_type=product&#038;p=7205"},"modified":"2024-11-05T15:43:07","modified_gmt":"2024-11-05T18:43:07","slug":"folheto-ninguem-merece-100-unidades-copia","status":"publish","type":"product","link":"https:\/\/loja.sedac-ma.com.br\/index.php\/produto\/folheto-ninguem-merece-100-unidades-copia\/","title":{"rendered":"Folheto Ningu\u00e9m Merece! &#8211; 1000 unidades"},"content":{"rendered":"<p><strong>Folheto Ningu\u00e9m Merece!<\/strong><\/p>\n<p>Folheto Evangel\u00edstico Infantojuvenil: Ningu\u00e9m Merece!<br \/>\nUm excelente material para a evangeliza\u00e7\u00e3o de crian\u00e7as e pr\u00e9-adolescente.<\/p>\n<p>Um material que n\u00e3o pode faltar na evangeliza\u00e7\u00e3o dos\u00a0 pequeninos!<\/p>\n<p>Conhe\u00e7a todos os nossos folhetos!<\/p>\n","protected":false},"excerpt":{"rendered":"<p><strong>Folheto Ningu\u00e9m Merece!<\/strong><\/p>\n<p>Quantidade: 100 unidades.<br \/>\nT\u00edtulo do folheto: Ningu\u00e9m Merece!<br \/>\nTamanho: 21cm x 15cm.<\/p>\n","protected":false},"featured_media":193,"comment_status":"open","ping_status":"closed","template":"","meta":{"_monsterinsights_skip_tracking":false,"_monsterinsights_sitenote_active":false,"_monsterinsights_sitenote_note":"","_monsterinsights_sitenote_category":0},"product_brand":[],"product_cat":[20,285],"product_tag":[317],"class_list":{"0":"post-7205","1":"product","2":"type-product","3":"status-publish","4":"has-post-thumbnail","6":"product_cat-evangelizacao","7":"product_cat-folhetos","8":"product_tag-folhetos","10":"first","11":"onbackorder","12":"taxable","13":"shipping-taxable","14":"purchasable","15":"product-type-simple"},"aioseo_notices":[],"jetpack_sharing_enabled":true,"_links":{"self":[{"href":"https:\/\/loja.sedac-ma.com.br\/index.php\/wp-json\/wp\/v2\/product\/7205","targetHints":{"allow":["GET"]}}],"collection":[{"href":"https:\/\/loja.sedac-ma.com.br\/index.php\/wp-json\/wp\/v2\/product"}],"about":[{"href":"https:\/\/loja.sedac-ma.com.br\/index.php\/wp-json\/wp\/v2\/types\/product"}],"replies":[{"embeddable":true,"href":"https:\/\/loja.sedac-ma.com.br\/index.php\/wp-json\/wp\/v2\/comments?post=7205"}],"version-history":[{"count":3,"href":"https:\/\/loja.sedac-ma.com.br\/index.php\/wp-json\/wp\/v2\/product\/7205\/revisions"}],"predecessor-version":[{"id":7309,"href":"https:\/\/loja.sedac-ma.com.br\/index.php\/wp-json\/wp\/v2\/product\/7205\/revisions\/7309"}],"wp:featuredmedia":[{"embeddable":true,"href":"https:\/\/loja.sedac-ma.com.br\/index.php\/wp-json\/wp\/v2\/media\/193"}],"wp:attachment":[{"href":"https:\/\/loja.sedac-ma.com.br\/index.php\/wp-json\/wp\/v2\/media?parent=7205"}],"wp:term":[{"taxonomy":"product_brand","embeddable":true,"href":"https:\/\/loja.sedac-ma.com.br\/index.php\/wp-json\/wp\/v2\/product_brand?post=7205"},{"taxonomy":"product_cat","embeddable":true,"href":"https:\/\/loja.sedac-ma.com.br\/index.php\/wp-json\/wp\/v2\/product_cat?post=7205"},{"taxonomy":"product_tag","embeddable":true,"href":"https:\/\/loja.sedac-ma.com.br\/index.php\/wp-json\/wp\/v2\/product_tag?post=7205"}],"curies":[{"name":"wp","href":"https:\/\/api.w.org\/{rel}","templated":true}]}}