{"id":7232,"date":"2024-11-29T10:48:24","date_gmt":"2024-11-29T13:48:24","guid":{"rendered":"https:\/\/loja.sedac-ma.com.br\/?post_type=product&#038;p=7232"},"modified":"2025-05-27T04:46:54","modified_gmt":"2025-05-27T07:46:54","slug":"devocional-diario-masculino-leao","status":"publish","type":"product","link":"https:\/\/loja.sedac-ma.com.br\/index.php\/produto\/devocional-diario-masculino-leao\/","title":{"rendered":"Devocional di\u00e1rio &#8211; Masculino &#8211; Le\u00e3o"},"content":{"rendered":"<p>Este di\u00e1rio devocional vai\u00a0te acompanhar na rotina de estudo da b\u00edblia e seus momentos de ora\u00e7\u00e3o.<\/p>\n<p>Nele temos:<\/p>\n<ul>\n<li>Passagens B\u00edblicas<\/li>\n<li>Meus Vers\u00edculos<\/li>\n<li>Personagens B\u00edblicos<\/li>\n<li>Pedidos de Ora\u00e7\u00e3o<\/li>\n<li>Devocional Di\u00e1rio (200 p\u00e1ginas)<\/li>\n<\/ul>\n<p>O prazo de produ\u00e7\u00e3o desse produto s\u00e3o de at\u00e9 7<strong>\u00a0dias \u00fateis<\/strong>!<\/p>\n<p>&nbsp;<\/p>\n<p>Especifica\u00e7\u00f5es t\u00e9cnicas.<\/p>\n<ul dir=\"ltr\">\n<li>Tamanho 15,5\u00d721,5cm.<\/li>\n<li>Cont\u00e9m 226\u00a0p\u00e1ginas.<\/li>\n<li>Encaderna\u00e7\u00e3o do tipo wire-o com arame branco (Garra em duplo anel).<\/li>\n<li>Possui um bolso transparente para\u00a0guardar outras receitas,\u00a0anota\u00e7\u00f5es e pap\u00e9is em geral.<\/li>\n<li>Possui fechamento em el\u00e1stico achatado aplicado com ilh\u00f3s. A cor do el\u00e1stico vai combinando com a arte da capa!<\/li>\n<li>Capa dura e laminada (prote\u00e7\u00e3o\u00a0contra \u00e1gua, poeira e conserva\u00e7\u00e3o das cores).<\/li>\n<li>Possui cantoneiras met\u00e1licas para proteger as bordas do produto.<\/li>\n<\/ul>\n","protected":false},"excerpt":{"rendered":"<p>Este Di\u00e1rio Devocional estar\u00e1 presente diariamente,\u00a0fazendo refletir e seguir as Palavras do Senhor!<\/p>\n<p>&nbsp;<\/p>\n","protected":false},"featured_media":7233,"comment_status":"open","ping_status":"closed","template":"","meta":{"_monsterinsights_skip_tracking":false,"_monsterinsights_sitenote_active":false,"_monsterinsights_sitenote_note":"","_monsterinsights_sitenote_category":0},"product_brand":[],"product_cat":[39,48],"product_tag":[],"class_list":{"0":"post-7232","1":"product","2":"type-product","3":"status-publish","4":"has-post-thumbnail","6":"product_cat-papelaria","7":"product_cat-personalizados","9":"first","10":"onbackorder","11":"sale","12":"taxable","13":"shipping-taxable","14":"purchasable","15":"product-type-simple"},"aioseo_notices":[],"jetpack_sharing_enabled":true,"_links":{"self":[{"href":"https:\/\/loja.sedac-ma.com.br\/index.php\/wp-json\/wp\/v2\/product\/7232","targetHints":{"allow":["GET"]}}],"collection":[{"href":"https:\/\/loja.sedac-ma.com.br\/index.php\/wp-json\/wp\/v2\/product"}],"about":[{"href":"https:\/\/loja.sedac-ma.com.br\/index.php\/wp-json\/wp\/v2\/types\/product"}],"replies":[{"embeddable":true,"href":"https:\/\/loja.sedac-ma.com.br\/index.php\/wp-json\/wp\/v2\/comments?post=7232"}],"version-history":[{"count":1,"href":"https:\/\/loja.sedac-ma.com.br\/index.php\/wp-json\/wp\/v2\/product\/7232\/revisions"}],"predecessor-version":[{"id":7239,"href":"https:\/\/loja.sedac-ma.com.br\/index.php\/wp-json\/wp\/v2\/product\/7232\/revisions\/7239"}],"wp:featuredmedia":[{"embeddable":true,"href":"https:\/\/loja.sedac-ma.com.br\/index.php\/wp-json\/wp\/v2\/media\/7233"}],"wp:attachment":[{"href":"https:\/\/loja.sedac-ma.com.br\/index.php\/wp-json\/wp\/v2\/media?parent=7232"}],"wp:term":[{"taxonomy":"product_brand","embeddable":true,"href":"https:\/\/loja.sedac-ma.com.br\/index.php\/wp-json\/wp\/v2\/product_brand?post=7232"},{"taxonomy":"product_cat","embeddable":true,"href":"https:\/\/loja.sedac-ma.com.br\/index.php\/wp-json\/wp\/v2\/product_cat?post=7232"},{"taxonomy":"product_tag","embeddable":true,"href":"https:\/\/loja.sedac-ma.com.br\/index.php\/wp-json\/wp\/v2\/product_tag?post=7232"}],"curies":[{"name":"wp","href":"https:\/\/api.w.org\/{rel}","templated":true}]}}