{"id":7250,"date":"2025-01-05T16:10:12","date_gmt":"2025-01-05T19:10:12","guid":{"rendered":"https:\/\/loja.sedac-ma.com.br\/index.php\/produto\/giz-gel-aquarelavel-colorpeps-macio-maleta-com-6-cores\/"},"modified":"2025-08-27T21:31:47","modified_gmt":"2025-08-28T00:31:47","slug":"giz-gel-aquarelavel-colorpeps-macio-maleta-com-6-cores","status":"publish","type":"product","link":"https:\/\/loja.sedac-ma.com.br\/index.php\/produto\/giz-gel-aquarelavel-colorpeps-macio-maleta-com-6-cores\/","title":{"rendered":"Giz Gel Aquarel\u00e1vel Color&#8217;Peps Macio Maleta com 6 Cores"},"content":{"rendered":"<p>Com o giz aquarel\u00e1vel Color&#8217;Peps Gel, as cores vivas combinam-se com uma textura em gel para um conforto de deslize incompar\u00e1vel e um acabamento deslumbrante! Esses gizes s\u00e3o aquarel\u00e1veis, uma vez que o gel \u00e9 depositado no papel, acrescente nuances e reflexos diluindo o material com \u00e1gua com um pincel. Chega de m\u00e3os sujas gra\u00e7as ao seu corpo de pl\u00e1stico! Com o sistema de tor\u00e7\u00e3o, a Maped tamb\u00e9m pensou nos pais: n\u00e3o h\u00e1 transfer\u00eancia de cores para as m\u00e3os!<\/p>\n","protected":false},"excerpt":{"rendered":"<p>Com o giz aquarel\u00e1vel Color&#8217;Peps Gel, as cores vivas combinam-se com uma textura em gel para um conforto de deslize incompar\u00e1vel e um acabamento deslumbrante! Esses gizes s\u00e3o aquarel\u00e1veis, uma vez que o gel \u00e9 depositado no papel, acrescente nuances e reflexos diluindo o material com \u00e1gua com um pincel. Chega de m\u00e3os sujas gra\u00e7as [&hellip;]<\/p>\n","protected":false},"featured_media":7252,"comment_status":"open","ping_status":"closed","template":"","meta":{"_monsterinsights_skip_tracking":false,"_monsterinsights_sitenote_active":false,"_monsterinsights_sitenote_note":"","_monsterinsights_sitenote_category":0},"product_brand":[],"product_cat":[39,277],"product_tag":[318],"class_list":{"0":"post-7250","1":"product","2":"type-product","3":"status-publish","4":"has-post-thumbnail","6":"product_cat-papelaria","7":"product_cat-prod","8":"product_tag-pintura","10":"first","11":"onbackorder","12":"taxable","13":"shipping-taxable","14":"purchasable","15":"product-type-simple"},"aioseo_notices":[],"jetpack_sharing_enabled":true,"_links":{"self":[{"href":"https:\/\/loja.sedac-ma.com.br\/index.php\/wp-json\/wp\/v2\/product\/7250","targetHints":{"allow":["GET"]}}],"collection":[{"href":"https:\/\/loja.sedac-ma.com.br\/index.php\/wp-json\/wp\/v2\/product"}],"about":[{"href":"https:\/\/loja.sedac-ma.com.br\/index.php\/wp-json\/wp\/v2\/types\/product"}],"replies":[{"embeddable":true,"href":"https:\/\/loja.sedac-ma.com.br\/index.php\/wp-json\/wp\/v2\/comments?post=7250"}],"version-history":[{"count":1,"href":"https:\/\/loja.sedac-ma.com.br\/index.php\/wp-json\/wp\/v2\/product\/7250\/revisions"}],"predecessor-version":[{"id":7253,"href":"https:\/\/loja.sedac-ma.com.br\/index.php\/wp-json\/wp\/v2\/product\/7250\/revisions\/7253"}],"wp:featuredmedia":[{"embeddable":true,"href":"https:\/\/loja.sedac-ma.com.br\/index.php\/wp-json\/wp\/v2\/media\/7252"}],"wp:attachment":[{"href":"https:\/\/loja.sedac-ma.com.br\/index.php\/wp-json\/wp\/v2\/media?parent=7250"}],"wp:term":[{"taxonomy":"product_brand","embeddable":true,"href":"https:\/\/loja.sedac-ma.com.br\/index.php\/wp-json\/wp\/v2\/product_brand?post=7250"},{"taxonomy":"product_cat","embeddable":true,"href":"https:\/\/loja.sedac-ma.com.br\/index.php\/wp-json\/wp\/v2\/product_cat?post=7250"},{"taxonomy":"product_tag","embeddable":true,"href":"https:\/\/loja.sedac-ma.com.br\/index.php\/wp-json\/wp\/v2\/product_tag?post=7250"}],"curies":[{"name":"wp","href":"https:\/\/api.w.org\/{rel}","templated":true}]}}