{"id":726,"date":"2022-09-30T20:00:21","date_gmt":"2022-09-30T23:00:21","guid":{"rendered":"https:\/\/loja.sedac-ma.com.br\/?post_type=product&#038;p=726"},"modified":"2025-08-27T21:35:40","modified_gmt":"2025-08-28T00:35:40","slug":"726","status":"publish","type":"product","link":"https:\/\/loja.sedac-ma.com.br\/index.php\/produto\/726\/","title":{"rendered":"Kit EBF &#8211; O Melhor Amigo de Todos!"},"content":{"rendered":"<p>A EBF \u00e9 uma grande estrat\u00e9gia de evangeliza\u00e7\u00e3o, assim como \u00e9 uma grande oportunidade para capacitar e envolver novos componentes \u00e0 equipe de volunt\u00e1rios para o departamento infantojuvenil.<\/p>\n<p>A EBF grande \u00e9 uma estrat\u00e9gia de evangeliza\u00e7\u00e3o porque:<br \/>\na. Alcan\u00e7a crian\u00e7as da vizinhan\u00e7a da Igreja, que possivelmente n\u00e3o iriam \u00e0 Igreja em outros eventos;<br \/>\nb. Evangeliza\u00e7\u00e3o de forma sistem\u00e1tica;<br \/>\nc. Atrai a simpatia da comunidade;<br \/>\nd. Chefa \u00e0s fam\u00edlia das crian\u00e7as para que tamb\u00e9m ou\u00e7am o evangelho;<br \/>\ne. Dar oportunidade de trabalho no servi\u00e7o do mestre em v\u00e1rias \u00e1reas;<br \/>\nf. Qualifica novos professores;<br \/>\ng. Integra diversos segmentos \u00e0 obra mission\u00e1ria;<br \/>\nh. Integra as crian\u00e7as e pr\u00e9-adolescentes na obra de Deus.<br \/>\nEsperamos que esta EBF mova seu cora\u00e7\u00e3o, professor, de toda a sua equipe e das crian\u00e7as e pr\u00e9-adolescentes que ser\u00e3o alcan\u00e7ados pela mesma.<\/p>\n<p>Nesta EBF as crian\u00e7as e pr\u00e9-adolescentes aprender\u00e3o 03 hist\u00f3rias b\u00edblicas que impactar\u00e3o suas vidas:<br \/>\n&#8211; O Amigo que muda nossa hist\u00f3ria &#8211; Rute e Noemi.<br \/>\n&#8211; O Amigo que protege &#8211; Davi e J\u00f4natas.<br \/>\n&#8211; O Amigo que nos mostra o caminho para o c\u00e9u &#8211; Jesus e Jo\u00e3o.<\/p>\n<p>Deus continue vos aben\u00e7oando!<\/p>\n","protected":false},"excerpt":{"rendered":"<p><strong>Kit EBF \u2013 O Melhor Amigo de Todos!<\/strong><\/p>\n<p>Autor: Suely Lima<br \/>\nIdioma: Portugu\u00eas<br \/>\nEdi\u00e7\u00e3o: 2018<\/p>\n<p>Materiais do Kit:<br \/>\n1- Livro Diretor do Professor 48 p\u00e1ginas\/22cmx30.8cm\/124g.<br \/>\n1 -Livro da Hist\u00f3ria Mission\u00e1ria:\u00a0 \u2013 Alceb\u00edades Vasconcelos &#8211; Antes que a noite chegue! 24 p\u00e1ginas\/22cmx31cm\/72g.<br \/>\n1- CD de Power point e Recursos Imprim\u00edveis 18g<br \/>\n1- CD de M\u00fasicas 18g<br \/>\n01 Livro Gigante de Louvores e Vers\u00edculos 19 p\u00e1ginas\/ 491g<br \/>\n15 Visuais Gigantes das Hist\u00f3rias B\u00edblicas(03 hist\u00f3rias b\u00edblicas, cada hist\u00f3ria com 05 visuais) 64cmx46cm\/1.104kg .<br \/>\n02 Visuais Grandes da Hist\u00f3ria Mission\u00e1ria 46cmx32cm\/38g.<\/p>\n<p>&nbsp;<\/p>\n","protected":false},"featured_media":0,"comment_status":"open","ping_status":"closed","template":"","meta":{"_monsterinsights_skip_tracking":false,"_monsterinsights_sitenote_active":false,"_monsterinsights_sitenote_note":"","_monsterinsights_sitenote_category":0},"product_brand":[],"product_cat":[19,20],"product_tag":[],"class_list":{"0":"post-726","1":"product","2":"type-product","3":"status-publish","5":"product_cat-ebf","6":"product_cat-evangelizacao","8":"first","9":"onbackorder","10":"sale","11":"taxable","12":"shipping-taxable","13":"purchasable","14":"product-type-simple"},"aioseo_notices":[],"jetpack_sharing_enabled":true,"_links":{"self":[{"href":"https:\/\/loja.sedac-ma.com.br\/index.php\/wp-json\/wp\/v2\/product\/726","targetHints":{"allow":["GET"]}}],"collection":[{"href":"https:\/\/loja.sedac-ma.com.br\/index.php\/wp-json\/wp\/v2\/product"}],"about":[{"href":"https:\/\/loja.sedac-ma.com.br\/index.php\/wp-json\/wp\/v2\/types\/product"}],"replies":[{"embeddable":true,"href":"https:\/\/loja.sedac-ma.com.br\/index.php\/wp-json\/wp\/v2\/comments?post=726"}],"version-history":[{"count":0,"href":"https:\/\/loja.sedac-ma.com.br\/index.php\/wp-json\/wp\/v2\/product\/726\/revisions"}],"wp:attachment":[{"href":"https:\/\/loja.sedac-ma.com.br\/index.php\/wp-json\/wp\/v2\/media?parent=726"}],"wp:term":[{"taxonomy":"product_brand","embeddable":true,"href":"https:\/\/loja.sedac-ma.com.br\/index.php\/wp-json\/wp\/v2\/product_brand?post=726"},{"taxonomy":"product_cat","embeddable":true,"href":"https:\/\/loja.sedac-ma.com.br\/index.php\/wp-json\/wp\/v2\/product_cat?post=726"},{"taxonomy":"product_tag","embeddable":true,"href":"https:\/\/loja.sedac-ma.com.br\/index.php\/wp-json\/wp\/v2\/product_tag?post=726"}],"curies":[{"name":"wp","href":"https:\/\/api.w.org\/{rel}","templated":true}]}}