{"id":7271,"date":"2025-01-06T00:11:57","date_gmt":"2025-01-06T03:11:57","guid":{"rendered":"https:\/\/loja.sedac-ma.com.br\/?post_type=product&#038;p=7271"},"modified":"2025-08-27T21:38:51","modified_gmt":"2025-08-28T00:38:51","slug":"giz-cera-tons-de-pele-gizao-radex-faces-e-tons-6-unidades","status":"publish","type":"product","link":"https:\/\/loja.sedac-ma.com.br\/index.php\/produto\/giz-cera-tons-de-pele-gizao-radex-faces-e-tons-6-unidades\/","title":{"rendered":"Giz Cera Tons De Pele Giz\u00e3o Radex Faces E Tons 6 Unidades"},"content":{"rendered":"<p><span class=\"a-list-item\">DESENVOLVIMENTO DA CRIATIVIDADE E EXPRESS\u00c3O ART\u00cdSTICA &#8211; Com o Giz de Cera Radex Tons de Pele, as crian\u00e7as podem explorar sua imagina\u00e7\u00e3o e criar obras de arte \u00fanicas, estimulando sua criatividade e express\u00e3o art\u00edstica. As 6 cores dispon\u00edveis permitem a cria\u00e7\u00e3o de diferentes tons de pele, promovendo a diversidade e inclus\u00e3o em suas cria\u00e7\u00f5es.<\/span><\/p>\n","protected":false},"excerpt":{"rendered":"<h5 id=\"title\" class=\"a-size-large a-spacing-none\"><span id=\"productTitle\" class=\"a-size-large product-title-word-break\">Giz Cera Tons De Pele Giz\u00e3o Radex Faces E Tons 6 Unidades<\/span><\/h5>\n","protected":false},"featured_media":7272,"comment_status":"open","ping_status":"closed","template":"","meta":{"_monsterinsights_skip_tracking":false,"_monsterinsights_sitenote_active":false,"_monsterinsights_sitenote_note":"","_monsterinsights_sitenote_category":0},"product_brand":[],"product_cat":[39],"product_tag":[],"class_list":{"0":"post-7271","1":"product","2":"type-product","3":"status-publish","4":"has-post-thumbnail","6":"product_cat-papelaria","8":"first","9":"onbackorder","10":"taxable","11":"shipping-taxable","12":"purchasable","13":"product-type-simple"},"aioseo_notices":[],"jetpack_sharing_enabled":true,"_links":{"self":[{"href":"https:\/\/loja.sedac-ma.com.br\/index.php\/wp-json\/wp\/v2\/product\/7271","targetHints":{"allow":["GET"]}}],"collection":[{"href":"https:\/\/loja.sedac-ma.com.br\/index.php\/wp-json\/wp\/v2\/product"}],"about":[{"href":"https:\/\/loja.sedac-ma.com.br\/index.php\/wp-json\/wp\/v2\/types\/product"}],"replies":[{"embeddable":true,"href":"https:\/\/loja.sedac-ma.com.br\/index.php\/wp-json\/wp\/v2\/comments?post=7271"}],"version-history":[{"count":1,"href":"https:\/\/loja.sedac-ma.com.br\/index.php\/wp-json\/wp\/v2\/product\/7271\/revisions"}],"predecessor-version":[{"id":7273,"href":"https:\/\/loja.sedac-ma.com.br\/index.php\/wp-json\/wp\/v2\/product\/7271\/revisions\/7273"}],"wp:featuredmedia":[{"embeddable":true,"href":"https:\/\/loja.sedac-ma.com.br\/index.php\/wp-json\/wp\/v2\/media\/7272"}],"wp:attachment":[{"href":"https:\/\/loja.sedac-ma.com.br\/index.php\/wp-json\/wp\/v2\/media?parent=7271"}],"wp:term":[{"taxonomy":"product_brand","embeddable":true,"href":"https:\/\/loja.sedac-ma.com.br\/index.php\/wp-json\/wp\/v2\/product_brand?post=7271"},{"taxonomy":"product_cat","embeddable":true,"href":"https:\/\/loja.sedac-ma.com.br\/index.php\/wp-json\/wp\/v2\/product_cat?post=7271"},{"taxonomy":"product_tag","embeddable":true,"href":"https:\/\/loja.sedac-ma.com.br\/index.php\/wp-json\/wp\/v2\/product_tag?post=7271"}],"curies":[{"name":"wp","href":"https:\/\/api.w.org\/{rel}","templated":true}]}}