{"id":7283,"date":"2025-01-06T00:41:29","date_gmt":"2025-01-06T03:41:29","guid":{"rendered":"https:\/\/loja.sedac-ma.com.br\/?post_type=product&#038;p=7283"},"modified":"2025-05-27T11:12:23","modified_gmt":"2025-05-27T14:12:23","slug":"gizao-de-cera-glitter-6-unidades-radex","status":"publish","type":"product","link":"https:\/\/loja.sedac-ma.com.br\/index.php\/produto\/gizao-de-cera-glitter-6-unidades-radex\/","title":{"rendered":"Giz\u00e3o de cera glitter 6 unidades radex"},"content":{"rendered":"<p>Fabricado com cera de alta qualidade, proporcionando total cobertura e excelentes tra\u00e7os, dando vivacidade nos desenhos. Seu formato anat\u00f4mico, \u00e9 ideal para uso na pr\u00e9-escola e em trabalhos escolares, pois auxilia no desenvolvimento da coordena\u00e7\u00e3o motora e estimula a criatividade.<\/p>\n<p>&nbsp;<\/p>\n<p><strong><u>Especifica\u00e7\u00f5es<\/u><\/strong><\/p>\n<ul>\n<li>Giz de Cera Glitter<\/li>\n<li>Formato anat\u00f4mico<\/li>\n<li>89mm de altura<\/li>\n<li>10mm de espessura<\/li>\n<li>Composi\u00e7\u00e3o: Cera, pigmento<\/li>\n<li>Cores sortidas<\/li>\n<li>N\u00e3o T\u00f3xico<\/li>\n<\/ul>\n<p><strong>Dimens\u00f5es<\/strong><\/p>\n<ul>\n<li>Di\u00e2metro: 10mm<\/li>\n<li>Altura: 89mm<\/li>\n<\/ul>\n<p><strong>Embalagem<\/strong><\/p>\n<ul>\n<li>Cont\u00e9m 6 unidades<\/li>\n<\/ul>\n","protected":false},"excerpt":{"rendered":"<p>Giz\u00e3o de cera glitter 6 unidades radex<\/p>\n","protected":false},"featured_media":7284,"comment_status":"open","ping_status":"closed","template":"","meta":{"_monsterinsights_skip_tracking":false,"_monsterinsights_sitenote_active":false,"_monsterinsights_sitenote_note":"","_monsterinsights_sitenote_category":0},"product_brand":[],"product_cat":[39,277],"product_tag":[],"class_list":{"0":"post-7283","1":"product","2":"type-product","3":"status-publish","4":"has-post-thumbnail","6":"product_cat-papelaria","7":"product_cat-prod","9":"first","10":"instock","11":"taxable","12":"shipping-taxable","13":"purchasable","14":"product-type-simple"},"aioseo_notices":[],"jetpack_sharing_enabled":true,"_links":{"self":[{"href":"https:\/\/loja.sedac-ma.com.br\/index.php\/wp-json\/wp\/v2\/product\/7283","targetHints":{"allow":["GET"]}}],"collection":[{"href":"https:\/\/loja.sedac-ma.com.br\/index.php\/wp-json\/wp\/v2\/product"}],"about":[{"href":"https:\/\/loja.sedac-ma.com.br\/index.php\/wp-json\/wp\/v2\/types\/product"}],"replies":[{"embeddable":true,"href":"https:\/\/loja.sedac-ma.com.br\/index.php\/wp-json\/wp\/v2\/comments?post=7283"}],"version-history":[{"count":1,"href":"https:\/\/loja.sedac-ma.com.br\/index.php\/wp-json\/wp\/v2\/product\/7283\/revisions"}],"predecessor-version":[{"id":7285,"href":"https:\/\/loja.sedac-ma.com.br\/index.php\/wp-json\/wp\/v2\/product\/7283\/revisions\/7285"}],"wp:featuredmedia":[{"embeddable":true,"href":"https:\/\/loja.sedac-ma.com.br\/index.php\/wp-json\/wp\/v2\/media\/7284"}],"wp:attachment":[{"href":"https:\/\/loja.sedac-ma.com.br\/index.php\/wp-json\/wp\/v2\/media?parent=7283"}],"wp:term":[{"taxonomy":"product_brand","embeddable":true,"href":"https:\/\/loja.sedac-ma.com.br\/index.php\/wp-json\/wp\/v2\/product_brand?post=7283"},{"taxonomy":"product_cat","embeddable":true,"href":"https:\/\/loja.sedac-ma.com.br\/index.php\/wp-json\/wp\/v2\/product_cat?post=7283"},{"taxonomy":"product_tag","embeddable":true,"href":"https:\/\/loja.sedac-ma.com.br\/index.php\/wp-json\/wp\/v2\/product_tag?post=7283"}],"curies":[{"name":"wp","href":"https:\/\/api.w.org\/{rel}","templated":true}]}}