{"id":731,"date":"2022-09-30T22:18:05","date_gmt":"2022-10-01T01:18:05","guid":{"rendered":"https:\/\/loja.sedac-ma.com.br\/?post_type=product&#038;p=731"},"modified":"2025-08-27T21:37:11","modified_gmt":"2025-08-28T00:37:11","slug":"kit-ebf-viva-o-rei","status":"publish","type":"product","link":"https:\/\/loja.sedac-ma.com.br\/index.php\/produto\/kit-ebf-viva-o-rei\/","title":{"rendered":"Kit EBF &#8211; Viva o Rei!"},"content":{"rendered":"<p><strong>Kit EBF &#8211; Viva o Rei!<\/strong><\/p>\n<p>A EBF \u00e9 uma grande estrat\u00e9gia de evangeliza\u00e7\u00e3o, assim como \u00e9 uma grande oportunidade para capacitar e envolver novos componentes \u00e0 equipe de volunt\u00e1rios para o departamento infantojuvenil.<\/p>\n<p style=\"margin-bottom: 12.0pt;\">A EBF grande \u00e9 uma estrat\u00e9gia de evangeliza\u00e7\u00e3o porque:<br \/>\na. Alcan\u00e7a crian\u00e7as da vizinhan\u00e7a da Igreja, que possivelmente n\u00e3o iriam \u00e0 Igreja em outros eventos;<br \/>\nb. Evangeliza\u00e7\u00e3o de forma sistem\u00e1tica;<br \/>\nc. Atrai a simpatia da comunidade;<br \/>\nd. Chefa \u00e0s fam\u00edlia das crian\u00e7as para que tamb\u00e9m ou\u00e7am o evangelho;<br \/>\ne. Dar oportunidade de trabalho no servi\u00e7o do mestre em v\u00e1rias \u00e1reas;<br \/>\nf. Qualifica novos professores;<br \/>\ng. Integra diversos segmentos \u00e0 obra mission\u00e1ria;<br \/>\nh. Integra as crian\u00e7as e pr\u00e9-adolescentes na obra de Deus.<\/p>\n<p>Nesta EBF as crian\u00e7as e pr\u00e9-adolescentes aprender\u00e3o 04 hist\u00f3rias b\u00edblicas, que impactar\u00e3o suas vidas:<br \/>\n&#8211;\u00a0 Davi, o rei adorador.<br \/>\n&#8211; Josias, o rei reformador.<br \/>\n&#8211; Jesus, o rei prometido.<br \/>\n&#8211; Jesus, o rei eterno.<\/p>\n<p>Esperamos que esta EBF mova seu cora\u00e7\u00e3o, professor, de toda a sua equipe e das crian\u00e7as e pr\u00e9-adolescentes que ser\u00e3o alcan\u00e7ados pela mesma.<br \/>\nDeus continue vos aben\u00e7oando!<\/p>\n","protected":false},"excerpt":{"rendered":"<p><strong>Kit EBF &#8211; Viva o Rei!<\/strong><\/p>\n<p>Autor: Suely Lima<br \/>\nIdioma: Portugu\u00eas<br \/>\nEdi\u00e7\u00e3o: 2021<\/p>\n<p>Materiais do Kit:<br \/>\n01- Livro Diretor do Professor, 60 p\u00e1ginas\/22cmx31.2cm\/151g.<br \/>\n01-Livro da Hist\u00f3ria Mission\u00e1ria: Cl\u00edmaco Bueno Aza &#8211; O colportor ganhador de almas, 24 p\u00e1ginas\/22cmx31cm\/144g.<br \/>\n09 Cartazes Grandes com os Louvores Oficiais.<br \/>\n03 Cartazes Grandes com os Vers\u00edculos Oficiais.<br \/>\n19 Cartazes das Hist\u00f3rias B\u00edblicas(referente 04 hist\u00f3rias b\u00edblicas) 46cmx64cm\/2,200kg.<br \/>\n06 Visuais da Hist\u00f3ria Mission\u00e1ria 43cmx30,5cm\/169g.<br \/>\n01 CD de M\u00fasicas In\u00e9ditas.<br \/>\n01 CD Power point com os moldes e recursos imprim\u00edveis.<br \/>\nAcesso a todos as M\u00fasicas In\u00e9ditas e Playbacks, Moldes, Material da Classe do Ber\u00e7\u00e1rio e Materiais Imprim\u00edveis, atrav\u00e9s da Plataforma: academiademestrescristaos.com.br<\/p>\n","protected":false},"featured_media":0,"comment_status":"open","ping_status":"closed","template":"","meta":{"_monsterinsights_skip_tracking":false,"_monsterinsights_sitenote_active":false,"_monsterinsights_sitenote_note":"","_monsterinsights_sitenote_category":0},"product_brand":[],"product_cat":[19,20],"product_tag":[],"class_list":{"0":"post-731","1":"product","2":"type-product","3":"status-publish","5":"product_cat-ebf","6":"product_cat-evangelizacao","8":"first","9":"onbackorder","10":"sale","11":"taxable","12":"shipping-taxable","13":"purchasable","14":"product-type-simple"},"aioseo_notices":[],"jetpack_sharing_enabled":true,"_links":{"self":[{"href":"https:\/\/loja.sedac-ma.com.br\/index.php\/wp-json\/wp\/v2\/product\/731","targetHints":{"allow":["GET"]}}],"collection":[{"href":"https:\/\/loja.sedac-ma.com.br\/index.php\/wp-json\/wp\/v2\/product"}],"about":[{"href":"https:\/\/loja.sedac-ma.com.br\/index.php\/wp-json\/wp\/v2\/types\/product"}],"replies":[{"embeddable":true,"href":"https:\/\/loja.sedac-ma.com.br\/index.php\/wp-json\/wp\/v2\/comments?post=731"}],"version-history":[{"count":0,"href":"https:\/\/loja.sedac-ma.com.br\/index.php\/wp-json\/wp\/v2\/product\/731\/revisions"}],"wp:attachment":[{"href":"https:\/\/loja.sedac-ma.com.br\/index.php\/wp-json\/wp\/v2\/media?parent=731"}],"wp:term":[{"taxonomy":"product_brand","embeddable":true,"href":"https:\/\/loja.sedac-ma.com.br\/index.php\/wp-json\/wp\/v2\/product_brand?post=731"},{"taxonomy":"product_cat","embeddable":true,"href":"https:\/\/loja.sedac-ma.com.br\/index.php\/wp-json\/wp\/v2\/product_cat?post=731"},{"taxonomy":"product_tag","embeddable":true,"href":"https:\/\/loja.sedac-ma.com.br\/index.php\/wp-json\/wp\/v2\/product_tag?post=731"}],"curies":[{"name":"wp","href":"https:\/\/api.w.org\/{rel}","templated":true}]}}