{"id":769,"date":"2022-10-04T09:51:14","date_gmt":"2022-10-04T12:51:14","guid":{"rendered":"https:\/\/loja.sedac-ma.com.br\/?post_type=product&#038;p=769"},"modified":"2024-01-11T12:05:06","modified_gmt":"2024-01-11T15:05:06","slug":"kit-de-evangelizacao-criativa-tematica-vem-brilhar-com-jesus","status":"publish","type":"product","link":"https:\/\/loja.sedac-ma.com.br\/index.php\/produto\/kit-de-evangelizacao-criativa-tematica-vem-brilhar-com-jesus\/","title":{"rendered":"Kit de Evangeliza\u00e7\u00e3o Criativa Tem\u00e1tica &#8211; Vem Brilhar com Jesus!"},"content":{"rendered":"<p>Este \u00e9 um excelente material para uma campanha evangel\u00edstica com crian\u00e7as e pr\u00e9-adolescente a partir do tema: Vem Brilhar com Jesus!<br \/>\nTrata-se de um rico material que ensinar todos os passos da evangeliza\u00e7\u00e3o, bem como ajudar\u00e1 as crian\u00e7as a elaborarem seus pr\u00f3prios serm\u00f5es b\u00edblicos a partir dos estudos b\u00edblicos contidos no material do aluno.<\/p>\n<p class=\"font_8\">Um salmista an\u00f4nimo escreveu:\u00a0<span class=\"color_29\">\u201cA tua palavra \u00e9 l\u00e2mpada que ilumina os meus passos e luz que clareia o meu caminho.\u201d\u00a0<\/span>(Salmo 119.105), ou seja, ela n\u00e3o apenas nos informa a vontade de Deus, ela nos guia no caminho para sua vontade. Portanto, s\u00f3 podemos conhecer a vontade de Deus e fazer o que lhe agrada, se a Sua Palavra, o Evangelho, estiver na nossa mente e no nosso cora\u00e7\u00e3o.<\/p>\n<p class=\"font_8\">Nossa fun\u00e7\u00e3o como disc\u00edpulos \u00e9 brilhar; e brilhar \u00e9 pregar a palavra de Deus, \u00e9 evangelizar, \u00e9 dar testemunho de sua salva\u00e7\u00e3o!<\/p>\n<p class=\"font_8\">Quando Jesus \u2013 a verdadeira luz chegou, muitos n\u00e3o o reconheceram, n\u00e3o admitiram que Ele era o enviado de Deus, a luz dos homens, e o rejeitaram.<\/p>\n<p class=\"font_8\">Jesus foi rejeitado por seus irm\u00e3os e conterr\u00e2neos em Nazar\u00e9 (Lucas 4.16-30), tamb\u00e9m n\u00e3o foi aceito pelos sacerdotes do templo de Jerusal\u00e9m, nem pelo Sin\u00e9drio (Jo\u00e3o 46-50), pois foram eles mesmos que tramaram contra Jesus entregando-o ao imp\u00e9rio romano para mat\u00e1-lo. Por\u00e9m, isso n\u00e3o mudou a natureza de Jesus nem impediu que sua miss\u00e3o na terra se cumprisse, pois as trevas n\u00e3o t\u00eam nenhum poder contra a luz, tudo que as trevas podem fazer diante da luz \u00e9 fugir! (Jo\u00e3o 1.1-12).<\/p>\n","protected":false},"excerpt":{"rendered":"<p>Kit de Evangeliza\u00e7\u00e3o Criativa Tem\u00e1tica &#8211; Vem Brilhar com Jesus!<\/p>\n<p>Itens do kit:<br \/>\n&#8211; Livro do Coordenador: 01(14,6cmx21cm)<br \/>\n&#8211; Livro do Aluno: 10(14,6cmx21cm)<br \/>\n&#8211; Manual de Ora\u00e7\u00e3o: 01(14,6cmx21cm)<br \/>\n&#8211; Folhetos: 100(21cmx15cm)<br \/>\n&#8211; Cart\u00e3o de ora\u00e7\u00e3o: 10(10,2cmx15cm)<br \/>\n&#8211; Cart\u00e3o Bem Vindos: 10(15cmx10,2cm)<br \/>\n&#8211; CD de recursos imprim\u00edveis: 01<\/p>\n","protected":false},"featured_media":639,"comment_status":"open","ping_status":"closed","template":"","meta":{"_monsterinsights_skip_tracking":false,"_monsterinsights_sitenote_active":false,"_monsterinsights_sitenote_note":"","_monsterinsights_sitenote_category":0},"product_brand":[],"product_cat":[20],"product_tag":[],"class_list":{"0":"post-769","1":"product","2":"type-product","3":"status-publish","4":"has-post-thumbnail","6":"product_cat-evangelizacao","8":"first","9":"onbackorder","10":"sale","11":"taxable","12":"shipping-taxable","13":"purchasable","14":"product-type-simple"},"aioseo_notices":[],"jetpack_sharing_enabled":true,"_links":{"self":[{"href":"https:\/\/loja.sedac-ma.com.br\/index.php\/wp-json\/wp\/v2\/product\/769","targetHints":{"allow":["GET"]}}],"collection":[{"href":"https:\/\/loja.sedac-ma.com.br\/index.php\/wp-json\/wp\/v2\/product"}],"about":[{"href":"https:\/\/loja.sedac-ma.com.br\/index.php\/wp-json\/wp\/v2\/types\/product"}],"replies":[{"embeddable":true,"href":"https:\/\/loja.sedac-ma.com.br\/index.php\/wp-json\/wp\/v2\/comments?post=769"}],"version-history":[{"count":0,"href":"https:\/\/loja.sedac-ma.com.br\/index.php\/wp-json\/wp\/v2\/product\/769\/revisions"}],"wp:featuredmedia":[{"embeddable":true,"href":"https:\/\/loja.sedac-ma.com.br\/index.php\/wp-json\/wp\/v2\/media\/639"}],"wp:attachment":[{"href":"https:\/\/loja.sedac-ma.com.br\/index.php\/wp-json\/wp\/v2\/media?parent=769"}],"wp:term":[{"taxonomy":"product_brand","embeddable":true,"href":"https:\/\/loja.sedac-ma.com.br\/index.php\/wp-json\/wp\/v2\/product_brand?post=769"},{"taxonomy":"product_cat","embeddable":true,"href":"https:\/\/loja.sedac-ma.com.br\/index.php\/wp-json\/wp\/v2\/product_cat?post=769"},{"taxonomy":"product_tag","embeddable":true,"href":"https:\/\/loja.sedac-ma.com.br\/index.php\/wp-json\/wp\/v2\/product_tag?post=769"}],"curies":[{"name":"wp","href":"https:\/\/api.w.org\/{rel}","templated":true}]}}