{"id":770,"date":"2022-10-04T10:09:00","date_gmt":"2022-10-04T13:09:00","guid":{"rendered":"https:\/\/loja.sedac-ma.com.br\/?post_type=product&#038;p=770"},"modified":"2025-08-12T14:58:01","modified_gmt":"2025-08-12T17:58:01","slug":"kit-de-evangelizacao-criativa-tematica-escolha-jesus-como-seu-amigo","status":"publish","type":"product","link":"https:\/\/loja.sedac-ma.com.br\/index.php\/produto\/kit-de-evangelizacao-criativa-tematica-escolha-jesus-como-seu-amigo\/","title":{"rendered":"Kit de Evangeliza\u00e7\u00e3o Criativa Tem\u00e1tica &#8211; Escolha Jesus como seu Amigo!"},"content":{"rendered":"<p>Este \u00e9 um excelente material para uma campanha evangel\u00edstica com crian\u00e7as e pr\u00e9-adolescente a partir do tema: Escolha Jesus como seu Amigo!<br \/>\nTrata-se de um rico material que ensinar todos os passos da evangeliza\u00e7\u00e3o, bem como ajudar\u00e1 as crian\u00e7as a elaborarem seus pr\u00f3prios serm\u00f5es b\u00edblicos a partir dos estudos b\u00edblicos contidos no material do aluno e aux\u00edlio do\u00a0 pai, m\u00e3e, respons\u00e1vel ou professor.<\/p>\n<p class=\"font_8\">\u201cProvem, e vejam como o Senhor \u00e9 bom. Como \u00e9 feliz o homem que nele se refugia!\u201d\u00a0(Salmos 34.8).<\/p>\n<p class=\"font_8\"><span class=\"color_29\">Jesus \u00e9 o amigo que muda nossa hist\u00f3ria!<\/span>\u00a0N\u00e3o importa quantas trag\u00e9dias, decep\u00e7\u00f5es e desilus\u00f5es tenhamos vivido \u2013 Ele tem poder para escrever uma hist\u00f3ria feliz, se a crian\u00e7a e o pr\u00e9-adolescente entregar sua vida nas m\u00e3os dele e o seguir fielmente!<\/p>\n<p class=\"font_8\"><span class=\"color_29\">Jesus \u00e9 o amigo que nos protege!\u00a0<\/span>N\u00e3o importa se o inimigo \u00e9 poderoso e tem muitos aliados \u2013 Ele \u00e9 o general de guerra que n\u00e3o possui derrotas em seu curr\u00edculo. Ele diz em Sua Palavra: \u201cMil poder\u00e3o cair ao seu lado, dez mil \u00e0 sua direita, mas nada o atingir\u00e1. Voc\u00ea simplesmente olhar\u00e1, e ver\u00e1 o castigo dos \u00edmpios. Se voc\u00ea fizer do Alt\u00edssimo o seu ref\u00fagio, nenhum mal o atingir\u00e1, desgra\u00e7a alguma chegar\u00e1 \u00e0 sua tenda. (Salmos 91.7-10).<\/p>\n<p class=\"font_8\"><span class=\"color_29\">Jesus \u00e9 o amigo que nos mostra o caminho para o c\u00e9u!\u00a0<\/span>A amizade de Jesus para conosco n\u00e3o acaba quando a vida termina \u2013 \u00e9 eterna! Jo\u00e3o viu sua vida transformada pela presen\u00e7a de Jesus. Ele ouviu sobre o Reino de Deus, viu mortos voltando \u00e0 vida, paral\u00edticos voltando a andar, leprosos ficarem curados, vidas serem transformadas pelo contagiante amor de Jesus, mas, nada disso teria sentido se acabasse com a morte de Jesus no calv\u00e1rio.<\/p>\n<p class=\"font_8\">Jesus \u00e9 o caminho para o c\u00e9u porque Ele ressuscitou! Jesus est\u00e1 vivo e agora est\u00e1 \u00e0 direita de Deus esperando o momento de voltar para vir nos buscar. Esta certeza alegra nosso cora\u00e7\u00e3o diante das frustra\u00e7\u00f5es, das perdas, das decep\u00e7\u00f5es \u2013 nossa morada n\u00e3o \u00e9 aqui, nosso lugar \u00e9 no c\u00e9u, e foi nosso amigo-salvador que nos deu acesso a esse lugar de paz e alegria!<\/p>\n","protected":false},"excerpt":{"rendered":"<p>Kit de Evangeliza\u00e7\u00e3o Criativa Tem\u00e1tica &#8211; Escolha Jesus como seu Amigo!<\/p>\n<p>Itens do kit:<br \/>\n&#8211; Livro do Coordenador: 01(14,6cmx21cm)<br \/>\n&#8211; Livro do Aluno: 10(14,6cmx21cm)<br \/>\n&#8211; Manual de Ora\u00e7\u00e3o: 01(14,6cmx21cm)<br \/>\n&#8211; Folhetos: 100(21cmx15cm)<br \/>\n&#8211; Cart\u00e3o de ora\u00e7\u00e3o: 10(10,2cmx15cm)<br \/>\n&#8211; Cart\u00e3o Bem Vindos: 10(15cmx10,2cm)<br \/>\n&#8211; CD de recursos imprim\u00edveis: 01<\/p>\n","protected":false},"featured_media":641,"comment_status":"open","ping_status":"closed","template":"","meta":{"_monsterinsights_skip_tracking":false,"_monsterinsights_sitenote_active":false,"_monsterinsights_sitenote_note":"","_monsterinsights_sitenote_category":0},"product_brand":[],"product_cat":[20],"product_tag":[],"class_list":{"0":"post-770","1":"product","2":"type-product","3":"status-publish","4":"has-post-thumbnail","6":"product_cat-evangelizacao","8":"first","9":"onbackorder","10":"sale","11":"taxable","12":"shipping-taxable","13":"purchasable","14":"product-type-simple"},"aioseo_notices":[],"jetpack_sharing_enabled":true,"_links":{"self":[{"href":"https:\/\/loja.sedac-ma.com.br\/index.php\/wp-json\/wp\/v2\/product\/770","targetHints":{"allow":["GET"]}}],"collection":[{"href":"https:\/\/loja.sedac-ma.com.br\/index.php\/wp-json\/wp\/v2\/product"}],"about":[{"href":"https:\/\/loja.sedac-ma.com.br\/index.php\/wp-json\/wp\/v2\/types\/product"}],"replies":[{"embeddable":true,"href":"https:\/\/loja.sedac-ma.com.br\/index.php\/wp-json\/wp\/v2\/comments?post=770"}],"version-history":[{"count":0,"href":"https:\/\/loja.sedac-ma.com.br\/index.php\/wp-json\/wp\/v2\/product\/770\/revisions"}],"wp:featuredmedia":[{"embeddable":true,"href":"https:\/\/loja.sedac-ma.com.br\/index.php\/wp-json\/wp\/v2\/media\/641"}],"wp:attachment":[{"href":"https:\/\/loja.sedac-ma.com.br\/index.php\/wp-json\/wp\/v2\/media?parent=770"}],"wp:term":[{"taxonomy":"product_brand","embeddable":true,"href":"https:\/\/loja.sedac-ma.com.br\/index.php\/wp-json\/wp\/v2\/product_brand?post=770"},{"taxonomy":"product_cat","embeddable":true,"href":"https:\/\/loja.sedac-ma.com.br\/index.php\/wp-json\/wp\/v2\/product_cat?post=770"},{"taxonomy":"product_tag","embeddable":true,"href":"https:\/\/loja.sedac-ma.com.br\/index.php\/wp-json\/wp\/v2\/product_tag?post=770"}],"curies":[{"name":"wp","href":"https:\/\/api.w.org\/{rel}","templated":true}]}}