{"id":78,"date":"2022-03-28T01:38:52","date_gmt":"2022-03-28T04:38:52","guid":{"rendered":"https:\/\/loja.sedac-ma.com.br\/?post_type=product&#038;p=78"},"modified":"2025-08-27T21:28:16","modified_gmt":"2025-08-28T00:28:16","slug":"cd-fisico-um-por-todos-e-todos-por-um","status":"publish","type":"product","link":"https:\/\/loja.sedac-ma.com.br\/index.php\/produto\/cd-fisico-um-por-todos-e-todos-por-um\/","title":{"rendered":"CD F\u00edsico &#8211; Um por Todos e Todos por um"},"content":{"rendered":"<p>Este CD cont\u00e9m 11 m\u00fasicas in\u00e9ditas de composi\u00e7\u00e3o da Mission\u00e1ria Suely Lima Chaves, este CD faz parte do EBF -Escola B\u00edblica de F\u00e9rias. O CD \u00e9 uma homenagem a Israel \u2013 a na\u00e7\u00e3o escolhida por Deus! As melodias de suas m\u00fasicas s\u00e3o baseadas na m\u00fasica hebraica antiga e contempor\u00e2nea e levar\u00e3o voc\u00ea a atmosfera da adora\u00e7\u00e3o da Terra Santa.<br \/>\nO CD que agora colocamos a sua disposi\u00e7\u00e3o \u00e9 o resultado do trabalho de discipulado e mentoria realizado no \u00e2mbito das Assembleias de Deus no estado do Maranh\u00e3o. As crian\u00e7as que participaram de sua grava\u00e7\u00e3o, foram selecionadas a partir do concurso Musical \u201cPequenos Disc\u00edpulos\u201d, edi\u00e7\u00e3o 2019.<\/p>\n<p>M\u00fasicas deste CD:<\/p>\n<p>1 \u2013 Um por todos<br \/>\n2 \u2013 Hevenu Shalon<br \/>\n3 \u2013 Clamor ao libertador<br \/>\n4 \u2013 Louvem pequeninos!<br \/>\n5 \u2013 Palavra Poderosa<br \/>\n6 \u2013 Boas Novas<br \/>\n7- Adonai<br \/>\n8 \u2013 Cantem, cantem!<br \/>\n9 \u2013 Deus \u00e9 o meu general!<br \/>\n10 \u2013 Vem morar<br \/>\n11 \u2013 Ex\u00e9rcito de Jesus<\/p>\n","protected":false},"excerpt":{"rendered":"<p><strong>CD EBF (2019) \u2013 Um por todos e todos por um + PlayBack<\/strong><\/p>\n<p>Acabamento: Brochura<br \/>\nAutor: Suely Lima<br \/>\nIdioma: Portugu\u00eas<\/p>\n<p>&nbsp;<\/p>\n","protected":false},"featured_media":79,"comment_status":"open","ping_status":"closed","template":"","meta":{"_monsterinsights_skip_tracking":false,"_monsterinsights_sitenote_active":false,"_monsterinsights_sitenote_note":"","_monsterinsights_sitenote_category":0},"product_brand":[],"product_cat":[19,25],"product_tag":[],"class_list":{"0":"post-78","1":"product","2":"type-product","3":"status-publish","4":"has-post-thumbnail","6":"product_cat-ebf","7":"product_cat-musicas","9":"first","10":"onbackorder","11":"taxable","12":"shipping-taxable","13":"purchasable","14":"product-type-simple"},"aioseo_notices":[],"jetpack_sharing_enabled":true,"_links":{"self":[{"href":"https:\/\/loja.sedac-ma.com.br\/index.php\/wp-json\/wp\/v2\/product\/78","targetHints":{"allow":["GET"]}}],"collection":[{"href":"https:\/\/loja.sedac-ma.com.br\/index.php\/wp-json\/wp\/v2\/product"}],"about":[{"href":"https:\/\/loja.sedac-ma.com.br\/index.php\/wp-json\/wp\/v2\/types\/product"}],"replies":[{"embeddable":true,"href":"https:\/\/loja.sedac-ma.com.br\/index.php\/wp-json\/wp\/v2\/comments?post=78"}],"version-history":[{"count":0,"href":"https:\/\/loja.sedac-ma.com.br\/index.php\/wp-json\/wp\/v2\/product\/78\/revisions"}],"wp:featuredmedia":[{"embeddable":true,"href":"https:\/\/loja.sedac-ma.com.br\/index.php\/wp-json\/wp\/v2\/media\/79"}],"wp:attachment":[{"href":"https:\/\/loja.sedac-ma.com.br\/index.php\/wp-json\/wp\/v2\/media?parent=78"}],"wp:term":[{"taxonomy":"product_brand","embeddable":true,"href":"https:\/\/loja.sedac-ma.com.br\/index.php\/wp-json\/wp\/v2\/product_brand?post=78"},{"taxonomy":"product_cat","embeddable":true,"href":"https:\/\/loja.sedac-ma.com.br\/index.php\/wp-json\/wp\/v2\/product_cat?post=78"},{"taxonomy":"product_tag","embeddable":true,"href":"https:\/\/loja.sedac-ma.com.br\/index.php\/wp-json\/wp\/v2\/product_tag?post=78"}],"curies":[{"name":"wp","href":"https:\/\/api.w.org\/{rel}","templated":true}]}}