{"id":826,"date":"2022-10-04T20:43:28","date_gmt":"2022-10-04T23:43:28","guid":{"rendered":"https:\/\/loja.sedac-ma.com.br\/?post_type=product&#038;p=826"},"modified":"2025-08-27T21:30:13","modified_gmt":"2025-08-28T00:30:13","slug":"folheto-um-presente-para-deusazul-100-unidades","status":"publish","type":"product","link":"https:\/\/loja.sedac-ma.com.br\/index.php\/produto\/folheto-um-presente-para-deusazul-100-unidades\/","title":{"rendered":"Folheto Um Presente para Deus(azul) \u2013 100 unidades"},"content":{"rendered":"<p><strong>Folheto Um Presente para Deus(azul) \u2013 100 unidades.<\/strong><\/p>\n<p>Folheto Evangel\u00edstico Infantojuvenil: Um Presente de Deus.<br \/>\nUm excelente material para a evangeliza\u00e7\u00e3o de crian\u00e7as e pr\u00e9-adolescente.<\/p>\n<p>Um material que n\u00e3o pode faltar na evangeliza\u00e7\u00e3o dos\u00a0 pequeninos!<\/p>\n<p>Conhe\u00e7a todos os nossos folhetos!<\/p>\n<p><strong>\u00a0<\/strong><\/p>\n","protected":false},"excerpt":{"rendered":"<p><strong>Folheto Um Presente para Deus(azul) \u2013 100 unidades.<\/strong><\/p>\n<p>Quantidade: 100 unidades.<br \/>\nCor: Azul.<br \/>\nT\u00edtulo do folheto: Um presenta para Deus.<br \/>\nTamanho: 21cm x 15cm.<\/p>\n","protected":false},"featured_media":197,"comment_status":"open","ping_status":"closed","template":"","meta":{"_monsterinsights_skip_tracking":false,"_monsterinsights_sitenote_active":false,"_monsterinsights_sitenote_note":"","_monsterinsights_sitenote_category":0},"product_brand":[],"product_cat":[20],"product_tag":[],"class_list":{"0":"post-826","1":"product","2":"type-product","3":"status-publish","4":"has-post-thumbnail","6":"product_cat-evangelizacao","8":"first","9":"onbackorder","10":"taxable","11":"shipping-taxable","12":"purchasable","13":"product-type-simple"},"aioseo_notices":[],"jetpack_sharing_enabled":true,"_links":{"self":[{"href":"https:\/\/loja.sedac-ma.com.br\/index.php\/wp-json\/wp\/v2\/product\/826","targetHints":{"allow":["GET"]}}],"collection":[{"href":"https:\/\/loja.sedac-ma.com.br\/index.php\/wp-json\/wp\/v2\/product"}],"about":[{"href":"https:\/\/loja.sedac-ma.com.br\/index.php\/wp-json\/wp\/v2\/types\/product"}],"replies":[{"embeddable":true,"href":"https:\/\/loja.sedac-ma.com.br\/index.php\/wp-json\/wp\/v2\/comments?post=826"}],"version-history":[{"count":1,"href":"https:\/\/loja.sedac-ma.com.br\/index.php\/wp-json\/wp\/v2\/product\/826\/revisions"}],"predecessor-version":[{"id":7225,"href":"https:\/\/loja.sedac-ma.com.br\/index.php\/wp-json\/wp\/v2\/product\/826\/revisions\/7225"}],"wp:featuredmedia":[{"embeddable":true,"href":"https:\/\/loja.sedac-ma.com.br\/index.php\/wp-json\/wp\/v2\/media\/197"}],"wp:attachment":[{"href":"https:\/\/loja.sedac-ma.com.br\/index.php\/wp-json\/wp\/v2\/media?parent=826"}],"wp:term":[{"taxonomy":"product_brand","embeddable":true,"href":"https:\/\/loja.sedac-ma.com.br\/index.php\/wp-json\/wp\/v2\/product_brand?post=826"},{"taxonomy":"product_cat","embeddable":true,"href":"https:\/\/loja.sedac-ma.com.br\/index.php\/wp-json\/wp\/v2\/product_cat?post=826"},{"taxonomy":"product_tag","embeddable":true,"href":"https:\/\/loja.sedac-ma.com.br\/index.php\/wp-json\/wp\/v2\/product_tag?post=826"}],"curies":[{"name":"wp","href":"https:\/\/api.w.org\/{rel}","templated":true}]}}