{"id":97,"date":"2022-03-28T10:09:31","date_gmt":"2022-03-28T13:09:31","guid":{"rendered":"https:\/\/loja.sedac-ma.com.br\/?post_type=product&#038;p=97"},"modified":"2025-08-12T14:58:22","modified_gmt":"2025-08-12T17:58:22","slug":"kit-ebf-um-por-todos-e-todos-por-um","status":"publish","type":"product","link":"https:\/\/loja.sedac-ma.com.br\/index.php\/produto\/kit-ebf-um-por-todos-e-todos-por-um\/","title":{"rendered":"Kit EBF &#8211; Um por Todos e Todos por Um"},"content":{"rendered":"<div id=\"comp-kndrbjzu\" class=\"_1Q9if _3bcaz\" data-testid=\"richTextElement\">\n<p class=\"font_8\">A Escola B\u00edblica de F\u00e9rias \u2013 EBF \u00e9 uma grande estrat\u00e9gia de evangeliza\u00e7\u00e3o, assim como \u00e9 uma grande oportunidade para capacitar e envolver os novos componentes \u00e0 equipe de volunt\u00e1rios para os departamentos infantil e juvenil.<\/p>\n<\/div>\n<div id=\"comp-kndrdp7t\" class=\"_1Q9if _3bcaz\" data-testid=\"richTextElement\">\n<p class=\"font_8\">A EBF \u00e9 uma grande estrat\u00e9gia de evangeliza\u00e7\u00e3o porque:<\/p>\n<\/div>\n<div id=\"comp-kndrejz4\" class=\"_1Q9if _3bcaz\" data-testid=\"richTextElement\">\n<ol class=\"font_8 color_15\">\n<li>\n<p class=\"font_8\"><span class=\"color_15\">Alcan\u00e7a crian\u00e7as da vizinhan\u00e7a da igreja, que possivelmente n\u00e3o iriam \u00e0 igreja em outros eventos;<\/span><\/p>\n<\/li>\n<li>\n<p class=\"font_8\"><span class=\"color_15\">Evangeliza de forma sistem\u00e1tica;<\/span><\/p>\n<\/li>\n<li>\n<p class=\"font_8\"><span class=\"color_15\">Atrai a simpatia da comunidade;<\/span><\/p>\n<\/li>\n<li>\n<p class=\"font_8\"><span class=\"color_15\">Chega \u00e0s fam\u00edlias das crian\u00e7as para que tamb\u00e9m ou\u00e7am o evangelho;<\/span><\/p>\n<\/li>\n<li>\n<p class=\"font_8\"><span class=\"color_15\">D\u00e1 oportunidade de trabalho no servi\u00e7o do mestre em v\u00e1rias \u00e1reas;<\/span><\/p>\n<\/li>\n<li>\n<p class=\"font_8\"><span class=\"color_15\">Qualifica novos professores;<\/span><\/p>\n<\/li>\n<li>\n<p class=\"font_8\"><span class=\"color_15\">Integra diversos segmentos \u00e0 obra mission\u00e1ria;<\/span><\/p>\n<\/li>\n<li>\n<p class=\"font_8\"><span class=\"color_15\">Integra as crian\u00e7as e pr\u00e9-adolescentes na obra de Deus.<br \/>\n<\/span>Sendo a EBF uma estrat\u00e9gia de evangeliza\u00e7\u00e3o \u00e9 imprescind\u00edvel que a igreja esteja pronta para receber os frutos desse trabalho, com uma equipe de visita\u00e7\u00e3o e uma classe de discipulado, por exemplo. Podemos ent\u00e3o dizer que a EBF acontece nas f\u00e9rias, mas se estende por todo o ano.<br \/>\n<strong>Na EBF Um por Todos e Todos por Um, estudaremos sobre:<\/strong><br \/>\n&#8211; Josu\u00e9<br \/>\n&#8211; D\u00e9bora<br \/>\n&#8211; Gide\u00e3o<\/p>\n<\/li>\n<\/ol>\n<\/div>\n","protected":false},"excerpt":{"rendered":"<p><strong>Kit EBF &#8211; Um por Todos e Todos por Um.<\/strong><\/p>\n<p>Autor: Suely Lima<br \/>\nIdioma: Portugu\u00eas<br \/>\nEdi\u00e7\u00e3o: 2019<\/p>\n<p>Materiais do Kit:<br \/>\n01 Livro Diretor do Professor 21,5cm X 31cm\/40 p\u00e1ginas\/108g.<br \/>\n01 Livro da Hist\u00f3ria Mission\u00e1ria: Nels Nelson \u2013 Boas Novas para as Ilhas &#8211; 22cmx31cm \/ 24 p\u00e1ginas\/ 72g<br \/>\n10 Visuais Grandes da Hist\u00f3ria Mission\u00e1ria 32cm x 46cm\/318g<br \/>\n01 CD com M\u00fasicas In\u00e9ditas e Playbacks + apresenta\u00e7\u00f5es em PowerPoint com os\u00a0 modelos e moldes imprim\u00edveis\/21cm x 14,9cm\/35g.<br \/>\n01 CD com recursos imprim\u00edveis 21cm x 14,9cm\/35g.<br \/>\n01 Livr\u00e3o Gigante de Louvores e Vers\u00edculos das Hist\u00f3rias B\u00edblicas 46cm x 65,5cm\/239g.<br \/>\n26 Visuais Gigantes das Hist\u00f3rias B\u00edblicas(cada hist\u00f3ria b\u00edblica possui 05 visuais) 46cm x 64cm\/1.193Kg.<\/p>\n<p>&nbsp;<\/p>\n","protected":false},"featured_media":98,"comment_status":"open","ping_status":"closed","template":"","meta":{"_monsterinsights_skip_tracking":false,"_monsterinsights_sitenote_active":false,"_monsterinsights_sitenote_note":"","_monsterinsights_sitenote_category":0},"product_brand":[],"product_cat":[19,20],"product_tag":[],"class_list":{"0":"post-97","1":"product","2":"type-product","3":"status-publish","4":"has-post-thumbnail","6":"product_cat-ebf","7":"product_cat-evangelizacao","9":"first","10":"onbackorder","11":"sale","12":"taxable","13":"shipping-taxable","14":"purchasable","15":"product-type-simple"},"aioseo_notices":[],"jetpack_sharing_enabled":true,"_links":{"self":[{"href":"https:\/\/loja.sedac-ma.com.br\/index.php\/wp-json\/wp\/v2\/product\/97","targetHints":{"allow":["GET"]}}],"collection":[{"href":"https:\/\/loja.sedac-ma.com.br\/index.php\/wp-json\/wp\/v2\/product"}],"about":[{"href":"https:\/\/loja.sedac-ma.com.br\/index.php\/wp-json\/wp\/v2\/types\/product"}],"replies":[{"embeddable":true,"href":"https:\/\/loja.sedac-ma.com.br\/index.php\/wp-json\/wp\/v2\/comments?post=97"}],"version-history":[{"count":0,"href":"https:\/\/loja.sedac-ma.com.br\/index.php\/wp-json\/wp\/v2\/product\/97\/revisions"}],"wp:featuredmedia":[{"embeddable":true,"href":"https:\/\/loja.sedac-ma.com.br\/index.php\/wp-json\/wp\/v2\/media\/98"}],"wp:attachment":[{"href":"https:\/\/loja.sedac-ma.com.br\/index.php\/wp-json\/wp\/v2\/media?parent=97"}],"wp:term":[{"taxonomy":"product_brand","embeddable":true,"href":"https:\/\/loja.sedac-ma.com.br\/index.php\/wp-json\/wp\/v2\/product_brand?post=97"},{"taxonomy":"product_cat","embeddable":true,"href":"https:\/\/loja.sedac-ma.com.br\/index.php\/wp-json\/wp\/v2\/product_cat?post=97"},{"taxonomy":"product_tag","embeddable":true,"href":"https:\/\/loja.sedac-ma.com.br\/index.php\/wp-json\/wp\/v2\/product_tag?post=97"}],"curies":[{"name":"wp","href":"https:\/\/api.w.org\/{rel}","templated":true}]}}